{"id":1034,"date":"2014-08-05T23:48:36","date_gmt":"2014-08-06T02:48:36","guid":{"rendered":"http:\/\/ongtora.wordpress.com\/?page_id=1034"},"modified":"2024-11-04T18:53:25","modified_gmt":"2024-11-04T18:53:25","slug":"taharat-hamishpacha","status":"publish","type":"page","link":"https:\/\/rabinogloiber.org\/?page_id=1034","title":{"rendered":"Tahar\u00e1 &#8211; solteiras"},"content":{"rendered":"<p style=\"text-align: center;\"><img loading=\"lazy\" decoding=\"async\" class=\"alignnone size-medium wp-image-17118\" src=\"https:\/\/rabinogloiber.org\/wp-content\/uploads\/2023\/03\/IMG-20230320-WA0009-300x169.jpg\" alt=\"\" width=\"300\" height=\"169\" srcset=\"https:\/\/rabinogloiber.org\/wp-content\/uploads\/2023\/03\/IMG-20230320-WA0009-300x169.jpg 300w, https:\/\/rabinogloiber.org\/wp-content\/uploads\/2023\/03\/IMG-20230320-WA0009-1024x576.jpg 1024w, https:\/\/rabinogloiber.org\/wp-content\/uploads\/2023\/03\/IMG-20230320-WA0009-768x432.jpg 768w, https:\/\/rabinogloiber.org\/wp-content\/uploads\/2023\/03\/IMG-20230320-WA0009-1536x864.jpg 1536w, https:\/\/rabinogloiber.org\/wp-content\/uploads\/2023\/03\/IMG-20230320-WA0009-370x208.jpg 370w, https:\/\/rabinogloiber.org\/wp-content\/uploads\/2023\/03\/IMG-20230320-WA0009-1170x658.jpg 1170w, https:\/\/rabinogloiber.org\/wp-content\/uploads\/2023\/03\/IMG-20230320-WA0009-840x474.jpg 840w, https:\/\/rabinogloiber.org\/wp-content\/uploads\/2023\/03\/IMG-20230320-WA0009-760x428.jpg 760w, https:\/\/rabinogloiber.org\/wp-content\/uploads\/2023\/03\/IMG-20230320-WA0009-270x152.jpg 270w, https:\/\/rabinogloiber.org\/wp-content\/uploads\/2023\/03\/IMG-20230320-WA0009.jpg 1600w\" sizes=\"auto, (max-width: 300px) 100vw, 300px\" \/><\/p>\n<p>Como se constr\u00f3i uma fam\u00edlia judaica<\/p>\n<p>Respondendo \u00e0s pergunta das nossas queridas alunas<\/p>\n<p>Minhas filhas estudaram em uma escola judaica de meninas. N\u00e3o precisaram pensar ou falar em meninos at\u00e9 que isso se tornasse um assunto pr\u00e1tico. Ou seja, n\u00e3o \u00e9 saud\u00e1vel ficar pensando em uma coisa que voc\u00ea ainda n\u00e3o pode ter, alimentar fantasias e sofrer por n\u00e3o t\u00ea-las.<\/p>\n<p>Por isso na nossa cultura as meninas n\u00e3o costumam pensar nos meninos enquanto n\u00e3o podem ter um de verdade.<\/p>\n<p>Depois dos dezoito anos (pode ser antes tamb\u00e9m) nosso costume \u00e9 procurar uma Shad&#8217;hanit que \u00e9, assim dizendo, uma corretora de casamentos. Ou seja, n\u00e3o esperamos o noivo cair do c\u00e9u.<\/p>\n<p>A Shad&#8217;hanit (corretora de casamentos) vai procurar nas suas in\u00fameras listas jovens que combinam com o perfil da jovem. Vai apresentar um&#8230; dois&#8230; tr\u00eas &#8230; quatro &#8230;. At\u00e9 dar certo.<\/p>\n<p>A apresenta\u00e7\u00e3o \u00e9 feita de acordo com o que os pais acham que \u00e9 bom para ela .<\/p>\n<p>Eles\u00a0 saem juntos porque confiamos plenamente nos nossos filhos, na educa\u00e7\u00e3o que eles receberam, os pais n\u00e3o v\u00e3o atr\u00e1s para vigiar.<\/p>\n<p>Eles sentam juntos em um lugar p\u00fablico , bebem alguma coisa juntos e conversam abertamente sobre seus sonhos e suas pretens\u00f5es , o que esperam um do outro.<\/p>\n<p>Se a cada vez que sa\u00edrem juntos o amor aumentar, ou ao contr\u00e1rio, se quando eles deixarem de sair juntos eles sentirem falta um do outro \u00e9 o sinal que o amor existe e o casamento vai dar certo. Ent\u00e3o ele pede ela em casamento (mesmo que foi ela que mandou ele pedir!)<\/p>\n<p>A primeira etapa \u00e9 a fam\u00edlia e amigos mais \u00edntimos se reunirem e fazerem uma festinha de noivado na qual os noivos d\u00e3o a sua palavra, se comprometem a casar um com o outro e os pais d\u00e3o a sua palavra que v\u00e3o patrocinar esse casamento em seus m\u00ednimos detalhes.<\/p>\n<p>Geralmente as almas g\u00eameas se encontram dessa maneira . Os pais dos dois lados pagam todas as despesas de tudo que \u00e9 relacionado ao casamento e mant\u00e9m o jovem casal o primeiro ano at\u00e9 eles conseguirem decolar por si s\u00f3.<br \/>\nNa pr\u00e1tica:<\/p>\n<p>Minha primeira filha se encontrou dessa maneira, noivou e casou com um jovem que estudava na Yeshiv\u00e1 de Migdal Haemek. Ele era do Uzbekistan (oy vey) , a m\u00e3e era judia e ele estava em Israel estudando para ser Rabino. Esse era o nosso n\u00edvel de acordo com a Shadchanit (olha como o brasileiro \u00e9 visto fora, at\u00e9 o Uzbekistan j\u00e1 \u00e9 melhor do que n\u00f3s) .<\/p>\n<p>O casamento deu super certo e hoje eles j\u00e1 tem seis crian\u00e7as . O primeiro trabalho dele foi no Colel da Yeshiv\u00e1 por dois anos, depois ele foi para o ex\u00e9rcito (em Israel, muito bem remunerado para soldados casados) e depois do ex\u00e9rcito come\u00e7ou a trabalhar como Sofer (Escriba) e at\u00e9 hoje escreve Sifrei Tor\u00e1 , Livros\u00a0 (Pergaminhos) de Tor\u00e1 .<\/p>\n<p>Ela est\u00e1 muito feliz, ele ajuda ela com as crian\u00e7as e com tudo o que ela precisa. Eles moram no interior de Israel perto da S\u00edria em uma cidadezinha barata onde todo mundo se conhece.<\/p>\n<p>Ele, de acordo com a Shad&#8217;hanit , era o nosso n\u00edvel . (N\u00e3o era o primeiro que foi apresentado para ela mas dele ela gostou e est\u00e1 super feliz) .<br \/>\nMinha segunda filha tentou desse jeito e n\u00e3o conseguiu o que queria. Ent\u00e3o pediu para uma amiga apresentar o jovem cunhado dela , filho de um importante rabino de Israel que estava bem acima do nosso n\u00edvel social e portanto n\u00e3o seria apresentado pela Shadchanit que geralmente procura o m\u00e1ximo de detalhes em comum nos dois lados.<\/p>\n<p>Eles sa\u00edram juntos algumas vezes , se gostaram, resolveram noivar e a\u00ed pediram o consentimento dos pais. Eu fiquei muito feliz e o outro lado &#8230;..tamb\u00e9m concordou&#8230;&#8230;<\/p>\n<p>Hoje eles moram em Kfar Chabad perto de Tel Aviv e j\u00e1 tem tr\u00eas crian\u00e7as. Ele trabalha com o pai e com escolas da regi\u00e3o e est\u00e3o muito felizes.<\/p>\n<p>Esse \u00e9 outro tipo de encontro que pode acontecer, geralmente quando voc\u00ea est\u00e1 passando um Shabat na casa de amigos e etc.<br \/>\nIsso \u00e9 o normal, mas as vezes voc\u00ea acaba conhecendo algu\u00e9m de um jeito diferente, de vez em quando ele \u00e9 divorciado e tem alguns filhos, etc etc etc .<\/p>\n<p>Em todos os casos , eles sendo judeus e guardando Shabat , Kashrut , etc, pode ser j\u00e1 o suficiente para que o casamento seja uma constru\u00e7\u00e3o e n\u00e3o um ringue.<\/p>\n<p>Esse foi o meu caso. Conheci minha esposa na f\u00e1brica de velas Kosher quando estava traduzindo um Dvar Tor\u00e1 para colocar nas caixinhas das velas que iriam ser distribu\u00eddas para meninas judias em escolas de S.Paulo.<\/p>\n<p>Ela j\u00e1 tinha um filho de oito anos , estava come\u00e7ando a guardar Shabat, Kashrut e etc . Eu fui o meu pr\u00f3prio Shadchan! Me apresentei! Sa\u00edmos tr\u00eas vezes e nos apaixonamos , noivamos depois de um m\u00eas e nos casamos depois de tr\u00eas meses .<\/p>\n<p>Nossas m\u00e3es estavam muito felizes ehoje eu sou o queridinho da minha sogra. Isso tamb\u00e9m acontece , mas n\u00e3o \u00e9 o recomendado se apresentar pessoalmente, a princ\u00edpio quando estamos interessados em algu\u00e9m pedimos para uma fam\u00edlia judia religiosa convidar essa pessoa para Shabat junto com voc\u00ea e fazer a apresenta\u00e7\u00e3o.<\/p>\n<p>Contei a minha hist\u00f3ria pessoal porque ela tamb\u00e9m responde a uma pergunta relacionada com esse tema que \u00e9 o fato dos jovens se casarem virgens a princ\u00edpio , mas quando n\u00e3o s\u00e3o virgens ou tamb\u00e9m se j\u00e1 tinham filhos dos namorados n\u00e3o h\u00e1 problema , como vemos nas hist\u00f3rias de grandes Tzadikim como Josu\u00e9 que sucedeu Moshe Rabeinu . Ele era um grande Tzadik , foi um dos principais l\u00edderes do nosso povo e se casou com Rahav que era a prostituta de Jerich\u00f3 que tinha deixado sua vida anterior e se convertido ao juda\u00edsmo .<\/p>\n<p>A Cabala explica que quando as pessoas se casam , um n\u00edvel da Alma do marido chamado Ruach passa para a mulher e vincula ela a ele desvinculando ela do relacionamento anterior.<\/p>\n<p>Isso consta no Sefer Haguilgulim do grande cabalista o Ari ZA&#8221;L, por isso o marido e a mulher se tornam uma pessoa s\u00f3!<\/p>\n<p>&nbsp;<\/p>\n<p style=\"text-align: center;\">\ud83c\udf3b\ud83c\udf3b\ud83c\udf3b\ud83c\udf3b\ud83c\udf3b\ud83c\udf3b\ud83c\udf3b\ud83c\udf3b\ud83c\udf3b\ud83c\udf3b<\/p>\n<p style=\"text-align: center;\"><img loading=\"lazy\" decoding=\"async\" class=\"alignnone size-medium wp-image-17122\" src=\"https:\/\/rabinogloiber.org\/wp-content\/uploads\/2023\/03\/IMG-20230313-WA0015-300x225.jpg\" alt=\"\" width=\"300\" height=\"225\" srcset=\"https:\/\/rabinogloiber.org\/wp-content\/uploads\/2023\/03\/IMG-20230313-WA0015-300x225.jpg 300w, https:\/\/rabinogloiber.org\/wp-content\/uploads\/2023\/03\/IMG-20230313-WA0015-1024x768.jpg 1024w, https:\/\/rabinogloiber.org\/wp-content\/uploads\/2023\/03\/IMG-20230313-WA0015-768x576.jpg 768w, https:\/\/rabinogloiber.org\/wp-content\/uploads\/2023\/03\/IMG-20230313-WA0015-1536x1152.jpg 1536w, https:\/\/rabinogloiber.org\/wp-content\/uploads\/2023\/03\/IMG-20230313-WA0015-370x278.jpg 370w, https:\/\/rabinogloiber.org\/wp-content\/uploads\/2023\/03\/IMG-20230313-WA0015-760x570.jpg 760w, https:\/\/rabinogloiber.org\/wp-content\/uploads\/2023\/03\/IMG-20230313-WA0015.jpg 1600w\" sizes=\"auto, (max-width: 300px) 100vw, 300px\" \/><\/p>\n<p style=\"text-align: center;\"><strong>Caminhe recatadamente com seu D&#8217;us\u201d<\/strong><\/p>\n<p>Mic\u00e1 6:8<\/p>\n<p>Um elemento b\u00e1sico da vida judaica \u00e9 o recato. Na maneira em que caminhamos pela rua, na maneira que interagimos com os outros, e na maneira como nos vestimos. Como filhos de D&#8217;us, devemos agir e parecer algu\u00e9m que se conduz com dignidade e recato.<\/p>\n<p>Os par\u00e2metros exatos da exig\u00eancia de se vestir recatadamente dependem do tempo e lugar. Mas a ideia b\u00e1sica para homens e mulheres \u00e9 usar roupas com auto-respeito, roupas que n\u00e3o diminuam a pessoa por dentro acentuando por fora o corpo como se, em vez da alma e seu car\u00e1ter e qualidades, seja o elemento b\u00e1sico da personalidade.<\/p>\n<p>Quando nos abstemos de atrair aten\u00e7\u00e3o para nosso exterior, nosso \u00e2mago humano, o esp\u00edrito Divino dentro de cada um de n\u00f3s, pode brilhar sem ser ofuscado. O recato no vestir e no comportamento nos permite interagir com o mundo em maneiras realmente poderosas, quando nosso ser interior vem \u00e0 tona.<\/p>\n<p>Assim o recato n\u00e3o significa uma nega\u00e7\u00e3o de si mesmo, nem nos for\u00e7a a nos esconder. Mas sim, cria uma \u00e1rea privada, um espa\u00e7o dignificado no qual podemos trabalhar para exceder, sem preocupa\u00e7\u00e3o com julgamento e aprova\u00e7\u00e3o externa.<\/p>\n<p>E mesmo quando estamos sozinhos, no local mais privado, devemos tamb\u00e9m estar vestidos adequadamente, pois n\u00e3o h\u00e1 local onde D&#8217;us n\u00e3o esteja presente.<\/p>\n<p>\u05dc\u05d0 \u05ea\u05dd \u05d5\u05dc\u05d0 \u05e0\u05e9\u05dc\u05dd<\/p>\n","protected":false},"excerpt":{"rendered":"<p>Como se constr\u00f3i uma fam\u00edlia judaica Respondendo \u00e0s pergunta das nossas queridas alunas Minhas filhas estudaram em uma escola judaica de meninas. N\u00e3o precisaram pensar ou falar em meninos at\u00e9 que isso se tornasse um assunto pr\u00e1tico.&hellip;<\/p>\n","protected":false},"author":4,"featured_media":0,"parent":0,"menu_order":0,"comment_status":"open","ping_status":"open","template":"","meta":{"give_campaign_id":0,"footnotes":""},"class_list":["post-1034","page","type-page","status-publish","hentry"],"campaignId":"","_hostinger_reach_plugin_has_subscription_block":false,"_hostinger_reach_plugin_is_elementor":false,"_links":{"self":[{"href":"https:\/\/rabinogloiber.org\/index.php?rest_route=\/wp\/v2\/pages\/1034","targetHints":{"allow":["GET"]}}],"collection":[{"href":"https:\/\/rabinogloiber.org\/index.php?rest_route=\/wp\/v2\/pages"}],"about":[{"href":"https:\/\/rabinogloiber.org\/index.php?rest_route=\/wp\/v2\/types\/page"}],"author":[{"embeddable":true,"href":"https:\/\/rabinogloiber.org\/index.php?rest_route=\/wp\/v2\/users\/4"}],"replies":[{"embeddable":true,"href":"https:\/\/rabinogloiber.org\/index.php?rest_route=%2Fwp%2Fv2%2Fcomments&post=1034"}],"version-history":[{"count":4,"href":"https:\/\/rabinogloiber.org\/index.php?rest_route=\/wp\/v2\/pages\/1034\/revisions"}],"predecessor-version":[{"id":20604,"href":"https:\/\/rabinogloiber.org\/index.php?rest_route=\/wp\/v2\/pages\/1034\/revisions\/20604"}],"wp:attachment":[{"href":"https:\/\/rabinogloiber.org\/index.php?rest_route=%2Fwp%2Fv2%2Fmedia&parent=1034"}],"curies":[{"name":"wp","href":"https:\/\/api.w.org\/{rel}","templated":true}]}}