{"id":13237,"date":"2013-06-14T14:01:00","date_gmt":"2013-06-14T14:01:00","guid":{"rendered":"https:\/\/ongtora.wordpress.com\/?page_id=173"},"modified":"2024-06-25T15:44:10","modified_gmt":"2024-06-25T15:44:10","slug":"yom-tov","status":"publish","type":"page","link":"https:\/\/rabinogloiber.org\/?page_id=13237","title":{"rendered":"Yom Tov"},"content":{"rendered":"<p style=\"text-align: center;\"><strong>Yom Tov\u00a0<\/strong><\/p>\n<p>As festas judaicas descritas na Tor\u00e1 s\u00e3o chamadas de Yom Tov. Essas festas s\u00e3o:<\/p>\n<p>Pessa&#8217;h<\/p>\n<p>Shavuot<\/p>\n<p>Sucot<\/p>\n<p>Rosh Hashan\u00e1<\/p>\n<p>Elas sempre come\u00e7am ao por do sol que \u00e9 quando o \u201cdia\u201d judaico come\u00e7a, e terminam com a sa\u00edda das estrelas do outro dia, que \u00e9 quando o dia judaico termina.<\/p>\n<p>Rosh Hashan\u00e1 s\u00e3o dois dias tanto em Israel quanto fora de Israel.<\/p>\n<p>Em Pessa&#8217;h, o primeiro e o \u00faltimo dia em Israel s\u00e3o Yom Tov, fora de Israel acrescentamos mais um dia de Yom Tov no come\u00e7o e no final de Pessa&#8217;h<\/p>\n<p>Em Sukot, o primeiro e o \u00faltimo dia s\u00e3o Yom Tov em Israel, fora de Israel acrescentamos mais um dia de Yom Tov no come\u00e7o e no final da festa.<\/p>\n<p>A diferen\u00e7a entre os \u00faltimos dias de Pessa&#8217;h e os \u00faltimos dias de Sukot \u00e9 que os \u00faltimos dias de Pessa&#8217;h s\u00e3o Yom Tov de Pessa&#8217;h, e os \u00faltimos dias de Sukot s\u00e3o chamados de Shemin\u00ed Atzeret e Sim&#8217;hat Tor\u00e1 e s\u00e3o dois dias de Yom Tov que acontecem no final da festa de Sukot mas que j\u00e1 n\u00e3o fazem parte da festa de Sukot, e por isso nesses \u00faltimos dias de Yom Tov j\u00e1 n\u00e3o comemos na Suk\u00e1 e nem fazemos a ben\u00e7\u00e3o sobre os Arbaat HaMinim<\/p>\n<p>As proibi\u00e7\u00f5es de trabalho no Yom Tov s\u00e3o iguais \u00e0s proibi\u00e7\u00f5es de trabalho no Shabat com exce\u00e7\u00e3o de tr\u00eas categorias de trabalho que s\u00e3o proibidos no Shabat mas s\u00e3o permitidos no Yom Tov<\/p>\n<p style=\"text-align: center;\"><strong>O que \u00e9 permitido e o que \u00e9 proibido fazer em Yom Tov\u00a0<\/strong><\/p>\n<p>No Yom Tov \u00e9 permitido transportar objetos que n\u00e3o s\u00e3o &#8220;Muktze&#8221; do recinto privado para o recinto p\u00fablico e vice versa, e tamb\u00e9m podemos carregar em via p\u00fablicas<\/p>\n<p>\u00c9 permitido cozinhar para as refei\u00e7\u00f5es daquele dia especificamente<\/p>\n<p>Portanto, \u00e9 permitido passar o fogo, a partir de uma uma chama pr\u00e9-existente, como a de uma vela de um, dois ou sete dias, por exemplo.<\/p>\n<p>\u00c9 permitido passar o fogo da chama pr\u00e9 existente por meio de um espetinho de madeira para acender as velas de Yom Tov, mas \u00e9 proibido apagar esse espetinho depois.<\/p>\n<p>Ou seja, acender fogo no Yom Tov \u00e9 proibido, apagar fogo no Yom Tov \u00e9 proibido, mas passar o fogo de uma vela para a outra ou para o fog\u00e3o a g\u00e1s para cozinhar a comida do Yom Tov \u00e9 permitido<\/p>\n<p>Aumentar o fogo \u00e9 permitido mas abaixar o fogo \u00e9 considerado apagar o fogo parcialmente o que tamb\u00e9m \u00e9 proibido pela Tor\u00e1<\/p>\n<p style=\"text-align: center;\"><strong>Hanuk\u00e1 e Purim\u00a0<\/strong><\/p>\n<p>As festas de Hanuk\u00e1 e Purim s\u00e3o n\u00e3o aconteceram na \u00e9poca da Tor\u00e1 e por isso n\u00e3o est\u00e3o na categoria de Yom Tov, e portanto todos os trabalhos est\u00e3o permitidos nelas<\/p>\n","protected":false},"excerpt":{"rendered":"<p>Yom Tov\u00a0 As festas judaicas descritas na Tor\u00e1 s\u00e3o chamadas de Yom Tov. Essas festas s\u00e3o: Pessa&#8217;h Shavuot Sucot Rosh Hashan\u00e1 Elas sempre come\u00e7am ao por do sol que \u00e9 quando o \u201cdia\u201d judaico come\u00e7a, e terminam&hellip;<\/p>\n","protected":false},"author":4,"featured_media":0,"parent":0,"menu_order":0,"comment_status":"open","ping_status":"open","template":"","meta":{"give_campaign_id":0,"footnotes":""},"class_list":["post-13237","page","type-page","status-publish","hentry"],"campaignId":"","_hostinger_reach_plugin_has_subscription_block":false,"_hostinger_reach_plugin_is_elementor":false,"_links":{"self":[{"href":"https:\/\/rabinogloiber.org\/index.php?rest_route=\/wp\/v2\/pages\/13237","targetHints":{"allow":["GET"]}}],"collection":[{"href":"https:\/\/rabinogloiber.org\/index.php?rest_route=\/wp\/v2\/pages"}],"about":[{"href":"https:\/\/rabinogloiber.org\/index.php?rest_route=\/wp\/v2\/types\/page"}],"author":[{"embeddable":true,"href":"https:\/\/rabinogloiber.org\/index.php?rest_route=\/wp\/v2\/users\/4"}],"replies":[{"embeddable":true,"href":"https:\/\/rabinogloiber.org\/index.php?rest_route=%2Fwp%2Fv2%2Fcomments&post=13237"}],"version-history":[{"count":9,"href":"https:\/\/rabinogloiber.org\/index.php?rest_route=\/wp\/v2\/pages\/13237\/revisions"}],"predecessor-version":[{"id":20093,"href":"https:\/\/rabinogloiber.org\/index.php?rest_route=\/wp\/v2\/pages\/13237\/revisions\/20093"}],"wp:attachment":[{"href":"https:\/\/rabinogloiber.org\/index.php?rest_route=%2Fwp%2Fv2%2Fmedia&parent=13237"}],"curies":[{"name":"wp","href":"https:\/\/api.w.org\/{rel}","templated":true}]}}