{"id":13239,"date":"2013-06-16T04:56:08","date_gmt":"2013-06-16T04:56:08","guid":{"rendered":"http:\/\/ongtora.wordpress.com\/?page_id=219"},"modified":"2025-07-16T20:00:13","modified_gmt":"2025-07-16T20:00:13","slug":"expressoes","status":"publish","type":"page","link":"https:\/\/rabinogloiber.org\/?page_id=13239","title":{"rendered":"Express\u00f5es Judaicas"},"content":{"rendered":"<p style=\"text-align: center;\"><img loading=\"lazy\" decoding=\"async\" class=\"alignnone size-medium wp-image-17266\" src=\"https:\/\/rabinogloiber.org\/wp-content\/uploads\/2023\/04\/IMG-20230216-WA0001-300x180.jpg\" alt=\"\" width=\"300\" height=\"180\" srcset=\"https:\/\/rabinogloiber.org\/wp-content\/uploads\/2023\/04\/IMG-20230216-WA0001-300x180.jpg 300w, https:\/\/rabinogloiber.org\/wp-content\/uploads\/2023\/04\/IMG-20230216-WA0001-1024x614.jpg 1024w, https:\/\/rabinogloiber.org\/wp-content\/uploads\/2023\/04\/IMG-20230216-WA0001-768x461.jpg 768w, https:\/\/rabinogloiber.org\/wp-content\/uploads\/2023\/04\/IMG-20230216-WA0001-1536x922.jpg 1536w, https:\/\/rabinogloiber.org\/wp-content\/uploads\/2023\/04\/IMG-20230216-WA0001-370x222.jpg 370w, https:\/\/rabinogloiber.org\/wp-content\/uploads\/2023\/04\/IMG-20230216-WA0001-760x456.jpg 760w, https:\/\/rabinogloiber.org\/wp-content\/uploads\/2023\/04\/IMG-20230216-WA0001.jpg 1600w\" sizes=\"auto, (max-width: 300px) 100vw, 300px\" \/><\/p>\n<p>&nbsp;<\/p>\n<p style=\"text-align: center;\">\ud83c\udf3b<strong>Pitgamim Yehudim &#8211; \u05e4\u05bc\u05b4\u05ea\u05b0\u05d2\u05bc\u05b8\u05de\u05b4\u05d9\u05dd \u05d9\u05d4\u05d5\u05d3\u05d9\u05dd<\/strong> \ud83c\udf3b<\/p>\n<p style=\"text-align: center;\">\ud83c\udf3b( Express\u00f5es Judaicas)\ud83c\udf3b<\/p>\n<p>&nbsp;<\/p>\n<p><strong>Im \u00edrtze Hashem &#8211; \u05d0\u05b4\u05dd \u05d9\u05b4\u05e8\u05b0\u05e6\u05b6\u05d4 \u05d4\u05b7\u05e9\u05bc\u05c1\u05b5\u05dd<\/strong> &#8211; &#8220;Se D&#8217;us quiser&#8221;<\/p>\n<p>&nbsp;<\/p>\n<p><strong>Bessiata Dishmaia &#8211; \u05d1\u05b0\u05bc\u05e1\u05b4\u05d9\u05b7\u05bc\u05e2\u05b0\u05ea\u05b8\u05bc\u05d0 \u05d3\u05b4\u05e9\u05b0\u05c1\u05de\u05b7\u05d9\u05b8\u05bc\u05d0<\/strong> &#8211; &#8220;Com a ajuda dos c\u00e9us&#8221; ou seja, &#8220;com a ajuda de D&#8217;us&#8221; &#8211; (em aramaico)<\/p>\n<p>&nbsp;<\/p>\n<p><strong>Be Ezrat Hashem &#8211; \u05d1\u05bc\u05b0\u05e2\u05b6\u05d6\u05b0\u05e8\u05b7\u05ea \u05d4\u05b7\u05e9\u05bc\u05c1\u05b5\u05dd<\/strong> &#8211; &#8220;Com a ajuda de D&#8217;us&#8221;<\/p>\n<p>&nbsp;<\/p>\n<p><strong>Hakadosh Baru&#8217;h Hu &#8211; \u05d4\u05b7\u05e7\u05bc\u05b8\u05d3\u05d5\u05b9\u05e9\u05c1 \u05d1\u05bc\u05b8\u05e8\u05d5\u05bc\u05da\u05b0 \u05d4\u05d5\u05bc\u05d0<\/strong> &#8211; &#8220;O Santo Bendito Seja\u201d (D\u2019us)<\/p>\n<p>&nbsp;<\/p>\n<p><strong>Zal &#8211; \u05d6\u201d\u05dc \u2013 Zi&#8217;hron\u00f4 Livra&#8217;h\u00e1 &#8211; \u05d6\u05b4\u05db\u05b0\u05e8\u05d5\u05b9\u05e0\u05d5\u05b9\u05ea \u05dc\u05b4\u05d1\u05b0\u05e8\u05b8\u05db\u05b8\u05d4<\/strong> &#8211; &#8220;Sua Lembran\u00e7a para B\u00ean\u00e7\u00e3o&#8221;, ou seja, &#8220;De aben\u00e7oada mem\u00f3ria&#8221; (usada ap\u00f3s falarmos o nome do falecido)<\/p>\n<p>&nbsp;<\/p>\n<p><strong>Ze&#8217;her Tzadik Livra&#8217;h\u00e1 &#8211; \u05d6\u05b5\u05db\u05b6\u05e8 \u05e6\u05b7\u05d3\u05bc\u05b4\u05d9\u05e7 \u05dc\u05b4\u05d1\u05b0\u05e8\u05b8\u05db\u05b8\u05d4<\/strong> &#8211; &#8220;Lembran\u00e7a do Tzadik para ben\u00e7\u00e3o&#8221; ou seja, &#8220;De aben\u00e7oada mem\u00f3ria&#8221;, (express\u00e3o usada ap\u00f3s a falarmos o nome de um Tzadik que j\u00e1 faleceu)<\/p>\n<p>&nbsp;<\/p>\n<p><strong>Has Ve Shalom &#8211; \u05d7\u05b8\u05e1 \u05d5\u05b0\u05e9\u05c1\u05b8\u05dc\u05d5\u05b9\u05dd<\/strong> &#8211; ou Has Ve&#8217;halila &#8211; \u05d7\u05b8\u05e1 \u05d5\u05b0\u05d7\u05b8\u05dc\u05b4\u05d9\u05dc\u05b8\u05d4 express\u00e3o usada como &#8220;D&#8217;us nos livre&#8221;<\/p>\n<p>&nbsp;<\/p>\n<p><strong>haza\u2019l &#8211; \u05d7\u05d6\u201d\u05dc<\/strong> ou<\/p>\n<p>&nbsp;<\/p>\n<p><strong>Haham\u00eaino Zi&#8217;hronam livrah\u00e1 &#8211; \u05d7\u05b2\u05db\u05b8\u05de\u05b5\u05d9\u05e0\u05d5\u05bc \u05d6\u05b4\u05db\u05b0\u05e8\u05d5\u05b9\u05e0\u05b8\u05dd \u05dc\u05b4\u05d1\u05b0\u05e8\u05b8\u05db\u05b8\u05d4<\/strong> &#8211; Nossos s\u00e1bios, de aben\u00e7oada mem\u00f3ria (modo de se referir aos s\u00e1bios judeus da \u00e9poca da Mishn\u00e1 e do Talmud)<\/p>\n<p>&nbsp;<\/p>\n<p><strong>L\u00f3 Aleinu &#8211; \u05dc\u05b9\u05d0 \u05e2\u05b8\u05dc\u05b5\u05d9\u05e0\u05d5\u05bc<\/strong> &#8211; que isso n\u00e3o nos aconte\u00e7a<\/p>\n<p>&nbsp;<\/p>\n<p><strong>Mazal Tov! &#8211;\u00a0 \u05de\u05b7\u05d6\u05bc\u05b8\u05dc \u05d8\u05d5\u05b9\u05d1<\/strong> &#8211; &#8220;Boa sorte&#8221; express\u00e3o usada para dizer &#8220;Parab\u00e9ns&#8221; quando voc\u00ea faz anivers\u00e1rio e etc.<\/p>\n<p>&nbsp;<\/p>\n<p><strong>Kol hakavod &#8211; \u05db\u05bc\u05b8\u05dc \u05d4\u05b7\u05db\u05bc\u05b8\u05d1\u05d5\u05b9\u05d3<\/strong> &#8211;\u00a0 todo o respeito (express\u00e3o usada para dizer parab\u00e9ns por alguma coisa importante que voc\u00ea fez)<\/p>\n<p>&nbsp;<\/p>\n<p><strong>Irat Shamaim &#8211; \u05d9\u05b4\u05e8\u05b0\u05d0\u05b7\u05ea \u05e9\u05c1\u05b8\u05de\u05b7\u05d9\u05b4\u05dd<\/strong> &#8211; Temor aos c\u00e9us, querendo dizer: temor \u00e0 D&#8217;us<\/p>\n<p>&nbsp;<\/p>\n<p><strong>Bes\u00edm&#8217;ha &#8211; \u05d1\u05bc\u05b0\u05e9\u05c2\u05b4\u05de\u05b0\u05d7\u05b8\u05d4<\/strong> &#8211; &#8220;com alegria&#8221;<\/p>\n<p>&nbsp;<\/p>\n<p><strong>Segul\u00e1 &#8211; \u05e1\u05b0\u05d2\u05bb\u05dc\u05bc\u05b8\u05d4<\/strong> &#8211; Simpatia (para atrair alguma coisa)<\/p>\n<p>&nbsp;<\/p>\n<p><strong>Bli neder &#8211; \u05d1\u05bc\u05b0\u05dc\u05b4\u05d9 \u05e0\u05b6\u05d3\u05b6\u05e8<\/strong> &#8211; Sem promessa<\/p>\n<p>&nbsp;<\/p>\n<p><strong>Tziniut &#8211; \u05e6\u05b4\u05e0\u05bc\u05b4\u05d9\u05bc\u05d5\u05b9\u05ea<\/strong> &#8211; Recato, (geralmente associado \u00e0 roupa, por exemplo: \u201cse vestir com tziniut\u201d)<\/p>\n<p>&nbsp;<\/p>\n<p><strong>Bli Ayin hara &#8211; \u05d1\u05bc\u05b0\u05dc\u05b4\u05d9 \u05e2\u05b7\u05d9\u05b4\u05df \u05d4\u05b8\u05e8\u05b8\u05e2<\/strong> &#8211; &#8220;sem olho-ruim&#8221; (quando queremos enfatizar a intelig\u00eancia, riqueza ou a beleza de algu\u00e9m)<\/p>\n<p>&nbsp;<\/p>\n<p><strong>Lesh\u00f4n har\u00e1 &#8211; \u05dc\u05b8\u05e9\u05c1\u05d5\u05b9\u05df \u05d4\u05b8\u05e8\u05b7\u05e2<\/strong> &#8211; \u00a0&#8220;lingua ruim&#8221; (se referindo \u00e0 intrigas, fofocas e coment\u00e1rios destrutivos)<\/p>\n<p>&nbsp;<\/p>\n<p><strong>Hashem ishmor: &#8211; \u05d4\u05b7\u05e9\u05bc\u05c1\u05b5\u05dd \u05d9\u05b4\u05e9\u05c1\u05b0\u05de\u05b9\u05e8<\/strong> &#8211; D&#8217;us me livre, D&#8217;us nos livre<\/p>\n<p>&nbsp;<\/p>\n<p><strong>Ishcoa&#8217;h &#8211; \u05d9\u05b8\u05e9\u05c1\u05b8\u05e8 \u05db\u05bc\u05b9\u05d7\u05b7<\/strong> &#8211; Expressando um muito obrigado<\/p>\n<p>&nbsp;<\/p>\n<p><strong>Oy Vey &#8211; \u00a0\u05d0\u05d5\u05b9\u05d9 \u05d5\u05b5\u05d9\u05d9<\/strong> &#8211; \ud83d\ude31- Expressando um grande susto<\/p>\n<p>&nbsp;<\/p>\n<p>&nbsp;<\/p>\n<p style=\"text-align: center;\"><img loading=\"lazy\" decoding=\"async\" class=\"alignnone size-medium wp-image-17226\" src=\"https:\/\/rabinogloiber.org\/wp-content\/uploads\/2023\/04\/IMG_20230411_162150_481-300x169.jpg\" alt=\"\" width=\"300\" height=\"169\" srcset=\"https:\/\/rabinogloiber.org\/wp-content\/uploads\/2023\/04\/IMG_20230411_162150_481-300x169.jpg 300w, https:\/\/rabinogloiber.org\/wp-content\/uploads\/2023\/04\/IMG_20230411_162150_481-1024x576.jpg 1024w, https:\/\/rabinogloiber.org\/wp-content\/uploads\/2023\/04\/IMG_20230411_162150_481-768x432.jpg 768w, https:\/\/rabinogloiber.org\/wp-content\/uploads\/2023\/04\/IMG_20230411_162150_481-370x208.jpg 370w, https:\/\/rabinogloiber.org\/wp-content\/uploads\/2023\/04\/IMG_20230411_162150_481-1170x658.jpg 1170w, https:\/\/rabinogloiber.org\/wp-content\/uploads\/2023\/04\/IMG_20230411_162150_481-840x474.jpg 840w, https:\/\/rabinogloiber.org\/wp-content\/uploads\/2023\/04\/IMG_20230411_162150_481-760x428.jpg 760w, https:\/\/rabinogloiber.org\/wp-content\/uploads\/2023\/04\/IMG_20230411_162150_481-270x152.jpg 270w, https:\/\/rabinogloiber.org\/wp-content\/uploads\/2023\/04\/IMG_20230411_162150_481.jpg 1280w\" sizes=\"auto, (max-width: 300px) 100vw, 300px\" \/><\/p>\n<p style=\"text-align: center;\"><strong>Oy Vey \ud83d\ude31<\/strong><\/p>\n<p>&nbsp;<\/p>\n<p style=\"text-align: center;\">Se voc\u00ea ouviu uma express\u00e3o judaica que n\u00e3o se encontra aqui<\/p>\n<p style=\"text-align: center;\">nos encaminhe ela pelo WhatsApp 12988227287<\/p>\n<p style=\"text-align: center;\"><strong>A Groisse ishcoa&#8217;h &#8211; \u05d0\u05b8 \u05d2\u05b0\u05e8\u05d5\u05b9\u05d9\u05d9\u05e1\u05b5\u05e2 \u05d9\u05b8\u05e9\u05c1\u05b8\u05e8 \u05db\u05bc\u05b9\u05d7\u05b7<\/strong> (um grande muito obrigado)<\/p>\n<p>&nbsp;<\/p>\n","protected":false},"excerpt":{"rendered":"<p>&nbsp; \ud83c\udf3bPitgamim Yehudim &#8211; \u05e4\u05bc\u05b4\u05ea\u05b0\u05d2\u05bc\u05b8\u05de\u05b4\u05d9\u05dd \u05d9\u05d4\u05d5\u05d3\u05d9\u05dd \ud83c\udf3b \ud83c\udf3b( Express\u00f5es Judaicas)\ud83c\udf3b &nbsp; Im \u00edrtze Hashem &#8211; \u05d0\u05b4\u05dd \u05d9\u05b4\u05e8\u05b0\u05e6\u05b6\u05d4 \u05d4\u05b7\u05e9\u05bc\u05c1\u05b5\u05dd &#8211; &#8220;Se D&#8217;us quiser&#8221; &nbsp; Bessiata Dishmaia &#8211; \u05d1\u05b0\u05bc\u05e1\u05b4\u05d9\u05b7\u05bc\u05e2\u05b0\u05ea\u05b8\u05bc\u05d0 \u05d3\u05b4\u05e9\u05b0\u05c1\u05de\u05b7\u05d9\u05b8\u05bc\u05d0 &#8211; &#8220;Com a ajuda dos c\u00e9us&#8221; ou seja, &#8220;com&hellip;<\/p>\n","protected":false},"author":4,"featured_media":0,"parent":0,"menu_order":0,"comment_status":"open","ping_status":"open","template":"","meta":{"give_campaign_id":0,"footnotes":""},"class_list":["post-13239","page","type-page","status-publish","hentry"],"campaignId":"","_hostinger_reach_plugin_has_subscription_block":false,"_hostinger_reach_plugin_is_elementor":false,"_links":{"self":[{"href":"https:\/\/rabinogloiber.org\/index.php?rest_route=\/wp\/v2\/pages\/13239","targetHints":{"allow":["GET"]}}],"collection":[{"href":"https:\/\/rabinogloiber.org\/index.php?rest_route=\/wp\/v2\/pages"}],"about":[{"href":"https:\/\/rabinogloiber.org\/index.php?rest_route=\/wp\/v2\/types\/page"}],"author":[{"embeddable":true,"href":"https:\/\/rabinogloiber.org\/index.php?rest_route=\/wp\/v2\/users\/4"}],"replies":[{"embeddable":true,"href":"https:\/\/rabinogloiber.org\/index.php?rest_route=%2Fwp%2Fv2%2Fcomments&post=13239"}],"version-history":[{"count":7,"href":"https:\/\/rabinogloiber.org\/index.php?rest_route=\/wp\/v2\/pages\/13239\/revisions"}],"predecessor-version":[{"id":21709,"href":"https:\/\/rabinogloiber.org\/index.php?rest_route=\/wp\/v2\/pages\/13239\/revisions\/21709"}],"wp:attachment":[{"href":"https:\/\/rabinogloiber.org\/index.php?rest_route=%2Fwp%2Fv2%2Fmedia&parent=13239"}],"curies":[{"name":"wp","href":"https:\/\/api.w.org\/{rel}","templated":true}]}}