{"id":146,"date":"2018-03-12T15:19:30","date_gmt":"2018-03-12T15:19:30","guid":{"rendered":"https:\/\/rabinogloiber.org\/?page_id=146"},"modified":"2025-12-25T10:55:46","modified_gmt":"2025-12-25T10:55:46","slug":"quem-somos","status":"publish","type":"page","link":"https:\/\/rabinogloiber.org\/?page_id=146","title":{"rendered":"Quem Somos"},"content":{"rendered":"<h4><\/h4>\n<h4 style=\"text-align: center;\"><span style=\"color: #008080;\">Centro da Cultura Judaica Rabino Gloiber<\/span><\/h4>\n<h4 style=\"text-align: center;\"><img loading=\"lazy\" decoding=\"async\" class=\"aligncenter size-medium wp-image-23213\" src=\"https:\/\/rabinogloiber.org\/wp-content\/uploads\/2025\/11\/Untitled-300x300.png\" alt=\"\" width=\"300\" height=\"300\" srcset=\"https:\/\/rabinogloiber.org\/wp-content\/uploads\/2025\/11\/Untitled-300x300.png 300w, https:\/\/rabinogloiber.org\/wp-content\/uploads\/2025\/11\/Untitled-1024x1024.png 1024w, https:\/\/rabinogloiber.org\/wp-content\/uploads\/2025\/11\/Untitled-150x150.png 150w, https:\/\/rabinogloiber.org\/wp-content\/uploads\/2025\/11\/Untitled-768x768.png 768w, https:\/\/rabinogloiber.org\/wp-content\/uploads\/2025\/11\/Untitled-370x370.png 370w, https:\/\/rabinogloiber.org\/wp-content\/uploads\/2025\/11\/Untitled-90x90.png 90w, https:\/\/rabinogloiber.org\/wp-content\/uploads\/2025\/11\/Untitled-760x760.png 760w, https:\/\/rabinogloiber.org\/wp-content\/uploads\/2025\/11\/Untitled.png 1080w\" sizes=\"auto, (max-width: 300px) 100vw, 300px\" \/><\/h4>\n<p>&nbsp;<\/p>\n<p style=\"text-align: center;\">Aqui \u00e9 a sede da nossa Editora Oneg Tor\u00e1 onde editamos nossos livros e temos tamb\u00e9m uma lojinha de livros judaicos.<\/p>\n<p>&nbsp;<\/p>\n<p style=\"text-align: center;\">\ud83c\udf3b\ud83c\udf3b\ud83c\udf3b\ud83c\udf3b<\/p>\n<p>&nbsp;<\/p>\n<p style=\"text-align: center;\">Aqui fazemos a edi\u00e7\u00e3o do nosso site www.RabinoGloiber.org que est\u00e1 com milhares de visitantes<\/p>\n<p>&nbsp;<\/p>\n<p style=\"text-align: center;\">\ud83c\udf3b\ud83c\udf3b\ud83c\udf3b\ud83c\udf3b<\/p>\n<p>&nbsp;<\/p>\n<p style=\"text-align: center;\">Aqui \u00e9 o est\u00fadio onde gravamos nossas aulas do Instagram<\/p>\n<p>&nbsp;<\/p>\n<p style=\"text-align: center;\">\ud83c\udf3b\ud83c\udf3b\ud83c\udf3b\ud83c\udf3b\ud83c\udf3b<\/p>\n<p>&nbsp;<\/p>\n<p style=\"text-align: center;\">Aqui \u00e9 o est\u00fadio de grava\u00e7\u00e3o das aulas do nosso canal no YouTube<\/p>\n<p>&nbsp;<\/p>\n<p style=\"text-align: center;\"><strong><a href=\"https:\/\/youtube.com\/@rabinogloiber?si=QovRowgspjlN9AYX\"><span style=\"color: #0000ff;\">https:\/\/youtube.com\/@rabinogloiber?si=QovRowgspjlN9AYX<\/span><\/a><\/strong><\/p>\n<p>&nbsp;<\/p>\n<p style=\"text-align: center;\">Com mais de 13.000 inscritos e milhares de visualiza\u00e7\u00f5es e compartilhamentos<\/p>\n<p>&nbsp;<\/p>\n<p style=\"text-align: center;\">\ud83c\udf3b\ud83c\udf3b\ud83c\udf3b\ud83c\udf3b<\/p>\n<p>&nbsp;<\/p>\n<p style=\"text-align: center;\">Temos aqui nosso Colel que se chama &#8220;Colel Oneg Tor\u00e1&#8221; que quer dizer &#8220;o prazer da Tor\u00e1&#8221;<\/p>\n<p>&nbsp;<\/p>\n<p style=\"text-align: center;\">\ud83c\udf3b\ud83c\udf3b\ud83c\udf3b\ud83c\udf3b<\/p>\n<p>&nbsp;<\/p>\n<p style=\"text-align: center;\">Organizamos atividades de Cultura Judaica com muita alegria e carinho, abrindo portas para que judeus de todos os n\u00edveis descubram as belezas da nossa cultura e religi\u00e3o.<\/p>\n<p style=\"text-align: center;\"><!-- \/.sc_title --><\/p>\n<p style=\"text-align: center;\">Nosso objetivo \u00e9 aproximar cada Judeu ao Juda\u00edsmo, por mais distante que esteja, por meio de nossas atividades que s\u00e3o:<\/p>\n<p style=\"text-align: center;\">Cursos de Hebraico para crian\u00e7as e adultos- Biblioteca de livros Judaicos-<\/p>\n<p style=\"text-align: center;\">Distribui\u00e7\u00e3o gratuita de livros e CDs judaicos-<\/p>\n<p style=\"text-align: center;\">Aulas de Juda\u00edsmo para todas as idades-<\/p>\n<p style=\"text-align: center;\">Palestras em universidades-<\/p>\n<p style=\"text-align: center;\">Curso de Kabal\u00e1-<\/p>\n<p style=\"text-align: center;\">Orienta\u00e7\u00e3o e aconselhamento nos mais diversos assuntos-<\/p>\n<p style=\"text-align: center;\">Divulga\u00e7\u00e3o de valores Judaicos e ensino \u00e0 dist\u00e2ncia por meio dos nossos canais:<\/p>\n<p style=\"text-align: center;\">&#8211; Nosso canal no YouTube: <span style=\"color: #0000ff;\"><strong><a style=\"color: #0000ff;\" tabindex=\"0\" role=\"link\" href=\"https:\/\/l.facebook.com\/l.php?u=https%3A%2F%2Fyoutube.com%2Fc%2FGloiber18%3Ffbclid%3DIwAR32x_6obPj3zSHu4rvBwz-QRKNXkB-h4dJNwQ_xmW-3WkX2Pk90u-MyDC8&amp;h=AT2GHetJ--_MhIwtrYGeAfMPstPrkbwjaiHifSL00QRenPookG0FSm13syQhycfCzrOyshzcvV88-jokMlQPU0J_hrlYQhu0ZsbPcndQ7zCk_vujpkXy5zshmZb68IvkUqTXcoWX26Veqan0IG8q&amp;__tn__=-UK-R&amp;c[0]=AT2Eiq9hBlvAYAW8_Ajl6VwpEj_d0t5mHKypS4lWoTGIO7wshdCttHRiXsMgEJqhbBjQw_wCytvmyY9seAqIRrZime96XLzOXvnIxQZ-TAFIMQl27pcKpDhB6gsu-_c7Zp1ErHbPbTtafgpZBYA\" target=\"_blank\" rel=\"nofollow noopener\">https:\/\/youtube.com\/c\/Gloiber18<\/a><\/strong><\/span><\/p>\n<p style=\"text-align: center;\">&#8211; Nosso canal no podbean: <strong><span style=\"color: #0000ff;\"><a style=\"color: #0000ff;\" href=\"https:\/\/pergunteaorabino.podbean.com\/\">https:\/\/pergunteaorabino.podbean.com\/<\/a><\/span><\/strong><\/p>\n<p style=\"text-align: center;\">&#8211; Nosso canal no Tiktok: <strong><span style=\"color: #0000ff;\"><a style=\"color: #0000ff;\" tabindex=\"0\" role=\"link\" href=\"https:\/\/l.facebook.com\/l.php?u=https%3A%2F%2Fvm.tiktok.com%2FZM8wAq8xw%2F%3Ffbclid%3DIwAR3EgIzfhhQuVZe5P_1Aeo-PrEDUVN_rntfeQFDdocOqGm64kB6Q_7keMxw&amp;h=AT2AsKGtSZRQS6DP8rW6M1WYQHdvq8DskGg0BdGN74aypC5y-_icrxJm31FjqoFAGYfMF9HumH0Y1izZGn6ZGF_ZY1fNDBACi-jpDP7o6n2dmSKOJg4av4pcY6AbL8lNfQanIDKWABOQyayiUGr7&amp;__tn__=-UK-R&amp;c[0]=AT2Eiq9hBlvAYAW8_Ajl6VwpEj_d0t5mHKypS4lWoTGIO7wshdCttHRiXsMgEJqhbBjQw_wCytvmyY9seAqIRrZime96XLzOXvnIxQZ-TAFIMQl27pcKpDhB6gsu-_c7Zp1ErHbPbTtafgpZBYA\" target=\"_blank\" rel=\"nofollow noopener\">https:\/\/vm.tiktok.com\/ZM8wAq8xw\/<\/a><\/span><\/strong><\/p>\n<p style=\"text-align: center;\">&#8211; Nosso canal no Instagram: <strong><span style=\"color: #0000ff;\"><a style=\"color: #0000ff;\" href=\"https:\/\/www.instagram.com\/ong_tora_do_vale\/\">@editora_oneg_tora<\/a><\/span><\/strong><\/p>\n<p style=\"text-align: center;\">&#8211; Nosso canal no Facebook: <strong><span style=\"color: #0000ff;\"><a style=\"color: #0000ff;\" tabindex=\"0\" role=\"link\" href=\"https:\/\/www.facebook.com\/gloiber?__cft__[0]=AZUC0MZJNF6GyLvE5hvWiEQ2HtbgHg1rU6zXNd74UeKkjLw-LvDw8PI_d94vWAHa14JGpss1r2MkzwSZz0ERuaFkCTQwIYWZzRxeevJZRmWO1y_qenvqJPsVrqHczEpAXBo&amp;__tn__=-]K-R\">https:\/\/facebook.com\/gloiber<\/a><\/span><\/strong><\/p>\n<p style=\"text-align: center;\">&#8211; Nossa Fan Page: <strong><span style=\"color: #0000ff;\"><a style=\"color: #0000ff;\" tabindex=\"0\" role=\"link\" href=\"https:\/\/www.facebook.com\/RabinoGloiber\/?__cft__[0]=AZUC0MZJNF6GyLvE5hvWiEQ2HtbgHg1rU6zXNd74UeKkjLw-LvDw8PI_d94vWAHa14JGpss1r2MkzwSZz0ERuaFkCTQwIYWZzRxeevJZRmWO1y_qenvqJPsVrqHczEpAXBo&amp;__tn__=kK-R\">https:\/\/m.facebook.com\/RabinoGloiber\/<\/a><\/span><\/strong><\/p>\n<p style=\"text-align: center;\">&#8211; Nosso site: <span style=\"color: #0000ff;\"><strong><a style=\"color: #0000ff;\" href=\"https:\/\/rabinogloiber.org\/quem-somos\/\">www.rabinogloiber.org<\/a><\/strong><\/span><\/p>\n<p style=\"text-align: center;\">Nossa miss\u00e3o \u00e9 a de sermos o elo forte entre voc\u00eas e a aut\u00eantica cultura judaica. Sempre desejando o seu bem estar material e espiritual.<\/p>\n<p>&nbsp;<\/p>\n<h6 style=\"text-align: center;\"><span style=\"color: #008000;\">Nossa Hist\u00f3ria<\/span><\/h6>\n<p>&nbsp;<\/p>\n<p><!-- \/.sc_title --><\/p>\n<aside id=\"trx_widget_slider_1316901238_widget\">Rabino Avraham Eitan Gloiber aos 18 anos mudou-se para Israel onde estudou no semin\u00e1rio rab\u00ednico de Kfar Chabad de 1978 \u00e0 1984.<\/aside>\n<aside><\/aside>\n<aside><\/aside>\n<aside><\/aside>\n<aside>Ap\u00f3s concluir seus estudos, come\u00e7ou a trabalhar como professor em Israel tendo tido muito sucesso nessa \u00e1rea a ponto de um dos maiores jornais de Israel ter feito uma grande reportagem sobre ele.<\/aside>\n<aside><\/aside>\n<aside><\/aside>\n<aside><\/aside>\n<aside>A Tor\u00e1, a Sabedoria Judaica, n\u00e3o entra em f\u00e9rias e nem se aposenta, e por isso o Rabino nunca parou de estudar, e sempre ap\u00f3s o trabalho estudava v\u00e1rias horas em um Colel, uma academia Rab\u00ednica para jovens casados, e mesmo hoje no Brasil continua com esse costume t\u00e3o importante.<\/aside>\n<aside><\/aside>\n<aside><\/aside>\n<aside><\/aside>\n<aside>No ano de 2000 voltou para o Brasil aonde continuou ensinando Tor\u00e1, a Sabedoria Judaica. Em 2002 fundou sua pr\u00f3pria institui\u00e7\u00e3o que hoje se chama: <strong>Centro da Cultura Judaica <!-- \/.slider-wrapper --><!-- \/.slider_container --><!-- \/.slider_outer -->Rabino Gloiber<\/strong><\/aside>\n<aside><\/aside>\n<h4><\/h4>\n<h4 style=\"text-align: center;\"><span style=\"color: #008000;\">Nossa Equipe<\/span><\/h4>\n<p>&nbsp;<\/p>\n<p><!-- \/.sc_title --><br \/>\n<img loading=\"lazy\" decoding=\"async\" class=\"aligncenter\" src=\"https:\/\/rabinogloiber.org\/wp-content\/uploads\/2018\/03\/rabino_gloiber-370x370.jpeg\" sizes=\"auto, (max-width: 370px) 100vw, 370px\" srcset=\"https:\/\/rabinogloiber.org\/wp-content\/uploads\/2018\/03\/rabino_gloiber-370x370.jpeg 370w, https:\/\/rabinogloiber.org\/wp-content\/uploads\/2018\/03\/rabino_gloiber-300x300.jpeg 300w, https:\/\/rabinogloiber.org\/wp-content\/uploads\/2018\/03\/rabino_gloiber-1020x1024.jpeg 1020w, https:\/\/rabinogloiber.org\/wp-content\/uploads\/2018\/03\/rabino_gloiber-150x150.jpeg 150w, https:\/\/rabinogloiber.org\/wp-content\/uploads\/2018\/03\/rabino_gloiber-768x771.jpeg 768w, https:\/\/rabinogloiber.org\/wp-content\/uploads\/2018\/03\/rabino_gloiber-90x90.jpeg 90w, https:\/\/rabinogloiber.org\/wp-content\/uploads\/2018\/03\/rabino_gloiber-760x763.jpeg 760w, https:\/\/rabinogloiber.org\/wp-content\/uploads\/2018\/03\/rabino_gloiber.jpeg 1035w\" alt=\"\" width=\"370\" height=\"370\" \/><\/p>\n<h6 style=\"text-align: center;\"><a href=\"https:\/\/rabinogloiber.org\/team\/rabino-gloiber\/\"><span style=\"color: #808000;\">Rabino Avraham Eitan Gloiber<\/span><\/a><\/h6>\n<p style=\"text-align: center;\"><strong><span style=\"color: #339966;\">Rabino &#8211; WhatsApp 11972762828<\/span><\/strong><\/p>\n<p>&nbsp;<\/p>\n<p>&nbsp;<\/p>\n<p><img loading=\"lazy\" decoding=\"async\" class=\"aligncenter\" src=\"https:\/\/rabinogloiber.org\/wp-content\/uploads\/2018\/03\/Screen-Shot-2022-01-18-at-13.31.23-370x370.png\" sizes=\"auto, (max-width: 370px) 100vw, 370px\" srcset=\"https:\/\/rabinogloiber.org\/wp-content\/uploads\/2018\/03\/Screen-Shot-2022-01-18-at-13.31.23-370x370.png 370w, https:\/\/rabinogloiber.org\/wp-content\/uploads\/2018\/03\/Screen-Shot-2022-01-18-at-13.31.23-150x150.png 150w, https:\/\/rabinogloiber.org\/wp-content\/uploads\/2018\/03\/Screen-Shot-2022-01-18-at-13.31.23-90x90.png 90w\" alt=\"\" width=\"370\" height=\"370\" \/><\/p>\n<h6 style=\"text-align: center;\"><a href=\"https:\/\/rabinogloiber.org\/team\/hilel-katan\/\"><span style=\"color: #008000;\">Hilel Eitan<\/span><\/a><\/h6>\n<p style=\"text-align: center;\">Departamento de Inform\u00e1tica<\/p>\n<p>&nbsp;<\/p>\n<p>&nbsp;<\/p>\n<p style=\"text-align: center;\"><img loading=\"lazy\" decoding=\"async\" src=\"https:\/\/rabinogloiber.org\/wp-content\/uploads\/2018\/03\/Screen-Shot-2022-01-18-at-13.31.33-370x370.png\" sizes=\"auto, (max-width: 370px) 100vw, 370px\" srcset=\"https:\/\/rabinogloiber.org\/wp-content\/uploads\/2018\/03\/Screen-Shot-2022-01-18-at-13.31.33-370x370.png 370w, https:\/\/rabinogloiber.org\/wp-content\/uploads\/2018\/03\/Screen-Shot-2022-01-18-at-13.31.33-150x150.png 150w, https:\/\/rabinogloiber.org\/wp-content\/uploads\/2018\/03\/Screen-Shot-2022-01-18-at-13.31.33-90x90.png 90w\" alt=\"\" width=\"370\" height=\"370\" \/><\/p>\n<h6><\/h6>\n<h6 style=\"text-align: center;\"><a href=\"https:\/\/rabinogloiber.org\/team\/rivka-chaia\/\"><span style=\"color: #008000;\">Rifka Haia Eitan<\/span><\/a><\/h6>\n<p style=\"text-align: center;\">Diretora do Centro da Cultura Judaica Rabino Gloiber<\/p>\n<p style=\"text-align: center;\"><strong><span style=\"color: #008000;\">WhatsApp 11 98803-8893.<\/span><\/strong><\/p>\n<p>&nbsp;<\/p>\n<p>&nbsp;<\/p>\n<p style=\"text-align: center;\"><img loading=\"lazy\" decoding=\"async\" class=\"aligncenter size-medium wp-image-23217\" src=\"https:\/\/rabinogloiber.org\/wp-content\/uploads\/2025\/11\/IMG_1943-225x300.jpeg\" alt=\"\" width=\"225\" height=\"300\" srcset=\"https:\/\/rabinogloiber.org\/wp-content\/uploads\/2025\/11\/IMG_1943-225x300.jpeg 225w, https:\/\/rabinogloiber.org\/wp-content\/uploads\/2025\/11\/IMG_1943-768x1024.jpeg 768w, https:\/\/rabinogloiber.org\/wp-content\/uploads\/2025\/11\/IMG_1943-370x493.jpeg 370w, https:\/\/rabinogloiber.org\/wp-content\/uploads\/2025\/11\/IMG_1943-760x1013.jpeg 760w, https:\/\/rabinogloiber.org\/wp-content\/uploads\/2025\/11\/IMG_1943.jpeg 960w\" sizes=\"auto, (max-width: 225px) 100vw, 225px\" \/><\/p>\n<p>&nbsp;<\/p>\n<p style=\"text-align: center;\"><strong>Uma breve mensagem da nossa equipe.<\/strong><\/p>\n<p style=\"text-align: center;\">\n<p>A manuten\u00e7\u00e3o deste site envolve custos elevados.<\/p>\n<p style=\"text-align: center;\">\n<strong>Voc\u00ea pode retribuir?<\/strong><\/p>\n<p style=\"text-align: center;\">\n<p>Operamos com um or\u00e7amento apertado, mas os custos se acumulam:<\/p>\n<p>&nbsp;<\/p>\n<p>mantendo sua tecnologia r\u00e1pida, confi\u00e1vel e atualizada com centenas de horas de programa\u00e7\u00e3o especializada todos os anos.<\/p>\n<p>&nbsp;<\/p>\n<p>garantir que cada judeu na Terra possa usar e entender nossos servi\u00e7os com facilidade \u2014 sem a necessidade de um PhD em tecnologia<\/p>\n<p>&nbsp;<\/p>\n<p>oferecendo o m\u00e1ximo de tempo de atividade para que voc\u00ea sempre tenha o acesso\u00a0 que precisa, sem interrup\u00e7\u00e3o.<\/p>\n<p>&nbsp;<\/p>\n<p>identificando e resolvendo problemas em potencial imediatamente, para que judeus em 179 pa\u00edses possam <i>contar<\/i> conosco<\/p>\n<p>&nbsp;<\/p>\n<p>fornecer orienta\u00e7\u00e3o de qualidade sempre que voc\u00ea precisar de ajuda, especialmente para situa\u00e7\u00f5es \u00fanicas ou complexas.<\/p>\n<p>&nbsp;<\/p>\n<p>Essas coisas custam dinheiro. E todos os nossos servi\u00e7os principais s\u00e3o gratuitos, ent\u00e3o precisamos da sua ajuda para manter o nosso Site funcionando.<\/p>\n<p>&nbsp;<\/p>\n<p style=\"text-align: center;\">Nosso CNPJ e Pix<\/p>\n<p style=\"text-align: center;\">\n<p><strong><i>15665361000124<\/i><\/strong><\/p>\n<p>&nbsp;<\/p>\n<p style=\"text-align: center;\"><img loading=\"lazy\" decoding=\"async\" class=\"aligncenter size-medium wp-image-23276\" src=\"https:\/\/rabinogloiber.org\/wp-content\/uploads\/2025\/12\/IMG-20251204-WA0004-240x300.jpg\" alt=\"\" width=\"240\" height=\"300\" srcset=\"https:\/\/rabinogloiber.org\/wp-content\/uploads\/2025\/12\/IMG-20251204-WA0004-240x300.jpg 240w, https:\/\/rabinogloiber.org\/wp-content\/uploads\/2025\/12\/IMG-20251204-WA0004-768x960.jpg 768w, https:\/\/rabinogloiber.org\/wp-content\/uploads\/2025\/12\/IMG-20251204-WA0004-370x463.jpg 370w, https:\/\/rabinogloiber.org\/wp-content\/uploads\/2025\/12\/IMG-20251204-WA0004-760x950.jpg 760w, https:\/\/rabinogloiber.org\/wp-content\/uploads\/2025\/12\/IMG-20251204-WA0004.jpg 800w\" sizes=\"auto, (max-width: 240px) 100vw, 240px\" \/><\/p>\n<p style=\"text-align: center;\"><!-- \/.sc_team --><\/p>\n","protected":false},"excerpt":{"rendered":"<p>Centro da Cultura Judaica Rabino Gloiber &nbsp; Aqui \u00e9 a sede da nossa Editora Oneg Tor\u00e1 onde editamos nossos livros e temos tamb\u00e9m uma lojinha de livros judaicos. &nbsp; \ud83c\udf3b\ud83c\udf3b\ud83c\udf3b\ud83c\udf3b &nbsp; Aqui fazemos a edi\u00e7\u00e3o do nosso&hellip;<\/p>\n","protected":false},"author":4,"featured_media":0,"parent":0,"menu_order":0,"comment_status":"closed","ping_status":"closed","template":"","meta":{"give_campaign_id":0,"footnotes":""},"class_list":["post-146","page","type-page","status-publish","hentry"],"campaignId":"","_hostinger_reach_plugin_has_subscription_block":false,"_hostinger_reach_plugin_is_elementor":false,"_links":{"self":[{"href":"https:\/\/rabinogloiber.org\/index.php?rest_route=\/wp\/v2\/pages\/146","targetHints":{"allow":["GET"]}}],"collection":[{"href":"https:\/\/rabinogloiber.org\/index.php?rest_route=\/wp\/v2\/pages"}],"about":[{"href":"https:\/\/rabinogloiber.org\/index.php?rest_route=\/wp\/v2\/types\/page"}],"author":[{"embeddable":true,"href":"https:\/\/rabinogloiber.org\/index.php?rest_route=\/wp\/v2\/users\/4"}],"replies":[{"embeddable":true,"href":"https:\/\/rabinogloiber.org\/index.php?rest_route=%2Fwp%2Fv2%2Fcomments&post=146"}],"version-history":[{"count":110,"href":"https:\/\/rabinogloiber.org\/index.php?rest_route=\/wp\/v2\/pages\/146\/revisions"}],"predecessor-version":[{"id":23425,"href":"https:\/\/rabinogloiber.org\/index.php?rest_route=\/wp\/v2\/pages\/146\/revisions\/23425"}],"wp:attachment":[{"href":"https:\/\/rabinogloiber.org\/index.php?rest_route=%2Fwp%2Fv2%2Fmedia&parent=146"}],"curies":[{"name":"wp","href":"https:\/\/api.w.org\/{rel}","templated":true}]}}