{"id":18311,"date":"2023-10-02T13:10:00","date_gmt":"2023-10-02T13:10:00","guid":{"rendered":"https:\/\/rabinogloiber.org\/?page_id=18311"},"modified":"2026-02-26T20:13:04","modified_gmt":"2026-02-26T20:13:04","slug":"alegria","status":"publish","type":"page","link":"https:\/\/rabinogloiber.org\/?page_id=18311","title":{"rendered":"Alegria"},"content":{"rendered":"<h2 style=\"text-align: center;\"><strong><span style=\"color: #ff0000;\">Alegria<\/span><\/strong><\/h2>\n<p>&nbsp;<\/p>\n<p style=\"text-align: center;\"><img loading=\"lazy\" decoding=\"async\" class=\"aligncenter size-full wp-image-21871\" src=\"https:\/\/rabinogloiber.org\/wp-content\/uploads\/2025\/08\/IMG_1220.png\" alt=\"\" width=\"259\" height=\"194\" \/><\/p>\n<p>&nbsp;<\/p>\n<p style=\"text-align: center;\">Escrito por <strong>Rabino Avraham Eitan Gloiber<\/strong><\/p>\n<p>&nbsp;<\/p>\n<p style=\"text-align: center;\">Baseado nos ensinamentos do <strong>Rebe de Lubavitch<\/strong><\/p>\n<p>&nbsp;<\/p>\n<p style=\"text-align: center;\">\ud83c\udf3b\ud83c\udf3b\ud83c\udf3b\ud83c\udf3b<\/p>\n<p style=\"text-align: center;\"><strong><span style=\"color: #ff00ff;\">Aviso importante sobre a translitera\u00e7\u00e3o das palavras em hebraico<\/span><\/strong><\/p>\n<p style=\"text-align: center;\"><img loading=\"lazy\" decoding=\"async\" class=\"aligncenter size-medium wp-image-23825\" src=\"https:\/\/rabinogloiber.org\/wp-content\/uploads\/2026\/02\/Shabat-Shira-300x300.png\" alt=\"\" width=\"300\" height=\"300\" srcset=\"https:\/\/rabinogloiber.org\/wp-content\/uploads\/2026\/02\/Shabat-Shira-300x300.png 300w, https:\/\/rabinogloiber.org\/wp-content\/uploads\/2026\/02\/Shabat-Shira-1024x1024.png 1024w, https:\/\/rabinogloiber.org\/wp-content\/uploads\/2026\/02\/Shabat-Shira-150x150.png 150w, https:\/\/rabinogloiber.org\/wp-content\/uploads\/2026\/02\/Shabat-Shira-768x768.png 768w, https:\/\/rabinogloiber.org\/wp-content\/uploads\/2026\/02\/Shabat-Shira-370x370.png 370w, https:\/\/rabinogloiber.org\/wp-content\/uploads\/2026\/02\/Shabat-Shira-90x90.png 90w, https:\/\/rabinogloiber.org\/wp-content\/uploads\/2026\/02\/Shabat-Shira-760x760.png 760w, https:\/\/rabinogloiber.org\/wp-content\/uploads\/2026\/02\/Shabat-Shira.png 1080w\" sizes=\"auto, (max-width: 300px) 100vw, 300px\" \/><\/p>\n<p style=\"text-align: center;\">Os Rabinos portugueses de centenas de anos atr\u00e1s usaram a letra \u201cH\u201d para a translitera\u00e7\u00e3o da letra \u201c\u05d7\u201d em Hebraico que equivale a dois erres \u201crr\u201d em portugu\u00eas<\/p>\n<p style=\"text-align: center;\">Na nossa translitera\u00e7\u00e3o do hebraico vamos usar a letra \u201ch\u201d com um ap\u00f3strofo ( \u2018 ) como dois erres (rr) assim: \u2018h e a letra \u201cA\u201d para a translitera\u00e7\u00e3o da letra \u201c\u05d4\u201d em Hebraico que tem o som da letra A na l\u00edngua portuguesa<\/p>\n<p style=\"text-align: center;\">\n<p style=\"text-align: center;\">\ud83c\udf3b\ud83c\udf3b\ud83c\udf3b\ud83c\udf3b\ud83c\udf3b<\/p>\n<p>&nbsp;<\/p>\n<p style=\"text-align: center;\"><img loading=\"lazy\" decoding=\"async\" class=\"aligncenter size-thumbnail wp-image-21875\" src=\"https:\/\/rabinogloiber.org\/wp-content\/uploads\/2025\/08\/IMG_1224-150x150.jpeg\" alt=\"\" width=\"150\" height=\"150\" srcset=\"https:\/\/rabinogloiber.org\/wp-content\/uploads\/2025\/08\/IMG_1224-150x150.jpeg 150w, https:\/\/rabinogloiber.org\/wp-content\/uploads\/2025\/08\/IMG_1224-90x90.jpeg 90w\" sizes=\"auto, (max-width: 150px) 100vw, 150px\" \/><\/p>\n<p>&nbsp;<\/p>\n<p style=\"text-align: center;\">\ud83c\udf3b<strong><span style=\"color: #ff00ff;\">Alegria \u00e9 energia!<\/span><\/strong>\ud83c\udf3b<\/p>\n<p>&nbsp;<\/p>\n<p>Quando estamos alegres, expressamos por meio disso nossa confian\u00e7a em AShem (D\u2019us).<\/p>\n<p>Alegria em situa\u00e7\u00f5es preocupantes demonstram que confiamos em AShem (D\u2019us) e por isso n\u00e3o nos preocupamos com nada e estamos com f\u00e9 total de que tudo vai dar certo.<\/p>\n<p>A atitude de estarmos alegres e confiarmos em AShem (D\u2019us) tem a for\u00e7a de mudar a realidade e fazer com que as coisas ruins desapare\u00e7am e o bem oculto no mundo se revele.<\/p>\n<p>Sendo assim temos que estar alegres e tranquilos o dia inteiro!<\/p>\n<p>Cada um de n\u00f3s, tanto homens quanto mulheres, tem que se lembrar que AShem (D\u2019us), bendito seja, n\u00e3o s\u00f3 dirige o grande mundo, mas dirige sem d\u00favida alguma tamb\u00e9m o pequeno mundo de cada um e um de n\u00f3s.<\/p>\n<p>E da mesma maneira que ele dirige o universo de acordo com o que ele v\u00ea que \u00e9 bom para o universo, assim tamb\u00e9m dessa mesma maneira ele dirige o nosso mundinho particular de acordo com o que ele est\u00e1 vendo que \u00e9 bom para n\u00f3s .<\/p>\n<p>Temos que confiar nele que com certeza ele dirige o nosso mundo pequeno de um jeito bom.<\/p>\n<p>Uma m\u00e3e n\u00e3o esquece o seu nen\u00ea no supermercado, AShem (D\u2019us) nunca se esquece de n\u00f3s.<\/p>\n<p>AShem (D\u2019us) \u00e9 a ess\u00eancia do bem e a natureza de quem \u00e9 bom \u00e9 fazer o bem. Por isso podemos come\u00e7ar o dia confiantes de que tudo vai dar certo.<\/p>\n<p>Temos que confiar no Criador e Administrador do mundo, que toma conta de cada um de n\u00f3s particularmente, e que n\u00e3o existe um lugar onde ele n\u00e3o se encontre.<\/p>\n<p>E como exemplo perguntamos \u00e0 n\u00f3s pr\u00f3prios:- Ser\u00e1 que podemos ficar tristes quando estamos na presen\u00e7a de um grande e bom Rei, um Rei cheio de bondade verdadeira ?<\/p>\n<p>Claro que nesse caso n\u00e3o temos mais com o que nos preocupar, e do que ter\u00edamos que ter medo se estamos na sala do Rei?<\/p>\n<p>O exemplo est\u00e1 claro, e principalmente pelo fato de n\u00e3o ser um exemplo mas sim uma verdadeira realidade. E muito mais do que no exemplo, infinitamente maior e maior, acima e acima disso.<\/p>\n<p>Uma m\u00e3e n\u00e3o esquece o seu nen\u00ea no supermercado, quanto mais AShem (D\u2019us) n\u00e3o nos esquece por a\u00ed, mas est\u00e1 cuidando de n\u00f3s a cada instante !<\/p>\n<p>Quando entra o m\u00eas de Adar aumentamos a alegria, quando entra o m\u00eas de Av, diminu\u00edmos a alegria, mas sempre temos que estar com alegria<\/p>\n<p>Sim&#8217;h\u00e1 (alegria) \u00e9 uma Mitzv\u00e1 da Tor\u00e1 em todos os momentos, especialmente nas festas judaicas em geral e em Purim,\u00a0 Sucot e Sim&#8217;hat Tor\u00e1 em particular.<\/p>\n<p>Se algumas pessoas est\u00e3o ligadas \u00e0 tristeza, como pode a Tor\u00e1 ordenar e exigir alegria de todos n\u00f3s ?<\/p>\n<p>Um axioma fundamental da Tor\u00e1, \u00e9 que que cada um de n\u00f3s tem a capacidade de cumprir todas as Mitzv\u00f3t.<\/p>\n<p>A Tor\u00e1 n\u00e3o pede para fazermos algo que somos incapazes de fazer.\u00a0 Sendo assim, quando a Tor\u00e1 nos pede para ficarmos alegres o ano inteiro, isso j\u00e1 \u00e9 uma afirma\u00e7\u00e3o clara de que cada um de n\u00f3s tem o poder de ser alegre.<\/p>\n<p>A alegria est\u00e1 incorporada tanto nas nossas Almas quanto no nosso corpo material, e por isso uma crian\u00e7a \u00e9 alegre por natureza.<\/p>\n<p>Temos o poder e a capacidade de trazer a alegria verdadeira e duradoura para nossas vidas, apesar de todas as circunst\u00e2ncias.<\/p>\n<p>Rabino Gloiber<br \/>\nSempre correndo<br \/>\nMas sempre rezando por voc\u00ea<br \/>\nwww.RabinoGloiber.org<\/p>\n<p style=\"text-align: center;\"><img loading=\"lazy\" decoding=\"async\" class=\"aligncenter wp-image-21879 size-medium\" src=\"https:\/\/rabinogloiber.org\/wp-content\/uploads\/2025\/08\/Untitled-2-300x225.png\" alt=\"\" width=\"300\" height=\"225\" srcset=\"https:\/\/rabinogloiber.org\/wp-content\/uploads\/2025\/08\/Untitled-2-300x225.png 300w, https:\/\/rabinogloiber.org\/wp-content\/uploads\/2025\/08\/Untitled-2-1024x768.png 1024w, https:\/\/rabinogloiber.org\/wp-content\/uploads\/2025\/08\/Untitled-2-768x576.png 768w, https:\/\/rabinogloiber.org\/wp-content\/uploads\/2025\/08\/Untitled-2-370x278.png 370w, https:\/\/rabinogloiber.org\/wp-content\/uploads\/2025\/08\/Untitled-2-760x570.png 760w, https:\/\/rabinogloiber.org\/wp-content\/uploads\/2025\/08\/Untitled-2.png 1280w\" sizes=\"auto, (max-width: 300px) 100vw, 300px\" \/><\/p>\n<p>&nbsp;<\/p>\n<p style=\"text-align: center;\"><strong>Alegria em qualquer situa\u00e7\u00e3o<\/strong><\/p>\n<p>&nbsp;<\/p>\n<p>A Guemar\u00e1 nos conta sobre uma guerra onde se aliaram o rei de Israel, o rei da Jud\u00e9ia e o rei de Edom contra o inimigo que era um pa\u00eds chamado Moav.<\/p>\n<p>Esses tr\u00eas ex\u00e9rcitos fizeram um erro estrat\u00e9gico e chegaram a um lugar quent\u00edssimo h\u00e1 tr\u00eas dias de dist\u00e2ncia de qualquer fonte de \u00e1gua, e l\u00e1 a \u00e1gua deles acabou. Era morte certa para todos.<\/p>\n<p>Os tr\u00eas reis se reuniram para constatar que estavam em um beco sem sa\u00edda. Yoshafat, o Rei da Jud\u00e9ia que era um judeu religioso perguntou :- Ser\u00e1 que n\u00e3o h\u00e1 um profeta de AShem (D\u2019us) aqui entre n\u00f3s?<\/p>\n<p>Constataram que estava l\u00e1 Elish\u00e1 (Eliseu) o profeta que ficou famoso por ter participado de um milagre de multiplica\u00e7\u00e3o de \u00e1gua junto com Eliahu Hanavi (o profeta Elias)<\/p>\n<p>Elish\u00e1 era a pessoa certa na hora certa, eles estavam para morrer de sede e esse profeta era conhecido por ter feito um milagre de multiplica\u00e7\u00e3o de \u00e1gua.<\/p>\n<p>E mais, ele n\u00e3o era um soldado, se estava l\u00e1 \u00e9 porque AShem (D\u2019us) lhe deu uma profecia para salvar a todos dessa morte terr\u00edvel.<\/p>\n<p>Imediatamente chamaram o profeta para a reuni\u00e3o de emerg\u00eancia.<\/p>\n<p>Chegando l\u00e1, ele v\u00ea o Rei de Israel, Yeoram Ben A\u2019hav , terr\u00edvel id\u00f3latra que impedia o reino de Israel de deixar a idolatria.<\/p>\n<p>Vendo esse tirano e consciente de quem ele \u00e9, Elish\u00e1 ficou triste. Triste por motivos \u00f3bvios, triste por motivos religiosos.<\/p>\n<p>Nessa hora a presen\u00e7a Divina o deixou sendo que AShem (D\u2019us) s\u00f3 paira onde h\u00e1 alegria, porque alegria \u00e9 santidade e tristeza \u00e9 impureza espiritual.<\/p>\n<p>Nessa hora o Super-Profeta perdeu todos os seus super poderes, tudo isso por ter ficado triste e mesmo que o motivo para isso era justo.<\/p>\n<p>Ele deixou de ser Elish\u00e1, o grande profeta, e se tornou um Eliseuzinho qualquer, mais um para morrer de sede junto com todos os outros.<\/p>\n<p>Mesmo que essa tristeza era por motivos totalmente religiosos, por ver um rei id\u00f3latra. Nada pessoal, simplesmente triste por ter visto o maior inimigo de Hashem.<\/p>\n<p>O que fazer agora?<\/p>\n<p>&nbsp;<\/p>\n<p style=\"text-align: center;\"><img loading=\"lazy\" decoding=\"async\" class=\"aligncenter size-thumbnail wp-image-21882\" src=\"https:\/\/rabinogloiber.org\/wp-content\/uploads\/2025\/08\/IMG_1229-150x150.jpeg\" alt=\"\" width=\"150\" height=\"150\" srcset=\"https:\/\/rabinogloiber.org\/wp-content\/uploads\/2025\/08\/IMG_1229-150x150.jpeg 150w, https:\/\/rabinogloiber.org\/wp-content\/uploads\/2025\/08\/IMG_1229-90x90.jpeg 90w\" sizes=\"auto, (max-width: 150px) 100vw, 150px\" \/><\/p>\n<p>&nbsp;<\/p>\n<p>Ele teve uma id\u00e9ia fant\u00e1stica. Pediu para trazerem um m\u00fasico.<\/p>\n<p>Quando o m\u00fasico come\u00e7ou a tocar o profeta ficou alegre (mesmo que essa alegria foi induzida artificialmente ouvindo m\u00fasica), e novamente pairou sobre ele a presen\u00e7a Divina<\/p>\n<p>Ele falou a profecia, a \u00e1gua veio de longe por milagre, e n\u00e3o s\u00f3 que todos se salvaram, mas tiveram mais um grande milagre no m\u00e9rito da alegria do profeta.<\/p>\n<p>O ex\u00e9rcito inimigo que veio pegar os despojos depois ter conclu\u00eddo que aqueles tr\u00eas ex\u00e9rcitos secaram como todos os outros que escolheram aquele caminho para fazer uma guerra, e sem saber que o milagre aconteceu, foram pegos de surpresa e a guerra foi ganha com facilidade,<\/p>\n<p>Tudo no m\u00e9rito da alegria do profeta gerada artificialmente ouvindo uma m\u00fasica.<\/p>\n<p>Conclus\u00e3o:<\/p>\n<p>Devemos que ser fortes como um le\u00e3o e ficar felizes contra a nossa pr\u00f3pria vontade. E tamb\u00e9m descobrimos aqui que a m\u00fasica tem a capacidade nos trazer toda essa alegria que nos une \u00e0 AShem .<\/p>\n<p>&nbsp;<\/p>\n<p style=\"text-align: center;\"><img loading=\"lazy\" decoding=\"async\" class=\"aligncenter size-thumbnail wp-image-21884\" src=\"https:\/\/rabinogloiber.org\/wp-content\/uploads\/2025\/08\/IMG_1217-150x150.jpeg\" alt=\"\" width=\"150\" height=\"150\" srcset=\"https:\/\/rabinogloiber.org\/wp-content\/uploads\/2025\/08\/IMG_1217-150x150.jpeg 150w, https:\/\/rabinogloiber.org\/wp-content\/uploads\/2025\/08\/IMG_1217-90x90.jpeg 90w\" sizes=\"auto, (max-width: 150px) 100vw, 150px\" \/><\/p>\n<p>&nbsp;<\/p>\n<p style=\"text-align: center;\"><strong>Rabi Nachman de Breslev diz:<\/strong><\/p>\n<p>&nbsp;<\/p>\n<p>Lembre-se sempre que a alegria n\u00e3o \u00e9 uma coisa sup\u00e9rflua na vida, ela \u00e9 uma necessidade b\u00e1sica.<\/p>\n<p>N\u00e3o existe nada que nos liberta mais do que a alegria, ela liberta o seu c\u00e9rebro e faz pairar sobre voc\u00ea a tranquilidade.<\/p>\n<p>Perder a esperan\u00e7a \u00e9 como perder a liberdade, \u00e9 se perder a si pr\u00f3prio<\/p>\n<p>Encontrar a alegria verdadeira \u00e9 a mais importante das metas<\/p>\n<p>Se o \u00fanico jeito de voc\u00ea se alegrar \u00e9 fazendo palha\u00e7adas que n\u00e3o prejudicam as pessoas, fa\u00e7a isso.<\/p>\n<p>Tristeza causa preju\u00edzos imensur\u00e1veis, use todos os meios que voc\u00ea pode para se tornar alegre.<\/p>\n<p>N\u00e3o deixe as lembran\u00e7as do passado e as preocupa\u00e7\u00f5es do futuro baixarem o seu \u00e2nimo.<\/p>\n<p>Se mesmo voc\u00ea querendo ficar alegre voc\u00ea se sente triste, lembre-se dos bons momentos que voc\u00ea j\u00e1 teve e a alegria voltar\u00e1.<\/p>\n<p>Se voc\u00ea n\u00e3o se sente alegre fa\u00e7a de conta que est\u00e1 alegre, fa\u00e7a um sorriso artificial, comporte-se como se voc\u00ea estivesse alegre e a alegria verdadeira vir\u00e1 em decorr\u00eancia disso<\/p>\n<p>Acostume-se a cantar, isso vai te dar uma vida nova e encher voc\u00ea de alegria.<\/p>\n<p>Acostume-se a dan\u00e7ar, a dan\u00e7a vai tirar a sua tristeza e espantar os seus sofrimentos.<\/p>\n<p>Sorria sempre, voc\u00ea vai ter nas m\u00e3os um presente \u201cvida\u201d para dar para os outros.<\/p>\n<p>De vez enquanto as pessoas est\u00e3o em um grande desespero e n\u00e3o tem para quem contar os seus problemas, se voc\u00ea aparece com um sorriso reluzindo no seu rosto voc\u00ea as motiva e d\u00e1 para elas uma vida nova.<\/p>\n<p>\u00c9 t\u00e3o importante estar alegre a ponto de voc\u00ea ter que se obrigar a estar alegre nem que seja de uma maneira artificial.<\/p>\n<p>\u00c9 normal ver o esquecimento como um defeito , mas eu vejo ele como uma virtude. Saber esquecer quer dizer se livrar de todos os sofrimentos do passado.<\/p>\n<p>Nunca, mas nunca se desanime! \u00c9 proibido abrir m\u00e3o da esperan\u00e7a.<\/p>\n<p>Se voc\u00ea at\u00e9 acredita que pode ficar pior, quanto mais voc\u00ea tem que acreditar que pode ficar melhor!<\/p>\n<p>&nbsp;<\/p>\n<p>Rabino Gloiber<\/p>\n<p>Sempre correndo<\/p>\n<p>Mas sempre rezando por voc\u00ea \ud83c\udf3b<\/p>\n<p><a href=\"https:\/\/rabinogloiber.org\/\">www.RabinoGloiber.org<\/a><\/p>\n<p style=\"text-align: center;\">\u05dc\u05d0 \u05ea\u05dd \u05d5\u05dc\u05d0 \u05e0\u05e9\u05dc\u05dd<\/p>\n<p dir=\"rtl\" style=\"text-align: center;\">\u05dc\u05d6\u05db\u05d5\u05ea \u05d1\u05ea\u05d9 \u05d4\u05d9\u05e7\u05e8\u05d4 \u05e8\u05d1\u05e7\u05d4 \u05e2\u05dc\u05e7\u05d0 \u05d1\u05ea \u05d1\u05e8\u05db\u05d4 \u05d7\u05d9\u05d9\u05e7\u05d0<\/p>\n","protected":false},"excerpt":{"rendered":"<p>Alegria &nbsp; &nbsp; Escrito por Rabino Avraham Eitan Gloiber &nbsp; Baseado nos ensinamentos do Rebe de Lubavitch &nbsp; \ud83c\udf3b\ud83c\udf3b\ud83c\udf3b\ud83c\udf3b Aviso importante sobre a translitera\u00e7\u00e3o das palavras em hebraico Os Rabinos portugueses de centenas de anos atr\u00e1s usaram&hellip;<\/p>\n","protected":false},"author":4,"featured_media":0,"parent":0,"menu_order":0,"comment_status":"closed","ping_status":"closed","template":"","meta":{"give_campaign_id":0,"footnotes":""},"class_list":["post-18311","page","type-page","status-publish","hentry"],"campaignId":"","_hostinger_reach_plugin_has_subscription_block":false,"_hostinger_reach_plugin_is_elementor":false,"_links":{"self":[{"href":"https:\/\/rabinogloiber.org\/index.php?rest_route=\/wp\/v2\/pages\/18311","targetHints":{"allow":["GET"]}}],"collection":[{"href":"https:\/\/rabinogloiber.org\/index.php?rest_route=\/wp\/v2\/pages"}],"about":[{"href":"https:\/\/rabinogloiber.org\/index.php?rest_route=\/wp\/v2\/types\/page"}],"author":[{"embeddable":true,"href":"https:\/\/rabinogloiber.org\/index.php?rest_route=\/wp\/v2\/users\/4"}],"replies":[{"embeddable":true,"href":"https:\/\/rabinogloiber.org\/index.php?rest_route=%2Fwp%2Fv2%2Fcomments&post=18311"}],"version-history":[{"count":22,"href":"https:\/\/rabinogloiber.org\/index.php?rest_route=\/wp\/v2\/pages\/18311\/revisions"}],"predecessor-version":[{"id":23857,"href":"https:\/\/rabinogloiber.org\/index.php?rest_route=\/wp\/v2\/pages\/18311\/revisions\/23857"}],"wp:attachment":[{"href":"https:\/\/rabinogloiber.org\/index.php?rest_route=%2Fwp%2Fv2%2Fmedia&parent=18311"}],"curies":[{"name":"wp","href":"https:\/\/api.w.org\/{rel}","templated":true}]}}