{"id":21106,"date":"2025-02-27T21:26:38","date_gmt":"2025-02-27T21:26:38","guid":{"rendered":"https:\/\/rabinogloiber.org\/?page_id=21106"},"modified":"2026-01-09T13:47:07","modified_gmt":"2026-01-09T13:47:07","slug":"amigos-da-ong","status":"publish","type":"page","link":"https:\/\/rabinogloiber.org\/?page_id=21106","title":{"rendered":"Amigos da ONG"},"content":{"rendered":"<h4><span style=\"color: #ff0000;\">Bem vindos a nossa p\u00e1gina de &#8220;Amigos da ONG&#8221;<\/span><\/h4>\n<h6 style=\"text-align: center;\"><span style=\"color: #0000ff;\">Se voc\u00ea \u00e9 um Amigo ou Amiga da ONG e quer escrever alguma coisa e compartilhar com todos os nossos Amigos da ONG, me \u00a0compartilhe e eu coloco aqui na nossa p\u00e1gina dos Amigos da ONG\u00a0<\/span><\/h6>\n<p style=\"text-align: center;\">\ud83c\udf3b\ud83c\udf3b\ud83c\udf3b\ud83c\udf3b\ud83c\udf3b\ud83c\udf3b<\/p>\n<p style=\"text-align: center;\">Mensagem da nossa querida diretora Rifka Haia Eitan<\/p>\n<p style=\"text-align: center;\"><img loading=\"lazy\" decoding=\"async\" class=\"aligncenter size-medium wp-image-23512\" src=\"https:\/\/rabinogloiber.org\/wp-content\/uploads\/2026\/01\/564382f4-dcaf-40bf-8a0d-a34e9ba6fe43-225x300.jpeg\" alt=\"\" width=\"225\" height=\"300\" srcset=\"https:\/\/rabinogloiber.org\/wp-content\/uploads\/2026\/01\/564382f4-dcaf-40bf-8a0d-a34e9ba6fe43-225x300.jpeg 225w, https:\/\/rabinogloiber.org\/wp-content\/uploads\/2026\/01\/564382f4-dcaf-40bf-8a0d-a34e9ba6fe43-768x1024.jpeg 768w, https:\/\/rabinogloiber.org\/wp-content\/uploads\/2026\/01\/564382f4-dcaf-40bf-8a0d-a34e9ba6fe43-1152x1536.jpeg 1152w, https:\/\/rabinogloiber.org\/wp-content\/uploads\/2026\/01\/564382f4-dcaf-40bf-8a0d-a34e9ba6fe43-370x493.jpeg 370w, https:\/\/rabinogloiber.org\/wp-content\/uploads\/2026\/01\/564382f4-dcaf-40bf-8a0d-a34e9ba6fe43-760x1013.jpeg 760w, https:\/\/rabinogloiber.org\/wp-content\/uploads\/2026\/01\/564382f4-dcaf-40bf-8a0d-a34e9ba6fe43.jpeg 1200w\" sizes=\"auto, (max-width: 225px) 100vw, 225px\" \/><\/p>\n<p style=\"text-align: center;\">Obrigada por voc\u00ea existir e ser essa pessoa t\u00e3o incr\u00edvel de maravilhosa que \u00e9.<\/p>\n<p style=\"text-align: center;\">Obrigada , obrigada do fundo do cora\u00e7\u00e3o \u2764\ufe0f<\/p>\n<p style=\"text-align: center;\"><img loading=\"lazy\" decoding=\"async\" class=\"aligncenter size-medium wp-image-23513\" src=\"https:\/\/rabinogloiber.org\/wp-content\/uploads\/2026\/01\/IMG_2228-199x300.jpeg\" alt=\"\" width=\"199\" height=\"300\" srcset=\"https:\/\/rabinogloiber.org\/wp-content\/uploads\/2026\/01\/IMG_2228-199x300.jpeg 199w, https:\/\/rabinogloiber.org\/wp-content\/uploads\/2026\/01\/IMG_2228-680x1024.jpeg 680w, https:\/\/rabinogloiber.org\/wp-content\/uploads\/2026\/01\/IMG_2228-370x558.jpeg 370w, https:\/\/rabinogloiber.org\/wp-content\/uploads\/2026\/01\/IMG_2228.jpeg 720w\" sizes=\"auto, (max-width: 199px) 100vw, 199px\" \/><\/p>\n<p style=\"text-align: center;\">Mensagens do nosso querido amigo da ONG \u05d9\u05d5\u05d7\u05e0\u05df<\/p>\n<p style=\"text-align: center;\"><img loading=\"lazy\" decoding=\"async\" class=\"aligncenter size-medium wp-image-22964\" src=\"https:\/\/rabinogloiber.org\/wp-content\/uploads\/2025\/10\/IMG_1838-292x300.jpeg\" alt=\"\" width=\"292\" height=\"300\" srcset=\"https:\/\/rabinogloiber.org\/wp-content\/uploads\/2025\/10\/IMG_1838-292x300.jpeg 292w, https:\/\/rabinogloiber.org\/wp-content\/uploads\/2025\/10\/IMG_1838-370x380.jpeg 370w, https:\/\/rabinogloiber.org\/wp-content\/uploads\/2025\/10\/IMG_1838.jpeg 445w\" sizes=\"auto, (max-width: 292px) 100vw, 292px\" \/><\/p>\n<p>O meu Rav!! Estava pensando no senhor agora mesmo. O que precisar pode contar comigo.<\/p>\n<p>Shalom nosso Rav<br \/>\nGostaria de agradecer pelas palavras de ensinamento. Algumas d\u00favidas v\u00e3o surgindo e sou curioso \ud83d\ude02 Obrigado \ud83d\ude4f\ud83c\udffc<\/p>\n<p>Shalom, Rabino Gloiber! \ud83d\ude4f<br \/>\nQuero expressar minha profunda gratid\u00e3o por todo o conhecimento, orienta\u00e7\u00e3o e dedica\u00e7\u00e3o que o senhor compartilha conosco. Suas palavras sempre fortalecem nossa emun\u00e1 e nos aproximam ainda mais de Hashem. Que Ele continue lhe concedendo muita sa\u00fade, sabedoria e b\u00ean\u00e7\u00e3os sem limites para que possa continuar iluminando tantas vidas.<\/p>\n<p style=\"text-align: center;\">\ud83c\udf3b\ud83c\udf3b\ud83c\udf3b\ud83c\udf3b<\/p>\n<p>Shalom, Rabino Gloiber \ud83c\udf1f<\/p>\n<p>Percebi que fui removido do grupo, mas n\u00e3o poderia deixar de expressar minha sincera gratid\u00e3o por tudo o que o senhor representa na minha vida. \ud83d\ude4f<\/p>\n<p>Cada ensinamento, cada palavra e cada li\u00e7\u00e3o transmitida deixaram marcas profundas no meu caminho espiritual.<\/p>\n<p>Agrade\u00e7o a Hashem pela oportunidade de ter aprendido tanto com o senhor e desejo que Ele continue aben\u00e7oando sua vida com sa\u00fade, sabedoria e luz para seguir inspirando tantas pessoas.<\/p>\n<p style=\"text-align: center;\">\ud83c\udf3b\ud83c\udf3b\ud83c\udf3b\ud83c\udf3b<\/p>\n<p>querido Rav Gloiber!<br \/>\nCom grande respeito e admira\u00e7\u00e3o, gostaria de pedir ao senhor que, se for poss\u00edvel, impusesse as m\u00e3os sobre a minha cabe\u00e7a e me concedesse uma brach\u00e1.<br \/>\nDesejo receber essa b\u00ean\u00e7\u00e3o para fortalecer minha nesham\u00e1, renovar meu prop\u00f3sito e seguir os caminhos de Hashem com mais luz e emun\u00e1.<br \/>\nQue Hashem continue aben\u00e7oando o Rav com sabedoria, sa\u00fade e longos dias para guiar o povo de Israel.\ud83c\uddee\ud83c\uddf1<\/p>\n<p>&nbsp;<\/p>\n<p style=\"text-align: center;\"><img loading=\"lazy\" decoding=\"async\" class=\"aligncenter size-medium wp-image-23100\" src=\"https:\/\/rabinogloiber.org\/wp-content\/uploads\/2025\/10\/IMG-20251023-WA0024-300x169.jpg\" alt=\"\" width=\"300\" height=\"169\" srcset=\"https:\/\/rabinogloiber.org\/wp-content\/uploads\/2025\/10\/IMG-20251023-WA0024-300x169.jpg 300w, https:\/\/rabinogloiber.org\/wp-content\/uploads\/2025\/10\/IMG-20251023-WA0024-1024x576.jpg 1024w, https:\/\/rabinogloiber.org\/wp-content\/uploads\/2025\/10\/IMG-20251023-WA0024-768x432.jpg 768w, https:\/\/rabinogloiber.org\/wp-content\/uploads\/2025\/10\/IMG-20251023-WA0024-370x208.jpg 370w, https:\/\/rabinogloiber.org\/wp-content\/uploads\/2025\/10\/IMG-20251023-WA0024-1170x658.jpg 1170w, https:\/\/rabinogloiber.org\/wp-content\/uploads\/2025\/10\/IMG-20251023-WA0024-840x474.jpg 840w, https:\/\/rabinogloiber.org\/wp-content\/uploads\/2025\/10\/IMG-20251023-WA0024-760x428.jpg 760w, https:\/\/rabinogloiber.org\/wp-content\/uploads\/2025\/10\/IMG-20251023-WA0024.jpg 1280w\" sizes=\"auto, (max-width: 300px) 100vw, 300px\" \/><\/p>\n<p>Recebemos as fotos de Suc\u00f3t da nossa queridas amiga da ONG Raquel com suas filhas Samira e Jade diretamente da Sinagoga Shel Guemilut Hassadim do Botafogo Rio de Janeiro<\/p>\n<p><img loading=\"lazy\" decoding=\"async\" class=\"aligncenter size-medium wp-image-22960\" src=\"https:\/\/rabinogloiber.org\/wp-content\/uploads\/2025\/10\/f456cbaf-30da-42fb-b81a-554b228733dd-169x300.jpeg\" alt=\"\" width=\"169\" height=\"300\" srcset=\"https:\/\/rabinogloiber.org\/wp-content\/uploads\/2025\/10\/f456cbaf-30da-42fb-b81a-554b228733dd-169x300.jpeg 169w, https:\/\/rabinogloiber.org\/wp-content\/uploads\/2025\/10\/f456cbaf-30da-42fb-b81a-554b228733dd-576x1024.jpeg 576w, https:\/\/rabinogloiber.org\/wp-content\/uploads\/2025\/10\/f456cbaf-30da-42fb-b81a-554b228733dd-768x1365.jpeg 768w, https:\/\/rabinogloiber.org\/wp-content\/uploads\/2025\/10\/f456cbaf-30da-42fb-b81a-554b228733dd-864x1536.jpeg 864w, https:\/\/rabinogloiber.org\/wp-content\/uploads\/2025\/10\/f456cbaf-30da-42fb-b81a-554b228733dd-370x658.jpeg 370w, https:\/\/rabinogloiber.org\/wp-content\/uploads\/2025\/10\/f456cbaf-30da-42fb-b81a-554b228733dd-760x1351.jpeg 760w, https:\/\/rabinogloiber.org\/wp-content\/uploads\/2025\/10\/f456cbaf-30da-42fb-b81a-554b228733dd.jpeg 900w\" sizes=\"auto, (max-width: 169px) 100vw, 169px\" \/><\/p>\n<p style=\"text-align: center;\">Nossa querida amiga da ONG Raquel<\/p>\n<p><img loading=\"lazy\" decoding=\"async\" class=\"aligncenter size-medium wp-image-22959\" src=\"https:\/\/rabinogloiber.org\/wp-content\/uploads\/2025\/10\/IMG_1814-169x300.jpeg\" alt=\"\" width=\"169\" height=\"300\" srcset=\"https:\/\/rabinogloiber.org\/wp-content\/uploads\/2025\/10\/IMG_1814-169x300.jpeg 169w, https:\/\/rabinogloiber.org\/wp-content\/uploads\/2025\/10\/IMG_1814-576x1024.jpeg 576w, https:\/\/rabinogloiber.org\/wp-content\/uploads\/2025\/10\/IMG_1814-768x1365.jpeg 768w, https:\/\/rabinogloiber.org\/wp-content\/uploads\/2025\/10\/IMG_1814-864x1536.jpeg 864w, https:\/\/rabinogloiber.org\/wp-content\/uploads\/2025\/10\/IMG_1814-370x658.jpeg 370w, https:\/\/rabinogloiber.org\/wp-content\/uploads\/2025\/10\/IMG_1814-760x1351.jpeg 760w, https:\/\/rabinogloiber.org\/wp-content\/uploads\/2025\/10\/IMG_1814.jpeg 900w\" sizes=\"auto, (max-width: 169px) 100vw, 169px\" \/><\/p>\n<p style=\"text-align: center;\">Sua querida filha Samira<\/p>\n<p style=\"text-align: center;\"><img loading=\"lazy\" decoding=\"async\" class=\"aligncenter size-medium wp-image-22958\" src=\"https:\/\/rabinogloiber.org\/wp-content\/uploads\/2025\/10\/IMG_1816-169x300.jpeg\" alt=\"\" width=\"169\" height=\"300\" srcset=\"https:\/\/rabinogloiber.org\/wp-content\/uploads\/2025\/10\/IMG_1816-169x300.jpeg 169w, https:\/\/rabinogloiber.org\/wp-content\/uploads\/2025\/10\/IMG_1816-576x1024.jpeg 576w, https:\/\/rabinogloiber.org\/wp-content\/uploads\/2025\/10\/IMG_1816-768x1365.jpeg 768w, https:\/\/rabinogloiber.org\/wp-content\/uploads\/2025\/10\/IMG_1816-864x1536.jpeg 864w, https:\/\/rabinogloiber.org\/wp-content\/uploads\/2025\/10\/IMG_1816-370x658.jpeg 370w, https:\/\/rabinogloiber.org\/wp-content\/uploads\/2025\/10\/IMG_1816-760x1351.jpeg 760w, https:\/\/rabinogloiber.org\/wp-content\/uploads\/2025\/10\/IMG_1816.jpeg 900w\" sizes=\"auto, (max-width: 169px) 100vw, 169px\" \/><\/p>\n<p style=\"text-align: center;\">Sua querida filha Jade<\/p>\n<p>&nbsp;<\/p>\n<p style=\"text-align: center;\">Parab\u00e9ns\ud83d\udc4f\ud83d\udc4f\ud83d\udc4f\ud83d\udc4f<\/p>\n<p>&nbsp;<\/p>\n<p style=\"text-align: center;\">\ud83c\udf3b\ud83c\udf3b\ud83c\udf3b\ud83c\udf3b<\/p>\n<p>&nbsp;<\/p>\n<p style=\"text-align: center;\">Nosso \u00a0Dvar Tor\u00e1 de hoje \u00e9 do nosso querido Amigo da ONG<\/p>\n<p>&nbsp;<\/p>\n<p style=\"text-align: center;\"><img loading=\"lazy\" decoding=\"async\" class=\"aligncenter size-thumbnail wp-image-21109\" src=\"https:\/\/rabinogloiber.org\/wp-content\/uploads\/2025\/02\/528b4830-6c6f-49a8-b227-8580b0055d1e-150x150.jpeg\" alt=\"\" width=\"150\" height=\"150\" srcset=\"https:\/\/rabinogloiber.org\/wp-content\/uploads\/2025\/02\/528b4830-6c6f-49a8-b227-8580b0055d1e-150x150.jpeg 150w, https:\/\/rabinogloiber.org\/wp-content\/uploads\/2025\/02\/528b4830-6c6f-49a8-b227-8580b0055d1e-90x90.jpeg 90w, https:\/\/rabinogloiber.org\/wp-content\/uploads\/2025\/02\/528b4830-6c6f-49a8-b227-8580b0055d1e-370x370.jpeg 370w\" sizes=\"auto, (max-width: 150px) 100vw, 150px\" \/><\/p>\n<p style=\"text-align: center;\"><strong>Dr Ciro Jones\u00a0<\/strong><\/p>\n<p style=\"text-align: center;\">A VIDA E O NOSSO DESTINO<\/p>\n<p>Ca\u00edmos aqui nesse mundo e levamos algum tempo para nos adaptar com um corpo limitado, f\u00edsico, material e perec\u00edvel, sim fr\u00e1gil e suscet\u00edvel a problemas.<\/p>\n<p>Na medida em que nos adaptamos com essa vida, aprendemos a desfrutar dos prazeres dela e tamb\u00e9m das dificuldades que ela, vida nos proporciona!<\/p>\n<p>In\u00fameras linhas de pensamento permeiam nesse mundo, mas a maioria delas voltadas e dirigidas \u00e0s respectivas &#8220;sombras&#8221;,seus Egos, e na maioria das teorias, o \u00faltimo Nome a ser mencionado, \u00e9 O do pr\u00f3prio Autor de toda obra!!!<\/p>\n<p>A vida aqui a n\u00f3s foi necess\u00e1ria, esse corpo \u00e9 o nosso carro, nos tempos de hoje, que nos leva a lugares aonde deveremos estar e no tempo daqui tudo \u00e9 Calibrado!<\/p>\n<p>Muitas vezes nossos carros s\u00e3o ruins, constrange a n\u00f3s, nos impede de prosseguir ao nosso Trabalho aqui a fazer, mas assim continuamos!!!<\/p>\n<p>Muitas vezes nossos carros s\u00e3o t\u00e3o confort\u00e1veis, robustos, belos, potentes e at\u00e9 nos iludem que s\u00e3o as nossas conquistas, assumindo, muitas vezes, os nossos objetivos de forma Equivocada, e nos faz esquecer que daqui n\u00e3o pertencemos!!!<\/p>\n<p>A admiss\u00e3o de Um Ser Supremo que nos criou e nos governa permanentemente, que nos ensina para que olhemos ao nosso redor e ap\u00f3s isso aos C\u00e9us para entender de onde viemos \u00e9 para onde retornaremos!<\/p>\n<p>As bagagens daqui n\u00e3o levaremos, mas apenas para nos ajudar a atingir o melhor de nossas Luzes aqui no escuro que se tornar\u00e1 o Ber\u00e7o das Luzes aonde A Luz Maior poder\u00e1 se revelar e assim iremos continuar<\/p>\n<p>Mas, a partir da\u00ed, Aquele que sempre nos acompanhou em cada instante de nossas vindas e idas, estar\u00e1 lado a Lado, Revelado a n\u00f3s porque estaremos a um n\u00edvel de clareza e Luz, ap\u00f3s a vit\u00f3ria de nossas guerras de dentro que anularam as guerras de fora<\/p>\n<p>Ent\u00e3o, tudo se tornar\u00e1 pura Luz, n\u00e3o f\u00edsica, mas a grande Luz que tudo criou e se ocultou para que pud\u00e9ssemos descer at\u00e9 o abismo da escurid\u00e3o levando as Luzes que Pai nos deu!!!<\/p>\n<p>E que Assim Seja!!!<br \/>\nAmen<\/p>\n<p><strong>Dr Ciro Jones<\/strong><\/p>\n<p>&nbsp;<\/p>\n<p style=\"text-align: center;\"><img loading=\"lazy\" decoding=\"async\" class=\"aligncenter size-thumbnail wp-image-21111\" src=\"https:\/\/rabinogloiber.org\/wp-content\/uploads\/2025\/02\/IMG_8793-150x150.jpeg\" alt=\"\" width=\"150\" height=\"150\" srcset=\"https:\/\/rabinogloiber.org\/wp-content\/uploads\/2025\/02\/IMG_8793-150x150.jpeg 150w, https:\/\/rabinogloiber.org\/wp-content\/uploads\/2025\/02\/IMG_8793-90x90.jpeg 90w, https:\/\/rabinogloiber.org\/wp-content\/uploads\/2025\/02\/IMG_8793-370x370.jpeg 370w\" sizes=\"auto, (max-width: 150px) 100vw, 150px\" \/><\/p>\n<p style=\"text-align: center;\">___________________________________<\/p>\n","protected":false},"excerpt":{"rendered":"<p>Bem vindos a nossa p\u00e1gina de &#8220;Amigos da ONG&#8221; Se voc\u00ea \u00e9 um Amigo ou Amiga da ONG e quer escrever alguma coisa e compartilhar com todos os nossos Amigos da ONG, me \u00a0compartilhe e eu coloco&hellip;<\/p>\n","protected":false},"author":4,"featured_media":0,"parent":0,"menu_order":0,"comment_status":"closed","ping_status":"closed","template":"","meta":{"give_campaign_id":0,"footnotes":""},"class_list":["post-21106","page","type-page","status-publish","hentry"],"campaignId":"","_hostinger_reach_plugin_has_subscription_block":false,"_hostinger_reach_plugin_is_elementor":false,"_links":{"self":[{"href":"https:\/\/rabinogloiber.org\/index.php?rest_route=\/wp\/v2\/pages\/21106","targetHints":{"allow":["GET"]}}],"collection":[{"href":"https:\/\/rabinogloiber.org\/index.php?rest_route=\/wp\/v2\/pages"}],"about":[{"href":"https:\/\/rabinogloiber.org\/index.php?rest_route=\/wp\/v2\/types\/page"}],"author":[{"embeddable":true,"href":"https:\/\/rabinogloiber.org\/index.php?rest_route=\/wp\/v2\/users\/4"}],"replies":[{"embeddable":true,"href":"https:\/\/rabinogloiber.org\/index.php?rest_route=%2Fwp%2Fv2%2Fcomments&post=21106"}],"version-history":[{"count":13,"href":"https:\/\/rabinogloiber.org\/index.php?rest_route=\/wp\/v2\/pages\/21106\/revisions"}],"predecessor-version":[{"id":23514,"href":"https:\/\/rabinogloiber.org\/index.php?rest_route=\/wp\/v2\/pages\/21106\/revisions\/23514"}],"wp:attachment":[{"href":"https:\/\/rabinogloiber.org\/index.php?rest_route=%2Fwp%2Fv2%2Fmedia&parent=21106"}],"curies":[{"name":"wp","href":"https:\/\/api.w.org\/{rel}","templated":true}]}}