{"id":21262,"date":"2025-03-31T17:37:23","date_gmt":"2025-03-31T17:37:23","guid":{"rendered":"https:\/\/rabinogloiber.org\/?page_id=21262"},"modified":"2025-03-31T17:37:23","modified_gmt":"2025-03-31T17:37:23","slug":"pessah-adeus-hametz","status":"publish","type":"page","link":"https:\/\/rabinogloiber.org\/?page_id=21262","title":{"rendered":"Pessa&#8217;h &#8211; Adeus Hametz"},"content":{"rendered":"<p><img loading=\"lazy\" decoding=\"async\" class=\"aligncenter  wp-image-21264\" src=\"https:\/\/rabinogloiber.org\/wp-content\/uploads\/2025\/03\/Imagem-do-WhatsApp-de-2025-03-31-as-19.05.58_23d2a677.jpg\" alt=\"\" width=\"241\" height=\"322\" srcset=\"https:\/\/rabinogloiber.org\/wp-content\/uploads\/2025\/03\/Imagem-do-WhatsApp-de-2025-03-31-as-19.05.58_23d2a677.jpg 1200w, https:\/\/rabinogloiber.org\/wp-content\/uploads\/2025\/03\/Imagem-do-WhatsApp-de-2025-03-31-as-19.05.58_23d2a677-225x300.jpg 225w, https:\/\/rabinogloiber.org\/wp-content\/uploads\/2025\/03\/Imagem-do-WhatsApp-de-2025-03-31-as-19.05.58_23d2a677-768x1024.jpg 768w, https:\/\/rabinogloiber.org\/wp-content\/uploads\/2025\/03\/Imagem-do-WhatsApp-de-2025-03-31-as-19.05.58_23d2a677-1152x1536.jpg 1152w, https:\/\/rabinogloiber.org\/wp-content\/uploads\/2025\/03\/Imagem-do-WhatsApp-de-2025-03-31-as-19.05.58_23d2a677-370x493.jpg 370w, https:\/\/rabinogloiber.org\/wp-content\/uploads\/2025\/03\/Imagem-do-WhatsApp-de-2025-03-31-as-19.05.58_23d2a677-760x1013.jpg 760w\" sizes=\"auto, (max-width: 241px) 100vw, 241px\" \/><\/p>\n<p style=\"text-align: center;\"><strong>Adeus Hametz<\/strong><\/p>\n<p>Em Pessa\u2019h, al\u00e9m de n\u00e3o comer Hametz (fermentado), a Tor\u00e1 diz: &#8220;Por sete dias hametz n\u00e3o dever\u00e1 ser encontrado em suas casas.&#8221;<br \/>\nPortanto, tamb\u00e9m \u00e9 proibido para um judeu possuir hametz durante Pessa\u2019h (e parte do dia antes de Pessa\u2019h), n\u00e3o importando onde o hametz esteja, se na sua casa ou em outro lugar. Como resultado, n\u00f3s temos que nos preocupar em nos livrarmos de todo o hametz antes de Pessa\u2019h.<\/p>\n<p>Por esse motivo, n\u00f3s fazemos a &#8220;Mechirat Hametz&#8221; &#8211; &#8220;Venda de hametz&#8221; e &#8220;Bedikat Hametz&#8221; &#8211; &#8220;Procura do hametz&#8221;.<\/p>\n<p style=\"text-align: center;\"><strong>Venda do Hametz<\/strong><\/p>\n<p>Qualquer hametz que n\u00f3s pretendemos manter at\u00e9 depois de Pessa\u2019h (garrafa de whisky, etc.), precisa ser vendido para algu\u00e9m que n\u00e3o seja judeu. Portanto, o hametz n\u00e3o nos pertencer\u00e1 e n\u00e3o teremos posse sobre ele durante Pessa\u2019h. Vender o hametz \u00e9 um assunto s\u00e9rio. Existem muitas quest\u00f5es legais e detalhadas sobre essa venda e, portanto, deve ser feita por um rabino qualificado.<br \/>\nEle age como nosso agente tanto para vender o hametz antes de Pessa\u2019h, quanto para compr\u00e1-lo de volta ao t\u00e9rmino de Pessa\u2019h. Todo hametz e utens\u00edlios de hametz devem ser separados durante Pessa\u2019h. A \u00e1rea de armazenagem desse material deve ser trancada ou selada com uma fita.<\/p>\n<p>Hametz que n\u00e3o \u00e9 vendido e permanece de posse de um judeu durante Pessa\u2019h n\u00e3o pode ser usado, comido, comprado ou vendido depois de Pessa\u2019h.<\/p>\n<p><strong><em>Para evitar o hametz em seu poder durante Pessa\u2019h, preencha a procura\u00e7\u00e3o online para venda no link:<\/em><\/strong> https:\/\/pt.chabad.org\/holidays\/passover\/sell_chometz_cdo\/jewish\/Venda-seu-Chamts-Online.htm<\/p>\n","protected":false},"excerpt":{"rendered":"<p>Adeus Hametz Em Pessa\u2019h, al\u00e9m de n\u00e3o comer Hametz (fermentado), a Tor\u00e1 diz: &#8220;Por sete dias hametz n\u00e3o dever\u00e1 ser encontrado em suas casas.&#8221; Portanto, tamb\u00e9m \u00e9 proibido para um judeu possuir hametz durante Pessa\u2019h (e parte&hellip;<\/p>\n","protected":false},"author":4,"featured_media":0,"parent":0,"menu_order":0,"comment_status":"closed","ping_status":"closed","template":"","meta":{"give_campaign_id":0,"footnotes":""},"class_list":["post-21262","page","type-page","status-publish","hentry"],"campaignId":"","_hostinger_reach_plugin_has_subscription_block":false,"_hostinger_reach_plugin_is_elementor":false,"_links":{"self":[{"href":"https:\/\/rabinogloiber.org\/index.php?rest_route=\/wp\/v2\/pages\/21262","targetHints":{"allow":["GET"]}}],"collection":[{"href":"https:\/\/rabinogloiber.org\/index.php?rest_route=\/wp\/v2\/pages"}],"about":[{"href":"https:\/\/rabinogloiber.org\/index.php?rest_route=\/wp\/v2\/types\/page"}],"author":[{"embeddable":true,"href":"https:\/\/rabinogloiber.org\/index.php?rest_route=\/wp\/v2\/users\/4"}],"replies":[{"embeddable":true,"href":"https:\/\/rabinogloiber.org\/index.php?rest_route=%2Fwp%2Fv2%2Fcomments&post=21262"}],"version-history":[{"count":2,"href":"https:\/\/rabinogloiber.org\/index.php?rest_route=\/wp\/v2\/pages\/21262\/revisions"}],"predecessor-version":[{"id":21265,"href":"https:\/\/rabinogloiber.org\/index.php?rest_route=\/wp\/v2\/pages\/21262\/revisions\/21265"}],"wp:attachment":[{"href":"https:\/\/rabinogloiber.org\/index.php?rest_route=%2Fwp%2Fv2%2Fmedia&parent=21262"}],"curies":[{"name":"wp","href":"https:\/\/api.w.org\/{rel}","templated":true}]}}