{"id":21575,"date":"2025-07-01T11:14:10","date_gmt":"2025-07-01T11:14:10","guid":{"rendered":"https:\/\/rabinogloiber.org\/?page_id=21575"},"modified":"2025-07-01T11:44:43","modified_gmt":"2025-07-01T11:44:43","slug":"curiosidades","status":"publish","type":"page","link":"https:\/\/rabinogloiber.org\/?page_id=21575","title":{"rendered":"Curiosidades"},"content":{"rendered":"<p style=\"text-align: left;\">\nQuantas Vacas Vermelhas tivemos at\u00e9 hoje?<\/p>\n<p>At\u00e9 hoje tivemos nove Vacas Vermelhas.<\/p>\n<p>A primeira foi preparada por Elazar filho de Aharon sob a supervis\u00e3o de Mosh\u00ea, no segundo dia de Nissan, de 2449. Mosh\u00ea fez as kavanot (pensamentos apropriados) \u00e0 Mitzv\u00e1 , porque Elazar n\u00e3o compreendia suas raz\u00f5es.<\/p>\n<p>Uma b\u00ean\u00e7\u00e3o pairava sobre a por\u00e7\u00e3o das cinzas que Mosh\u00ea separou para purifica\u00e7\u00e3o: elas duraram at\u00e9 a \u00e9poca de Ezra.<\/p>\n<p>A Segunda Vaca Vermelha foi na \u00e9poca de Ezra<\/p>\n<p>A terceira e quarta foram na \u00e9poca de Shimon Hatsadik<\/p>\n<p>A quinta e a sexta foram na \u00e9poca de Yochanan Cohen Gadol (o Sumo-sacerdote).<\/p>\n<p>At\u00e9 a destrui\u00e7\u00e3o do Segundo Beit Hamikdash, (do segundo Templo Sagrado de Jerusal\u00e9m)<br \/>\ntivemos mais tr\u00eas vacas vermelhas<\/p>\n<p>A d\u00e9cima ser\u00e1 em breve na \u00e9poca do Mashia\u2019h<\/p>\n<p>Rabino Gloiber<br \/>\nSempre correndo<br \/>\nMas sempre rezando por voc\u00ea<\/p>\n","protected":false},"excerpt":{"rendered":"<p>Quantas Vacas Vermelhas tivemos at\u00e9 hoje? At\u00e9 hoje tivemos nove Vacas Vermelhas. A primeira foi preparada por Elazar filho de Aharon sob a supervis\u00e3o de Mosh\u00ea, no segundo dia de Nissan, de 2449. Mosh\u00ea fez as kavanot&hellip;<\/p>\n","protected":false},"author":4,"featured_media":0,"parent":0,"menu_order":0,"comment_status":"closed","ping_status":"closed","template":"","meta":{"give_campaign_id":0,"footnotes":""},"class_list":["post-21575","page","type-page","status-publish","hentry"],"campaignId":"","_hostinger_reach_plugin_has_subscription_block":false,"_hostinger_reach_plugin_is_elementor":false,"_links":{"self":[{"href":"https:\/\/rabinogloiber.org\/index.php?rest_route=\/wp\/v2\/pages\/21575","targetHints":{"allow":["GET"]}}],"collection":[{"href":"https:\/\/rabinogloiber.org\/index.php?rest_route=\/wp\/v2\/pages"}],"about":[{"href":"https:\/\/rabinogloiber.org\/index.php?rest_route=\/wp\/v2\/types\/page"}],"author":[{"embeddable":true,"href":"https:\/\/rabinogloiber.org\/index.php?rest_route=\/wp\/v2\/users\/4"}],"replies":[{"embeddable":true,"href":"https:\/\/rabinogloiber.org\/index.php?rest_route=%2Fwp%2Fv2%2Fcomments&post=21575"}],"version-history":[{"count":3,"href":"https:\/\/rabinogloiber.org\/index.php?rest_route=\/wp\/v2\/pages\/21575\/revisions"}],"predecessor-version":[{"id":21578,"href":"https:\/\/rabinogloiber.org\/index.php?rest_route=\/wp\/v2\/pages\/21575\/revisions\/21578"}],"wp:attachment":[{"href":"https:\/\/rabinogloiber.org\/index.php?rest_route=%2Fwp%2Fv2%2Fmedia&parent=21575"}],"curies":[{"name":"wp","href":"https:\/\/api.w.org\/{rel}","templated":true}]}}