{"id":22162,"date":"2025-08-11T21:58:49","date_gmt":"2025-08-11T21:58:49","guid":{"rendered":"https:\/\/rabinogloiber.org\/?page_id=22162"},"modified":"2025-08-11T21:58:49","modified_gmt":"2025-08-11T21:58:49","slug":"rabino-gloiber","status":"publish","type":"page","link":"https:\/\/rabinogloiber.org\/?page_id=22162","title":{"rendered":"Rabino Gloiber"},"content":{"rendered":"<p>&nbsp;<\/p>\n<p style=\"text-align: center;\"><img loading=\"lazy\" decoding=\"async\" class=\"aligncenter size-medium wp-image-22163\" src=\"https:\/\/rabinogloiber.org\/wp-content\/uploads\/2025\/08\/IMG_1179-300x300.png\" alt=\"\" width=\"300\" height=\"300\" srcset=\"https:\/\/rabinogloiber.org\/wp-content\/uploads\/2025\/08\/IMG_1179-300x300.png 300w, https:\/\/rabinogloiber.org\/wp-content\/uploads\/2025\/08\/IMG_1179-150x150.png 150w, https:\/\/rabinogloiber.org\/wp-content\/uploads\/2025\/08\/IMG_1179-768x768.png 768w, https:\/\/rabinogloiber.org\/wp-content\/uploads\/2025\/08\/IMG_1179-370x370.png 370w, https:\/\/rabinogloiber.org\/wp-content\/uploads\/2025\/08\/IMG_1179-90x90.png 90w, https:\/\/rabinogloiber.org\/wp-content\/uploads\/2025\/08\/IMG_1179-760x760.png 760w, https:\/\/rabinogloiber.org\/wp-content\/uploads\/2025\/08\/IMG_1179.png 1000w\" sizes=\"auto, (max-width: 300px) 100vw, 300px\" \/><\/p>\n<p>&nbsp;<\/p>\n<p>Rabino Avraham Eitan Gloiber mudou-se para Israel aos 18 anos e estudou no semin\u00e1rio rab\u00ednico de Kfar Chabad de 1978 \u00e0 1984.<\/p>\n<p>&nbsp;<\/p>\n<p>Ap\u00f3s concluir seus estudos, come\u00e7ou a trabalhar como professor em Israel tendo tido muito sucesso nessa \u00e1rea a ponto de um dos maiores jornais de Israel ter feito sobre ele uma grande reportagem.<\/p>\n<p>&nbsp;<\/p>\n<p>Rabino Gloiber esteve v\u00e1rias vezes com o Rebe de Lubavitch onde recebeu in\u00fameras ben\u00e7\u00e3os e instru\u00e7\u00f5es.<\/p>\n<p>&nbsp;<\/p>\n<p>Ele foi aluno do Rav Moshe Weber de Jerusal\u00e9m e esteve in\u00fameras vezes com Baba Sali presenciando l\u00e1 verdadeiros Milagres ligados a sua vida pessoal e p\u00fablica.<\/p>\n<p>&nbsp;<\/p>\n<p>A Tor\u00e1, a Sabedoria Judaica, nunca entra em f\u00e9rias. Por isso o Rabino nunca parou de estudar e sempre ap\u00f3s o trabalho em Israel estudava v\u00e1rias horas, continuando esse costume tamb\u00e9m aqui no Brasil.<\/p>\n<p>&nbsp;<\/p>\n<p>No ano 2000 voltou para o Brasil aonde continuou sempre ensinando Tor\u00e1, a Sabedoria Judaica.<\/p>\n<p>&nbsp;<\/p>\n<p>Em 2012 fundou sua pr\u00f3pria ONG, e este ano fundou sua pr\u00f3pria editora chamada de Oneg Tor\u00e1 que significa o prazer da Tor\u00e1.<\/p>\n<p>&nbsp;<\/p>\n<p>&nbsp;<\/p>\n","protected":false},"excerpt":{"rendered":"<p>&nbsp; &nbsp; Rabino Avraham Eitan Gloiber mudou-se para Israel aos 18 anos e estudou no semin\u00e1rio rab\u00ednico de Kfar Chabad de 1978 \u00e0 1984. &nbsp; Ap\u00f3s concluir seus estudos, come\u00e7ou a trabalhar como professor em Israel tendo&hellip;<\/p>\n","protected":false},"author":4,"featured_media":0,"parent":0,"menu_order":0,"comment_status":"closed","ping_status":"closed","template":"","meta":{"give_campaign_id":0,"footnotes":""},"class_list":["post-22162","page","type-page","status-publish","hentry"],"campaignId":"","_hostinger_reach_plugin_has_subscription_block":false,"_hostinger_reach_plugin_is_elementor":false,"_links":{"self":[{"href":"https:\/\/rabinogloiber.org\/index.php?rest_route=\/wp\/v2\/pages\/22162","targetHints":{"allow":["GET"]}}],"collection":[{"href":"https:\/\/rabinogloiber.org\/index.php?rest_route=\/wp\/v2\/pages"}],"about":[{"href":"https:\/\/rabinogloiber.org\/index.php?rest_route=\/wp\/v2\/types\/page"}],"author":[{"embeddable":true,"href":"https:\/\/rabinogloiber.org\/index.php?rest_route=\/wp\/v2\/users\/4"}],"replies":[{"embeddable":true,"href":"https:\/\/rabinogloiber.org\/index.php?rest_route=%2Fwp%2Fv2%2Fcomments&post=22162"}],"version-history":[{"count":1,"href":"https:\/\/rabinogloiber.org\/index.php?rest_route=\/wp\/v2\/pages\/22162\/revisions"}],"predecessor-version":[{"id":22165,"href":"https:\/\/rabinogloiber.org\/index.php?rest_route=\/wp\/v2\/pages\/22162\/revisions\/22165"}],"wp:attachment":[{"href":"https:\/\/rabinogloiber.org\/index.php?rest_route=%2Fwp%2Fv2%2Fmedia&parent=22162"}],"curies":[{"name":"wp","href":"https:\/\/api.w.org\/{rel}","templated":true}]}}