{"id":6111,"date":"2016-09-11T14:49:54","date_gmt":"2016-09-11T14:49:54","guid":{"rendered":"https:\/\/ongtora.wordpress.com\/?page_id=6111"},"modified":"2024-10-20T20:38:58","modified_gmt":"2024-10-20T20:38:58","slug":"bneibnei-noach","status":"publish","type":"page","link":"https:\/\/rabinogloiber.org\/?page_id=6111","title":{"rendered":"Bnei Noach\u00a0"},"content":{"rendered":"<p><b>Os sete mandamentos dos Bnei Noach<\/b><\/p>\n<p><span style=\"font-weight: 400;\">\u201cSheva Mitzvot B\u2019nei Noah\u201d s\u00e3o os mandamentos que foram dados a No\u00e9 ap\u00f3s o dil\u00favio como leis para toda a humanidade. <\/span><br \/>\n<span style=\"font-weight: 400;\">Enquanto os judeus est\u00e3o obrigados a cumprir 613 mandamentos da TOR\u00c1 os n\u00e3o-judeus seriam obrigados a seguir apenas as Sete Leis de No\u00e9. Quem cumpre estes mandamentos \u00e9 chamado Ben Noah. <\/span><\/p>\n<p><span style=\"font-weight: 400;\">O Shabat n\u00e3o est\u00e1 inclu\u00eddo nas Sete Leis de No\u00e9 , j\u00e1 que este mandamento foi dado exclusivamente aos povo de Israel.<\/span><\/p>\n<p><span style=\"font-weight: 400;\">As Sete Leis de Noah s\u00e3o genericamente:<\/span><\/p>\n<p><b>Avodah zarah \u2013 <\/b><br \/>\n<span style=\"font-weight: 400;\">n\u00e3o cometer Nenhuma idolatria. <\/span><br \/>\n<span style=\"font-weight: 400;\">reconhecer e rezar apenas para D\u2019us<\/span><\/p>\n<p><b>Shefihut damim<\/b><span style=\"font-weight: 400;\"> \u2013 <\/span><br \/>\n<span style=\"font-weight: 400;\">n\u00e3o assassinar, <\/span><br \/>\n<span style=\"font-weight: 400;\">n\u00e3o cometer suic\u00eddio, <\/span><br \/>\n<span style=\"font-weight: 400;\">n\u00e3o cometer aborto<\/span><\/p>\n<p><b>Guezel<\/b><span style=\"font-weight: 400;\"> \u2013 <\/span><br \/>\n<span style=\"font-weight: 400;\">n\u00e3o roubar, <\/span><br \/>\n<span style=\"font-weight: 400;\">n\u00e3o furtar, <\/span><br \/>\n<span style=\"font-weight: 400;\">n\u00e3o sequestrar pessoas, <\/span><br \/>\n<span style=\"font-weight: 400;\">n\u00e3o assaltar, <\/span><br \/>\n<span style=\"font-weight: 400;\">n\u00e3o estelionatar.<\/span><\/p>\n<p><b>Guilui arayot \u2013<\/b><br \/>\n<span style=\"font-weight: 400;\">n\u00e3o adulterar, <\/span><br \/>\n<span style=\"font-weight: 400;\">n\u00e3o cometer incesto , <\/span><br \/>\n<span style=\"font-weight: 400;\">n\u00e3o cometer ato homossexual masculino, <\/span><br \/>\n<span style=\"font-weight: 400;\">n\u00e3o fazer sexo com animais, <\/span><br \/>\n<span style=\"font-weight: 400;\">n\u00e3o cruzar ra\u00e7as diferentes de animais, <\/span><br \/>\n<span style=\"font-weight: 400;\">n\u00e3o castrar animais<\/span><\/p>\n<p><b>Birkat Hashem \u2013<\/b><br \/>\n<span style=\"font-weight: 400;\">n\u00e3o amaldi\u00e7oar \u00e0 D&#8217;us. <\/span><br \/>\n<span style=\"font-weight: 400;\">aceitar a singularidade de D\u2019us, <\/span><br \/>\n<span style=\"font-weight: 400;\">n\u00e3o praticar feiti\u00e7aria, <\/span><br \/>\n<span style=\"font-weight: 400;\">n\u00e3o praticar nenhum tipo de adivinha\u00e7\u00e3o, <\/span><br \/>\n<span style=\"font-weight: 400;\">n\u00e3o praticar conjura\u00e7\u00f5es (n\u00e3o jurar) <\/span><br \/>\n<span style=\"font-weight: 400;\">n\u00e3o cultuar o diabo , <\/span><br \/>\n<span style=\"font-weight: 400;\">n\u00e3o fazer consulta a mortos, <\/span><br \/>\n<span style=\"font-weight: 400;\">honrar pai e m\u00e3e<\/span><\/p>\n<p><b>Ever min ha-hai<\/b><span style=\"font-weight: 400;\"> \u2013 <\/span><br \/>\n<span style=\"font-weight: 400;\">n\u00e3o maltratar aos animais. <\/span><br \/>\n<span style=\"font-weight: 400;\">n\u00e3o comer parte de um animal que foi retirada dele enquanto ele ainda estava vivo<\/span><\/p>\n<p><b>Dinim<\/b><span style=\"font-weight: 400;\"> \u2013 <\/span><br \/>\n<span style=\"font-weight: 400;\">estabelecer sistemas e leis de honestidade e justi\u00e7a. <\/span><br \/>\n<span style=\"font-weight: 400;\">estabelecer tribunais e sistemas de justi\u00e7a, <\/span><br \/>\n<span style=\"font-weight: 400;\">n\u00e3o dar falsos testemunhos <\/span><br \/>\n<span style=\"font-weight: 400;\">n\u00e3o fazer falsos juramentos<\/span><br \/>\n<span style=\"font-weight: 400;\">Todos os seres humanos s\u00e3o obrigados a cumprir esse 7 mandamentos Divinos, mas o povo judeu recebeu um upgrade para 613 mandamentos com a entrega da Tor\u00e1 no monte Sinai<\/span><br \/>\n<span style=\"font-weight: 400;\">Ent\u00e3o, vamos colocar isso na pr\u00e1tica com muita alegria<\/span><\/p>\n<p style=\"text-align: center;\">================================<\/p>\n<h6 style=\"text-align: center;\">Pergunte ao Rabino (sobre essa se\u00e7\u00e3o)<\/h6>\n<h3><span style=\"line-height: 24px; font-size: 16px;\">Pergunta feita por : <\/span><span style=\"color: #000000; font-family: sans-serif; font-size: 18.968px;\">NAO DESEJO QUE MEU NOME APARE\u00c7A NO SITE <\/span><\/h3>\n<h4><span style=\"color: #000000; font-family: sans-serif; font-size: 18.968036651611px; line-height: normal;\">Pergunta: Quais efeitos negativos traz sobre a vida de algu\u00e9m que pratica o homossexualismo, mas que pratica de outra forma sem haver sodomia ?<\/span><\/h4>\n<p><span style=\"line-height: 24px; font-size: 16px;\">Resposta:<\/span><br \/>\n<span style=\"line-height: 24px; font-size: 16px;\"> Todas as rela\u00e7\u00f5es proibidas pela Tor\u00e1 chamadas de &#8220;guilui arayot&#8221; entram na regra de &#8220;prefer\u00edvel morrer do que fazer&#8221;. Ou seja, as vezes uma pessoa nasce ou adquire uma inclina\u00e7\u00e3o sexual pela m\u00e3e ou pela irm\u00e3 ou pela filha ou pela mulher proibida ou pelo animal ou homem por homem. Quando essa inclina\u00e7\u00e3o faz parte da natureza da pessoa com ela ele nasce e com ela ele vai morrer. Quando essa inclina\u00e7\u00e3o \u00e9 adquirida pelo meio ambiente pode ser totalmente exclu\u00edda, ou seja, sem ela ele nasce (mas adquiriu ela depois) e sem ela ele vai morrer (por ter refinado seu car\u00e1ter usando a Tor\u00e1 como referencial). Tanto a pessoa que nasceu assim quanto o que se tornou assim n\u00e3o deve incentivar a inclina\u00e7\u00e3o proibida mas deve direcionar seu pensamento fala e a\u00e7\u00e3o para coisas permitidas , consequentemente a inclina\u00e7\u00e3o proibida enfraquece. A Tor\u00e1 n\u00e3o s\u00f3 que n\u00e3o culpa ele por ter nascido assim mas elogia ele por n\u00e3o ter alimentado sua inclina\u00e7\u00e3o e considera ele muito maior do que aquele que nasceu sem essa m\u00e1 inclina\u00e7\u00e3o<\/span><br \/>\nA Tor\u00e1 nos conta sobre Yaakov e Essav que no ventre da m\u00e3e Rifk\u00e1 j\u00e1 tinham cada um uma inclina\u00e7\u00e3o diferente antes de nascerem. Quando Rifk\u00e1 estava gr\u00e1vida e passava perto de uma idolatria Essav queria nascer. Quando ela passava do lado da Yeshiv\u00e1 de Shem ou da Yeshiv\u00e1 de Ever Yaakov queria nascer. Ou seja, D&#8217;us criou dois tipos de almas com dois trabalhos diferentes, dois tipos de alegria Divina em rela\u00e7\u00e3o a n\u00f3s. Por exemplo, todos n\u00f3s gostamos de docinhos e salgadinhos. Quais s\u00e3o os docinhos e salgadinhos no trabalho Divino? Uma pessoa que nasce com inclina\u00e7\u00e3o para fazer coisas boas, quando ela faz essas coisas boas na pr\u00e1tica esse trabalho vai ser comparado aos docinhos do nosso exemplo. Outra pessoa nasce com inclina\u00e7\u00e3o para fazer coisas proibidas pela Tor\u00e1. O fato de ele n\u00e3o fazer essas coisas mesmo tendo vontade \u00e9 comparado aos salgadinhos do exemplo. Hashem est\u00e1 feliz com cada tipo de trabalho Divino. Depois dos 120 anos de vida, se Essav chegasse no c\u00e9u e o tribunal Divino perguntasse para ele o que ele fez nesse mundo e ele respondesse :- &#8220;Absolutamente nada!&#8221; Iria para o para\u00edso direto. Porque ele teria feito o trabalho Divino que no caso dele era de n\u00e3o fazer coisas proibidas pela Tor\u00e1 mesmo tendo vontade.<br \/>\nRabino Gloiber<br \/>\nsempre correndo<br \/>\nmas sempre com voc\u00ea<\/p>\n<p style=\"text-align: center;\">================================================================<\/p>\n<p><b>Comment: Ol\u00e1 Rabino! Que o Eterno aben\u00e7oe este trabalho que vem empenhando!<\/b><br \/>\n<b>Eu abri um pequeno comercio e fiz uma Alian\u00e7a com O Eterno de n\u00e3o abrir no dia de Shabat, mas depois de alguns estudos descobrir que a guarda do Shabat foi dada aos judeus.<\/b><br \/>\n<b>Apesar de ter sobrenomes anussim e assim poss\u00edvel descend\u00eancia, mas sei que n\u00e3o posso usurpar a identidade judaica. Gostaria de saber a sua opini\u00e3o sobre essa alian\u00e7a, se ela pode ser desfeita, mas eu me sinto muito bem com esta alian\u00e7a e s\u00f3 de pensar em quebra-l\u00e1 j\u00e1 me sinto mal.<\/b><\/p>\n<p>Pergunta respondida pela nossa volunt\u00e1ria Edna Winter<br \/>\nPrezado,<br \/>\nShalom!<br \/>\nAs leis referente a guarda de Shabat s\u00e3o exclusivas do povo judeu, por\u00e9m o bnei noach(filhos de No\u00e9) receberam leis espec\u00edficas na Alian\u00e7a No\u00e9tica ap\u00f3s o Dil\u00favio. O n\u00e3o judeu que tem o desejo de n\u00e3o trabalhar ou abrir seu com\u00e9rcio no Shabat ele pode, desde que n\u00e3o use isso como uma obriga\u00e7\u00e3o, mas sim como um desejo volunt\u00e1rio.<br \/>\nO que voc\u00ea deve ter em mente \u00e9 que qualquer coisa que fa\u00e7a dentro das leis judaicas n\u00e3o seja vista como uma obriga\u00e7\u00e3o, mas sim como um desejo volunt\u00e1rio de fazer.<br \/>\nCom rela\u00e7\u00e3o a sua &#8220;alian\u00e7a&#8221;, que acredito ser um voto que voc\u00ea fez, entendo que foi algo do seu desejo de servir ao Criador da melhor maneira poss\u00edvel.<br \/>\nEnt\u00e3o, n\u00e3o se pode fazer votos que n\u00e3o consiga cumprir, isso seria tolice como a B\u00edblia diz em Eclesiastes, 5.5<br \/>\nAo mesmo tempo que voc\u00ea pergunta se pode desfazer essa &#8220;alian\u00e7a&#8221;, voc\u00ea mesmo se responde com a frase: &#8220;mas eu me sinto muito bem com esta alian\u00e7a e s\u00f3 de pensar em quebra-l\u00e1 j\u00e1 me sinto mal&#8221;. Lembre-se que voc\u00ea n\u00e3o tem obriga\u00e7\u00e3o nenhuma de fechar seu estabelecimento no Shabat, mas se quer faz\u00ea-lo fa\u00e7a n\u00e3o como uma lei, mas como uma observ\u00e2ncia \u00e0 santidade do dia.<br \/>\nO fato de ter ascend\u00eancia ou sobrenome anoussim,n\u00e3o d\u00e1 direito a identidade judaica. Mesmo que comprove tudo isso, para se tornar judeu precisar\u00e1 fazer convers\u00e3o como qualquer um.<br \/>\nAproveite seu desejo de descansar no Shabat para estudar sobre a religi\u00e3o judaica e seus pormenores. Isso ajudar\u00e1 voc\u00ea a encontrar a sua verdadeira identidade.<br \/>\nShavua Tov!<br \/>\nEdna Winter<br \/>\nVolunt\u00e1ria na Ong Tor\u00e1<br \/>\nOBSERVA\u00c7\u00c3O DO RABINO: Edna, voc\u00ea \u00e9 muito boa!<br \/>\nAmei a sua resposta!!!<\/p>\n<p>\u05dc\u05d0 \u05ea\u05dd \u05d5\u05dc\u05d0 \u05e0\u05e9\u05dc\u05dd<\/p>\n","protected":false},"excerpt":{"rendered":"<p>Os sete mandamentos dos Bnei Noach \u201cSheva Mitzvot B\u2019nei Noah\u201d s\u00e3o os mandamentos que foram dados a No\u00e9 ap\u00f3s o dil\u00favio como leis para toda a humanidade. Enquanto os judeus est\u00e3o obrigados a cumprir 613 mandamentos da&hellip;<\/p>\n","protected":false},"author":4,"featured_media":0,"parent":0,"menu_order":0,"comment_status":"closed","ping_status":"closed","template":"","meta":{"give_campaign_id":0,"footnotes":""},"class_list":["post-6111","page","type-page","status-publish","hentry"],"campaignId":"","_hostinger_reach_plugin_has_subscription_block":false,"_hostinger_reach_plugin_is_elementor":false,"_links":{"self":[{"href":"https:\/\/rabinogloiber.org\/index.php?rest_route=\/wp\/v2\/pages\/6111","targetHints":{"allow":["GET"]}}],"collection":[{"href":"https:\/\/rabinogloiber.org\/index.php?rest_route=\/wp\/v2\/pages"}],"about":[{"href":"https:\/\/rabinogloiber.org\/index.php?rest_route=\/wp\/v2\/types\/page"}],"author":[{"embeddable":true,"href":"https:\/\/rabinogloiber.org\/index.php?rest_route=\/wp\/v2\/users\/4"}],"replies":[{"embeddable":true,"href":"https:\/\/rabinogloiber.org\/index.php?rest_route=%2Fwp%2Fv2%2Fcomments&post=6111"}],"version-history":[{"count":3,"href":"https:\/\/rabinogloiber.org\/index.php?rest_route=\/wp\/v2\/pages\/6111\/revisions"}],"predecessor-version":[{"id":20564,"href":"https:\/\/rabinogloiber.org\/index.php?rest_route=\/wp\/v2\/pages\/6111\/revisions\/20564"}],"wp:attachment":[{"href":"https:\/\/rabinogloiber.org\/index.php?rest_route=%2Fwp%2Fv2%2Fmedia&parent=6111"}],"curies":[{"name":"wp","href":"https:\/\/api.w.org\/{rel}","templated":true}]}}