{"id":7635,"date":"2018-03-18T10:29:03","date_gmt":"2018-03-18T13:29:03","guid":{"rendered":"http:\/\/ongtora.com\/?page_id=7635"},"modified":"2025-09-21T18:45:21","modified_gmt":"2025-09-21T18:45:21","slug":"receitas-de-rosh-hashana","status":"publish","type":"page","link":"https:\/\/rabinogloiber.org\/?page_id=7635","title":{"rendered":"Receitas de Rosh a Shan\u00e1"},"content":{"rendered":"\r\n<p class=\"has-text-align-center\"><b>RECEITAS PARA ROSH A SHAN\u00c1<\/b><\/p>\r\n\r\n\r\n\r\n<p class=\"has-text-align-center\">\u2615\u2615\u2615\u2615\u2615<\/p>\r\n\r\n\r\n<div class=\"wp-block-image\">\r\n<figure class=\"aligncenter\"><img decoding=\"async\" class=\"wp-image-13090\" src=\"https:\/\/rabinogloiber.org\/wp-content\/uploads\/2021\/08\/naom_5fe1b87667369-300x169.jpg\" alt=\"\" \/><\/figure>\r\n<\/div>\r\n\r\n\r\n<p>&nbsp;<\/p>\r\n\r\n\r\n\r\n<p class=\"has-text-align-center\"><b>RECEITAS PARA ROSH RASHAN\u00c1<\/b><\/p>\r\n\r\n\r\n\r\n<p class=\"has-text-align-center\"><strong>Bolo de mel para Rosh Hashana<\/strong><\/p>\r\n\r\n\r\n\r\n<p class=\"has-text-align-left\">Ingredientes:<\/p>\r\n\r\n\r\n\r\n<p class=\"has-text-align-left\">1 x\u00edcara de mel.<\/p>\r\n\r\n\r\n\r\n<p class=\"has-text-align-left\">1 x\u00edcara de a\u00e7\u00facar mascavo.<\/p>\r\n\r\n\r\n\r\n<p class=\"has-text-align-left\">1 x\u00edcara de a\u00e7ucar branco.<\/p>\r\n\r\n\r\n\r\n<p class=\"has-text-align-left\">4 ovos.<\/p>\r\n\r\n\r\n\r\n<p class=\"has-text-align-left\">1 x\u00edcara de \u00f3leo.<\/p>\r\n\r\n\r\n\r\n<p class=\"has-text-align-left\">1 x\u00edcara de ch\u00e1 preto bem forte ou caf\u00e9.<\/p>\r\n\r\n\r\n\r\n<p class=\"has-text-align-left\">3 x\u00edcara de farina de trigo peneirada.<\/p>\r\n\r\n\r\n\r\n<p class=\"has-text-align-left\">2 colheres de ch\u00e1 de fermento em p\u00f3.<\/p>\r\n\r\n\r\n\r\n<p class=\"has-text-align-left\">1 colher de ch\u00e1 (rasa) de bicarbonato.<\/p>\r\n\r\n\r\n\r\n<p class=\"has-text-align-left\">50 ml de cacha\u00e7a (opcional).<\/p>\r\n\r\n\r\n\r\n<p class=\"has-text-align-left\">1 pitada sal.<\/p>\r\n\r\n\r\n\r\n<p class=\"has-text-align-left\">Cravo, canela, gengibre em p\u00f3 e n\u00f3s moscada (opcionais) \u2026 use uma mistura destes ou o que preferir de acordo com se<span class=\"text_exposed_show\">u gosto.<\/span><\/p>\r\n\r\n\r\n\r\n<div class=\"text_exposed_show\">Preparo:<\/div>\r\n\r\n\r\n\r\n<div>\u00a0<\/div>\r\n\r\n\r\n\r\n<div class=\"text_exposed_show\">Bata na batedeira os ovos e os a\u00e7ucares, at\u00e9 obter um creme.<\/div>\r\n\r\n\r\n\r\n<div class=\"text_exposed_show\">Adicione o mel e o \u00f3leo, bata por mais 5 minutos.<\/div>\r\n\r\n\r\n\r\n<div style=\"padding-left: 40px;\">\u00a0<\/div>\r\n\r\n\r\n\r\n<div class=\"text_exposed_show\">Ainda na batedeira, acrescente o ch\u00e1 j\u00e1 frio.<\/div>\r\n\r\n\r\n\r\n<div>\u00a0<\/div>\r\n\r\n\r\n\r\n<div class=\"text_exposed_show\">Peneire os secos, retire da batedeira e misture a m\u00e3o a farinha peneirada com os fermentos.<\/div>\r\n\r\n\r\n\r\n<div>\u00a0<\/div>\r\n\r\n\r\n\r\n<div class=\"text_exposed_show\">Despeje em uma forma untada com \u00f3leo e polvilhada de trigo.<\/div>\r\n\r\n\r\n\r\n<div>\u00a0<\/div>\r\n\r\n\r\n\r\n<div class=\"text_exposed_show\">Asse em forno pr\u00e9 aquecido a 180\u00b0C por 50 minutos em m\u00e9dia.<\/div>\r\n\r\n\r\n\r\n<div>\u00a0<\/div>\r\n\r\n\r\n\r\n<div class=\"text_exposed_show\">PS: a forma deve ser uma redonda de 30 cm, ou uma retangular de 30 cm por 20 minutos.<\/div>\r\n\r\n\r\n\r\n<div>\u00a0<\/div>\r\n\r\n\r\n\r\n<div class=\"text_exposed_show\" style=\"text-align: center;\">\u2615\u2615\u2615\u2615\u2615\u2615\u2615<\/div>\r\n\r\n\r\n\r\n<figure class=\"wp-block-image\"><img decoding=\"async\" src=\"https:\/\/i.pinimg.com\/736x\/94\/b2\/dc\/94b2dc16f75aa33d3a80066c35563730.jpg\" alt=\"\" \/><\/figure>\r\n\r\n\r\n\r\n<div class=\"text_exposed_show\" style=\"text-align: center;\">\u00a0<\/div>\r\n\r\n\r\n\r\n<div class=\"text_exposed_show\" style=\"text-align: center;\"><strong>Frango assado com mel<\/strong><\/div>\r\n\r\n\r\n\r\n<div class=\"text_exposed_show\" style=\"text-align: left;\">Ingredientes:<\/div>\r\n\r\n\r\n\r\n<div class=\"text_exposed_show\" style=\"text-align: left;\">2 kg de coxas de frango lavadas e deixadas de molho em lim\u00e3o<\/div>\r\n\r\n\r\n\r\n<div class=\"text_exposed_show\" style=\"text-align: left;\">2 dentes de alho amassado<\/div>\r\n\r\n\r\n\r\n<div class=\"text_exposed_show\" style=\"text-align: left;\">Sal<\/div>\r\n\r\n\r\n\r\n<div class=\"text_exposed_show\" style=\"text-align: left;\">Pimenta do reino<\/div>\r\n\r\n\r\n\r\n<div class=\"text_exposed_show\" style=\"text-align: left;\">2 folhas de louro<\/div>\r\n\r\n\r\n\r\n<div class=\"text_exposed_show\" style=\"text-align: left;\">Suco de 2 laranjas<\/div>\r\n\r\n\r\n\r\n<div class=\"text_exposed_show\" style=\"text-align: left;\">100 gr. de mel<\/div>\r\n\r\n\r\n\r\n<div class=\"text_exposed_show\" style=\"text-align: left;\">Um pouquinho de azeite<\/div>\r\n\r\n\r\n\r\n<div class=\"text_exposed_show\" style=\"text-align: left;\">Preparo:<\/div>\r\n\r\n\r\n\r\n<div class=\"text_exposed_show\" style=\"text-align: left;\">Junte o alho, sal, pimenta e folhas de louro em uma marida e tempere o frango com 24 de anteced\u00eancia.<\/div>\r\n\r\n\r\n\r\n<div class=\"text_exposed_show\" style=\"text-align: left;\">Descarte a marinada, forre uma assadeira com azeite. Disponha os peda\u00e7os de frango.<\/div>\r\n\r\n\r\n\r\n<div class=\"text_exposed_show\" style=\"text-align: left;\">Fa\u00e7a uma mistura do mel com o suco de laranja e adicione sobre o frango.<\/div>\r\n\r\n\r\n\r\n<div class=\"text_exposed_show\" style=\"text-align: left;\">Forre a forma com papel alum\u00ednio e asse em forno pr\u00e9 aquecido a 200\u00b0C por uma hora, retire o alum\u00ednio, deixe o frango dourar.<\/div>\r\n\r\n\r\n\r\n<div class=\"text_exposed_show\" style=\"text-align: left;\">Cuidado para n\u00e3o queimar, devido ao uso do mel. Certifique se o frango esteja assado, pois o tempo varia de acordo com cada forno.<\/div>\r\n\r\n\r\n\r\n<div class=\"text_exposed_show\" style=\"text-align: center;\">\u2615\u2615\u2615\u2615\u2615\u2615\u2615<\/div>\r\n\r\n\r\n\r\n<div style=\"text-align: center;\">\u00a0<\/div>\r\n\r\n\r\n\r\n<h3 class=\"wp-block-heading\">Tsimes, cenouras glaceadas<\/h3>\r\n\r\n\r\n\r\n<div style=\"text-align: center;\">\u00a0<\/div>\r\n\r\n\r\n<div class=\"wp-block-image\">\r\n<figure class=\"aligncenter\"><img loading=\"lazy\" decoding=\"async\" width=\"258\" height=\"195\" class=\"wp-image-22796\" src=\"https:\/\/rabinogloiber.org\/wp-content\/uploads\/2025\/09\/5b41757b-1d08-4702-8f97-935c1ec7a327.jpeg\" alt=\"\" \/><\/figure>\r\n<\/div>\r\n\r\n\r\n<div style=\"text-align: center;\">\u00a0<\/div>\r\n\r\n\r\n\r\n<div class=\"text_exposed_show\" style=\"text-align: left;\">Ingredientes:<\/div>\r\n\r\n\r\n\r\n<div class=\"text_exposed_show\" style=\"text-align: left;\">4 cenouras m\u00e9dias descascadas e cortadas e rodelas m\u00e9dias<\/div>\r\n\r\n\r\n\r\n<div class=\"text_exposed_show\" style=\"text-align: left;\">1\/4 dex\u00edcaras de \u00f3leo<\/div>\r\n\r\n\r\n\r\n<div class=\"text_exposed_show\" style=\"text-align: left;\"><span class=\"text_exposed_show\"><br \/>sal a gosto<\/span><\/div>\r\n\r\n\r\n\r\n<div class=\"text_exposed_show\" style=\"text-align: left;\"><span class=\"text_exposed_show\"><br \/>1\/4 de x\u00edcara de a\u00e7\u00facar (melhor se mascavo)<\/span><\/div>\r\n\r\n\r\n\r\n<div class=\"text_exposed_show\" style=\"text-align: left;\"><span class=\"text_exposed_show\"><br \/>1\/2 x\u00edcara de \u00e1gua (pode ser suco de laranja)<br \/>passas brancas (opcional)<\/span><\/div>\r\n\r\n\r\n\r\n<div class=\"text_exposed_show\">Preparo:<\/div>\r\n\r\n\r\n\r\n<div class=\"text_exposed_show\">Junte todos ingredientes em uma panela, cozinhe at\u00e9 as cenouras focarem macias e a calda em um ponto leve, pois ao esfriar ele encorpara. Sirva em temperatura ambiente como simanin ou como acompanhamento de carne ou ave.<\/div>\r\n\r\n\r\n\r\n<p class=\"has-text-align-center\">\u2615\u2615\u2615\u2615\u2615\u2615\u2615\u2615\u2615\u2615\u2615<\/p>\r\n\r\n\r\n<div class=\"wp-block-image\">\r\n<figure class=\"aligncenter\"><img decoding=\"async\" class=\"wp-image-11821\" src=\"https:\/\/rabinogloiber.org\/wp-content\/uploads\/2020\/09\/1353954625731-300x225.jpeg\" alt=\"\" \/><\/figure>\r\n<\/div>\r\n\r\n\r\n<p class=\"has-text-align-center\">\u00a0<\/p>\r\n\r\n\r\n\r\n<p class=\"has-text-align-center\"><b>Guefilt Fish<\/b><\/p>\r\n\r\n\r\n\r\n<p><span class=\"text_exposed_show\">Ingredientes:<\/span><\/p>\r\n\r\n\r\n\r\n<p><span class=\"text_exposed_show\"><br \/>1,5 kg de fil\u00e9 de carpa<\/span><\/p>\r\n\r\n\r\n\r\n<p><span class=\"text_exposed_show\"><br \/>1,5 kg de fil\u00e9 de tra\u00edra<\/span><\/p>\r\n\r\n\r\n\r\n<p><span class=\"text_exposed_show\"><br \/>6 cebolas<\/span><\/p>\r\n\r\n\r\n\r\n<p><span class=\"text_exposed_show\"><br \/>6 ovos<\/span><\/p>\r\n\r\n\r\n\r\n<p><span class=\"text_exposed_show\"><br \/>2 col. (sopa) de azeite<\/span><\/p>\r\n\r\n\r\n\r\n<p><span class=\"text_exposed_show\"><br \/>2 col. (sopa) de \u00e1gua<\/span><\/p>\r\n\r\n\r\n\r\n<p><span class=\"text_exposed_show\"><br \/>1 pitada de sal<\/span><\/p>\r\n\r\n\r\n\r\n<p><span class=\"text_exposed_show\"><br \/>1\/2 x\u00edcara. (ch\u00e1) de a\u00e7\u00facar<\/span><\/p>\r\n\r\n\r\n\r\n<p><span class=\"text_exposed_show\"><br \/>Pimenta-do-reino branca a gosto<\/span><\/p>\r\n\r\n\r\n\r\n<p><span class=\"text_exposed_show\"><br \/>1x\u00edcara (ch\u00e1) de farinha de matz\u00e1 (ou de rosca\u00a0<\/span><\/p>\r\n\r\n\r\n\r\n<p>*Compre os peixes inteiros e pe\u00e7a para cortar em fil\u00e9s. Guarde as cabe\u00e7as e espinhas para fazer o caldo.<\/p>\r\n\r\n\r\n\r\n<p>Caldo (para cozinhar)<\/p>\r\n\r\n\r\n\r\n<div id=\"watch-headline-title\">\r\n<div class=\"_4tdt _ua1\">\r\n<div class=\"_ua2\">\r\n<div class=\"_4tdv\">\r\n<div class=\"_5wd4 _1nc7\">\r\n<div class=\"_h8t\">\r\n<div class=\"_5wd9 direction_ltr\">\r\n<div class=\"_5wde _n4o\">\r\n<div class=\"_5w1r _3_om _5wdf\">\r\n<div class=\"_4gx_\">\r\n<div class=\"_d97\">\u2615\u2615\u2615\u2615\u2615\u2615\u2615\u2615\u2615\u2615\u2615\u2615\u2615\u2615\u2615\u2615\u2615\u2615\u2615\u2615\u2615\u2615\u2615\u2615\u2615\u2615\u2615\u2615\u2615\u2615\u2615\u2615<\/div>\r\n<\/div>\r\n<\/div>\r\n<\/div>\r\n<div>Site de Lista de Produtos kasher<\/div>\r\n<\/div>\r\n<div><a href=\"http:\/\/bdk.com.br\">http:\/\/bdk.com.br<\/a><\/div>\r\n<\/div>\r\n<div><a href=\"http:\/\/www.bka.com.br\/\">http:\/\/www.bka.com.br\/<\/a><\/div>\r\n<\/div>\r\n<\/div>\r\n<\/div>\r\n<\/div>\r\n<\/div>\r\n\r\n\r\n\r\n<p>4 talos de sals\u00e3o em peda\u00e7os<\/p>\r\n\r\n\r\n\r\n<p>3 cebolas inteiras<\/p>\r\n\r\n\r\n\r\n<p>6 cenouras inteiras<\/p>\r\n\r\n\r\n\r\n<p>Carca\u00e7a dos peixes (cabe\u00e7as e espinhas)<\/p>\r\n\r\n\r\n\r\n<p>\u00c1gua (suficiente para cobrir a carca\u00e7a)<\/p>\r\n\r\n\r\n\r\n<p>Sal e pimenta<\/p>\r\n\r\n\r\n\r\n<p>Modo de Preparo:<\/p>\r\n\r\n\r\n\r\n<p>Caldo:<\/p>\r\n\r\n\r\n\r\n<p>Em uma panela grande, coloque todos os ingredientes do caldo ANTES- ( Deve-se observar as cenouras,se possuem partes moles,manchas escuras ou furos,e retira-los.<\/p>\r\n\r\n\r\n\r\n<p>Cortar a parte superior da cenoura e observar se n\u00e3o h\u00e1 presen\u00e7a de t\u00fanel. Caso haja,partir a cenoura ao meio para ver se h\u00e1 larvas.<\/p>\r\n\r\n\r\n\r\n<p>O Talo do Sals\u00e3o- retire as pequenas folhas que ficam no talo e deixe-o de molho em \u00e1gua com gotas de detergente. passe uma escovinha macia sobre todo o talo,lave-o em \u00e1gua corrente<\/p>\r\n\r\n\r\n\r\n<p>As Cebolas devem ter sido verificadas, retirando a primeira camada e as pontas, caso a cebola esteja com a casca mole ou com folhas verdes saindo de dentro dela, deve-se verificar todas as camadas contra luz, para ver se h\u00e1 alguma presen\u00e7a de verme ferva tudo por cerca de 20 minutos.<\/p>\r\n\r\n\r\n\r\n<p>Coe e separe as cenouras. Corte-as em rodelas para que sejam usadas na hora de servir.<\/p>\r\n\r\n\r\n\r\n<p class=\"has-text-align-center\">Bolinho de Peixe<\/p>\r\n\r\n\r\n\r\n<p>Em um processador de alimentos, coloque as cebolas (que devem ter sido verificadas, retirando a primeira camada e as pontas, caso a cebola esteja com a casca mole ou com folhas verdes saindo de dentro dela, deve-se verificar todas as camadas contra luz, para ver se h\u00e1 alguma presen\u00e7a de verme, e os ovos (Verifique os ovos um a um em recipiente transparente e observe se h\u00e1 presen\u00e7a de sangue; Se houver, descarte o ovo) e bata at\u00e9 obter um creme .<\/p>\r\n\r\n\r\n\r\n<p>Acrescente os peda\u00e7os de peixe previamente triturados e mexa bem.<\/p>\r\n\r\n\r\n\r\n<p>Passe a mistura para uma tigela grande e acrescente o azeite, a \u00e1gua, o sal, o a\u00e7\u00facar e a pimenta.<\/p>\r\n\r\n\r\n\r\n<p>Agregue todos esses ingredientes e, por \u00faltimo, coloque a farinha de matz\u00e1 (p\u00e3o \u00e1zimo ou de rosca). Mexa com as m\u00e3os at\u00e9 dar liga.<\/p>\r\n\r\n\r\n\r\n<p>Deixe descansar na geladeira durante 1 hora.<\/p>\r\n\r\n\r\n\r\n<p>Em seguida, umede\u00e7a as m\u00e3os com \u00e1gua e molde os bolinhos (que devem ter o mesmo tamanho de um ovo grande). Mergulhe-os no caldo de peixe e cozinhe por 45 minutos.<\/p>\r\n\r\n\r\n\r\n<p>Escorra e coloque os bolinhos em um prato.<\/p>\r\n\r\n\r\n\r\n<p>Enfeite cada um deles com uma rodela de cenoura. Sirva frio. Acompanhado com pasta de raiz forte com beterraba.<\/p>\r\n\r\n\r\n<div class=\"wp-block-image\">\r\n<figure class=\"aligncenter\"><img loading=\"lazy\" decoding=\"async\" width=\"207\" height=\"300\" class=\"wp-image-22791\" src=\"https:\/\/rabinogloiber.org\/wp-content\/uploads\/2025\/09\/Untitled-7-207x300.png\" alt=\"\" srcset=\"https:\/\/rabinogloiber.org\/wp-content\/uploads\/2025\/09\/Untitled-7-207x300.png 207w, https:\/\/rabinogloiber.org\/wp-content\/uploads\/2025\/09\/Untitled-7-370x536.png 370w, https:\/\/rabinogloiber.org\/wp-content\/uploads\/2025\/09\/Untitled-7.png 460w\" sizes=\"auto, (max-width: 207px) 100vw, 207px\" \/><\/figure>\r\n<\/div>\r\n\r\n\r\n<p class=\"has-text-align-center\"><br \/>CHREIN ( pasta de raiz forte com beterraba)<\/p>\r\n\r\n\r\n\r\n<p>Ingredientes:<\/p>\r\n\r\n\r\n\r\n<p>Raiz forte ralada bem fina<\/p>\r\n\r\n\r\n\r\n<p>1 colher (sopa) de a\u00e7\u00facar<\/p>\r\n\r\n\r\n\r\n<p>vinagre<\/p>\r\n\r\n\r\n\r\n<p>beterraba ralada bem fina<\/p>\r\n\r\n\r\n\r\n<p>Modo de preparo:<\/p>\r\n\r\n\r\n\r\n<p>Misture bem todos os ingredientes( A Raiz forte n\u00e3o necessita de verifica\u00e7\u00e3o)(Verifique a Beterraba cortando a parte superior e observe se h\u00e1 presen\u00e7a de furos.Se houver corte a beterraba ao meio em fatias e verifique se n\u00e3o h\u00e1 larvas no meio) e sirva com o Gefilte Fish.<\/p>\r\n\r\n\r\n\r\n<p><span class=\"text_exposed_show\"><b>Torta de Ma\u00e7a ( Parve )<\/b><\/span><\/p>\r\n\r\n\r\n\r\n<p>Ingredientes:<br \/>Massa \u2013<br \/>3 X\u00edcaras (ch\u00e1) de farinha de trigo<br \/>100 g de Margarina<br \/>9 Colheres (sopa) de \u00c1gua gelada<br \/>Recheio \u2013<br \/>8 Ma\u00e7\u00e3s cortadas em cubinhos<br \/>1 X\u00edcara ( ch\u00e1 ) de A\u00e7ucar<br \/>2 Colheres ( sopa ) de Suco de Lim\u00e3o<br \/>1 Colher ( sopa) de Farinha de trigo<br \/>2 Colher ( sobremesa ) de Canela em p\u00f3<br \/>1 Pitada de Noz Moscada<br \/>1 Colher ( sopa ) Margarina<br \/>1 Gema Para Pincelar a Torta<\/p>\r\n\r\n\r\n\r\n<p><b>Bolo de Ma\u00e7a ( Parve )<\/b><br \/>Ingredientes:<br \/>4 unidade(s) de ma\u00e7\u00e3<br \/>2 x\u00edcaras (ch\u00e1) de farinha de trigo<br \/>2 x\u00edcaras (ch\u00e1) de a\u00e7\u00facar<br \/>3 ovos<br \/>3\/4 x\u00edcara de \u00f3leo<br \/>1 colher(es) (sopa) de fermento qu\u00edmico em p\u00f3<br \/>1\/2 colher de sobremesa de canela<br \/>Modo de Preparo:<br \/>Primeiramente pr\u00e9-aque\u00e7a o formo em temperatura 180 graus .<br \/>Lave muito bem as ma\u00e7as, descasque-as e reserve algumas cascas.<br \/>Corte-as ao meio e verifique se h\u00e1 alguma parte mole, manchas escuras ou furos, neste caso descarte as partes afetadas. Corte as ma\u00e7\u00e3s em pequenos cubos e reserve.<br \/>No liquidificador, acrescente os ovos que devem ter sido verificados individualmente em um copo transparente, para ver se h\u00e1 presen\u00e7a de sangue. (Caso haja, o ovo deve ser descartado)<br \/>junte o a\u00e7\u00facar, o \u00f3leo, e algumas cascas de ma\u00e7\u00e3. Bata muito bem.<br \/>Em um outro recipiente coloque as ma\u00e7as cortadas em cubos , a farinha de trigo (que deve ter sido peneirada em peneira de tela bem fina\u00b4para certificar-se que n\u00e3o h\u00e1 presen\u00e7a de tolaim.<br \/>acrescente o fermento e a canela em p\u00f3.<br \/>Junte a isto a mistura que foi batida no liquidificador.Misture tudo delicadamente.<br \/>Unte uma forma de buraco untada com ( \u00f3leo e farinha de trigo) Coloque a massa.<br \/>Asse em forno 180 graus por 25 minutos ou at\u00e9 que esteja dourado<\/p>\r\n\r\n\r\n\r\n<p><b>Doce de Ab\u00f3bora ( Parve )<\/b><br \/>Ingredientes:<br \/>1kg de Ab\u00f3bora tipo pesco\u00e7o cortada em cubos<br \/>1\/2kg de A\u00e7\u00facar<br \/>100g de Coco ralado<br \/>Canela em casca a gosto<br \/>5 Cravos-da-\u00edndia<br \/>MODO DE PREPARO:<br \/>Lave bem a Ab\u00f3bora (* verifique se h\u00e1 alguma parte mole, retire a parte afetada ) Descasque e corte a Ab\u00f3bora em cubos e acrescente o a\u00e7\u00facar em uma panela e leve ao fogo m\u00e9dio.<br \/>Cozinhe (mexendo sempre) at\u00e9 come\u00e7ar a fazer \u00e1gua e umedecer o a\u00e7\u00facar, em seguida acrescente o cravo e a canela.<br \/>Abaixe o fogo e deixe cozinhar por cerca de 40 minutos com a panela semi aberta, lembre-se de mexer de vez em quando.Quando a ab\u00f3bora desmanchar completamente e o l\u00edquido for absorvido, misture o coco ralado e deixe cozinhar em fogo baixo por mais 10 minutos.<br \/>Retire do fogo e deixe esfriar, em seguida guarde na geladeira.Sirva frio.<\/p>\r\n","protected":false},"excerpt":{"rendered":"<p>RECEITAS PARA ROSH A SHAN\u00c1 \u2615\u2615\u2615\u2615\u2615 &nbsp; RECEITAS PARA ROSH RASHAN\u00c1 Bolo de mel para Rosh Hashana Ingredientes: 1 x\u00edcara de mel. 1 x\u00edcara de a\u00e7\u00facar mascavo. 1 x\u00edcara de a\u00e7ucar branco. 4 ovos. 1 x\u00edcara de&hellip;<\/p>\n","protected":false},"author":4,"featured_media":11822,"parent":0,"menu_order":0,"comment_status":"closed","ping_status":"closed","template":"","meta":{"give_campaign_id":0,"footnotes":""},"class_list":["post-7635","page","type-page","status-publish","has-post-thumbnail","hentry"],"campaignId":"","_hostinger_reach_plugin_has_subscription_block":false,"_hostinger_reach_plugin_is_elementor":false,"_links":{"self":[{"href":"https:\/\/rabinogloiber.org\/index.php?rest_route=\/wp\/v2\/pages\/7635","targetHints":{"allow":["GET"]}}],"collection":[{"href":"https:\/\/rabinogloiber.org\/index.php?rest_route=\/wp\/v2\/pages"}],"about":[{"href":"https:\/\/rabinogloiber.org\/index.php?rest_route=\/wp\/v2\/types\/page"}],"author":[{"embeddable":true,"href":"https:\/\/rabinogloiber.org\/index.php?rest_route=\/wp\/v2\/users\/4"}],"replies":[{"embeddable":true,"href":"https:\/\/rabinogloiber.org\/index.php?rest_route=%2Fwp%2Fv2%2Fcomments&post=7635"}],"version-history":[{"count":32,"href":"https:\/\/rabinogloiber.org\/index.php?rest_route=\/wp\/v2\/pages\/7635\/revisions"}],"predecessor-version":[{"id":22832,"href":"https:\/\/rabinogloiber.org\/index.php?rest_route=\/wp\/v2\/pages\/7635\/revisions\/22832"}],"wp:featuredmedia":[{"embeddable":true,"href":"https:\/\/rabinogloiber.org\/index.php?rest_route=\/"}],"wp:attachment":[{"href":"https:\/\/rabinogloiber.org\/index.php?rest_route=%2Fwp%2Fv2%2Fmedia&parent=7635"}],"curies":[{"name":"wp","href":"https:\/\/api.w.org\/{rel}","templated":true}]}}