{"id":7639,"date":"2018-03-18T10:29:29","date_gmt":"2018-03-18T13:29:29","guid":{"rendered":"http:\/\/ongtora.com\/?page_id=7639"},"modified":"2018-03-18T10:29:29","modified_gmt":"2018-03-18T13:29:29","slug":"receitas-de-sucot","status":"publish","type":"page","link":"https:\/\/rabinogloiber.org\/?page_id=7639","title":{"rendered":"Receitas de Sucot"},"content":{"rendered":"<p><b> <\/b><b>Compota De Cidra para Sucot &#8211;\u00a0\u2013\u00a0Por B\u00e1tya Odessa\u00a0<\/b><br \/>\nIngredientes:<br \/>\n2 cidras doce<br \/>\n4 x\u00edcaras (ch\u00e1) de a\u00e7\u00facar<br \/>\n5 cravos-da-\u00edndia<br \/>\n\u00c1gua (quantidade necess\u00e1ria)<br \/>\nModo de preparo:<br \/>\nCidra (Observe se na casca n\u00e3o h\u00e1 presen\u00e7a de manchas, pretas ou marrom,em formato redondo ou de virgula e que saem com facilidade ao esfregar a unha ou com a ponta de uma faca \u00e9 sinal de infesta\u00e7\u00e3o externa.As manchas que n\u00e3o saem ao serem esfregadas, s\u00e3o um defeito natural da fruta. )Lave bem a casca antes de descascar ou cortar,. Ao corta-la observe se n\u00e3o h\u00e1 presen\u00e7a de larva internamente)<br \/>\nCorte a fruta em quatro peda\u00e7os (se preferir, corte em peda\u00e7os menores. Isso vai facilitar na hora de tirar o gomo ( parte que deixa o doce amargo).<br \/>\nTire todo o gomo e jogue-o fora.<br \/>\nEm uma vasilha com \u00e1gua limpa, pique a fruta.<br \/>\nColoque os peda\u00e7os no liquidificador e bata at\u00e9 os peda\u00e7os ficarem bem fininhos.<br \/>\nPonha-os em uma peneira e lave-os.<br \/>\nMisture os peda\u00e7os batidos no liquidificador com \u00e1gua, em quantidade suficiente para cobrir a fruta. Ponha essa mistura em uma panela.<br \/>\nColoque no fogo e deixe ferver.<br \/>\nColoque a cidra no escorredor e lave de novo.<br \/>\n\u00c9 hora de colocar a fruta na panela novamente.<br \/>\nUse agora as 2 x\u00edcaras de a\u00e7\u00facar (essa quantidade \u00e9 indicada para cada fruta utilizada).<br \/>\nPonha dois cravos-da-\u00edndia e d\u00ea uma mexidinha de vez em quando para n\u00e3o grudar no fundo da panela.<br \/>\nDeixe por 45 min.<br \/>\nDeixe esfriar e sirva.<\/p>\n<p><b>Bolo de Mel F\u00e1cil \u00a0Sucot- Por B\u00e1tya Odessa<\/b><br \/>\nIngredientes:<br \/>\n5 ovos<br \/>\n\u00bd x\u00edcara (ch\u00e1) de \u00f3leo de canola<br \/>\n1 \u00bc de x\u00edcara (ch\u00e1) de mel<br \/>\n\u00bc colher (ch\u00e1) de canela em p\u00f3<br \/>\n2 x\u00edcara (ch\u00e1) de farinha de trigo<br \/>\n1 colher (sopa) de fermento em p\u00f3<br \/>\n\u00bd x\u00edcara (ch\u00e1) de a\u00e7\u00facar mascavo<br \/>\nModo de Preparo:<br \/>\nPreaque\u00e7a o forno a 150\u00ba C (temperatura m\u00e9dia). Unte com \u00f3leo e polvilhe com farinha uma assadeira<br \/>\nVerifique ( os ovos um a um em recipiente transparente e observe se h\u00e1 presen\u00e7a de sangue; Se houver, descarte o ovo)separe as claras das gemas. Passe a farinha e o fermento pela peneira de tela bem fina para verificar se h\u00e1 presen\u00e7a de vermes.<br \/>\nNa batedeira, bata as claras em neve. Quando come\u00e7arem a espumar, junte o a\u00e7\u00facar aos poucos, sem parar de bater, at\u00e9 que as claras fiquem firmes.<br \/>\nEm outra tigela da batedeira, junte o \u00f3leo, o mel, as gemas e a canela. Bata em velocidade alta, at\u00e9 ficar uma mistura fofa. Diminua a velocidade e, aos poucos, junte a farinha com o fermento peneirados. Bata bem, at\u00e9 que a massa fique homog\u00eanea.<br \/>\nColoque metade das claras na massa de mel e continue batendo. Desligue a batedeira e misture a metade restante delicadamente.<br \/>\nColoque a massa na forma preparada e leve parar assar por 45 minutos, ou at\u00e9 que o mesmo esteja dourado(esse tempo depende muito do forno \u2013 fa\u00e7a o teste do palito). Desenforme depois de frio.<\/p>\n<p><b>\u2615\u2615\u2615\u2615\u2615\u2615\u2615\u2615\u2615\u2615\u2615\u2615\u2615\u2615\u2615\u2615\u2615\u2615\u2615\u2615\u2615\u2615\u2615\u2615\u2615\u2615\u2615\u2615\u2615\u2615\u2615<\/b><\/p>\n<p>Site para Lista de Produtos Kasher<\/p>\n<p><a href=\"http:\/\/bdk.com.br\">http:\/\/bdk.com.br<\/a><\/p>\n<p><a href=\"http:\/\/www.bka.com.br\/\">http:\/\/www.bka.com.br\/<\/a><\/p>\n","protected":false},"excerpt":{"rendered":"<p>Compota De Cidra para Sucot &#8211;\u00a0\u2013\u00a0Por B\u00e1tya Odessa\u00a0 Ingredientes: 2 cidras doce 4 x\u00edcaras (ch\u00e1) de a\u00e7\u00facar 5 cravos-da-\u00edndia \u00c1gua (quantidade necess\u00e1ria) Modo de preparo: Cidra (Observe se na casca n\u00e3o h\u00e1 presen\u00e7a de manchas, pretas ou&hellip;<\/p>\n","protected":false},"author":4,"featured_media":7677,"parent":0,"menu_order":0,"comment_status":"closed","ping_status":"closed","template":"","meta":{"give_campaign_id":0,"footnotes":""},"class_list":["post-7639","page","type-page","status-publish","has-post-thumbnail","hentry"],"campaignId":"","_hostinger_reach_plugin_has_subscription_block":false,"_hostinger_reach_plugin_is_elementor":false,"_links":{"self":[{"href":"https:\/\/rabinogloiber.org\/index.php?rest_route=\/wp\/v2\/pages\/7639","targetHints":{"allow":["GET"]}}],"collection":[{"href":"https:\/\/rabinogloiber.org\/index.php?rest_route=\/wp\/v2\/pages"}],"about":[{"href":"https:\/\/rabinogloiber.org\/index.php?rest_route=\/wp\/v2\/types\/page"}],"author":[{"embeddable":true,"href":"https:\/\/rabinogloiber.org\/index.php?rest_route=\/wp\/v2\/users\/4"}],"replies":[{"embeddable":true,"href":"https:\/\/rabinogloiber.org\/index.php?rest_route=%2Fwp%2Fv2%2Fcomments&post=7639"}],"version-history":[{"count":0,"href":"https:\/\/rabinogloiber.org\/index.php?rest_route=\/wp\/v2\/pages\/7639\/revisions"}],"wp:featuredmedia":[{"embeddable":true,"href":"https:\/\/rabinogloiber.org\/index.php?rest_route=\/"}],"wp:attachment":[{"href":"https:\/\/rabinogloiber.org\/index.php?rest_route=%2Fwp%2Fv2%2Fmedia&parent=7639"}],"curies":[{"name":"wp","href":"https:\/\/api.w.org\/{rel}","templated":true}]}}