{"id":7641,"date":"2018-03-18T10:29:51","date_gmt":"2018-03-18T13:29:51","guid":{"rendered":"http:\/\/ongtora.com\/?page_id=7641"},"modified":"2025-12-15T13:34:24","modified_gmt":"2025-12-15T13:34:24","slug":"receitas-de-chanuca","status":"publish","type":"page","link":"https:\/\/rabinogloiber.org\/?page_id=7641","title":{"rendered":"Receitas de Hanuc\u00e1"},"content":{"rendered":"<div><\/div>\n<p>&nbsp;<\/p>\n<div>\n<p><img loading=\"lazy\" decoding=\"async\" class=\"aligncenter wp-image-23291 \" src=\"https:\/\/rabinogloiber.org\/wp-content\/uploads\/2025\/12\/sonhos-de-hanuka-300x169.jpg\" alt=\"\" width=\"353\" height=\"199\" srcset=\"https:\/\/rabinogloiber.org\/wp-content\/uploads\/2025\/12\/sonhos-de-hanuka-300x169.jpg 300w, https:\/\/rabinogloiber.org\/wp-content\/uploads\/2025\/12\/sonhos-de-hanuka-1024x576.jpg 1024w, https:\/\/rabinogloiber.org\/wp-content\/uploads\/2025\/12\/sonhos-de-hanuka-768x432.jpg 768w, https:\/\/rabinogloiber.org\/wp-content\/uploads\/2025\/12\/sonhos-de-hanuka-1536x864.jpg 1536w, https:\/\/rabinogloiber.org\/wp-content\/uploads\/2025\/12\/sonhos-de-hanuka-370x208.jpg 370w, https:\/\/rabinogloiber.org\/wp-content\/uploads\/2025\/12\/sonhos-de-hanuka-1170x658.jpg 1170w, https:\/\/rabinogloiber.org\/wp-content\/uploads\/2025\/12\/sonhos-de-hanuka-840x474.jpg 840w, https:\/\/rabinogloiber.org\/wp-content\/uploads\/2025\/12\/sonhos-de-hanuka-760x428.jpg 760w, https:\/\/rabinogloiber.org\/wp-content\/uploads\/2025\/12\/sonhos-de-hanuka.jpg 1600w\" sizes=\"auto, (max-width: 353px) 100vw, 353px\" \/><\/p>\n<div><\/div>\n<div style=\"text-align: center;\"><b style=\"line-height: 1.7;\">Sonho de Hanuk\u00e1<\/b><\/div>\n<p>&nbsp;<\/p>\n<div><\/div>\n<div><\/div>\n<div><\/div>\n<div style=\"text-align: center;\"><b style=\"line-height: 1.7;\">Por Rifka Haia Eitan <\/b><span style=\"line-height: 1.7;\">\u2013<\/span> <span style=\"color: #0000ff;\"><strong><a class=\"profileLink\" style=\"line-height: 1.7; color: #0000ff;\" href=\"https:\/\/rabinogloiber.org\/quem-somos\/\">Rifka Haia Eitan<\/a><\/strong><\/span><\/p>\n<\/div>\n<p style=\"text-align: center;\"><strong><br \/>\nINGREDIENTES<\/strong><\/p>\n<p style=\"text-align: center;\"><strong><br \/>\n<\/strong><em>Consulte a lista kosher no final desta p\u00e1gina.<\/em><\/p>\n<p style=\"text-align: left;\"><strong><em>Massa<\/em><\/strong><\/p>\n<p style=\"text-align: left;\">400 g de farinha de trigo<\/p>\n<p style=\"text-align: left;\">4 colheres de sopa de a\u00e7\u00facar<\/p>\n<p style=\"text-align: left;\">10g de fermento biol\u00f3gico seco<\/p>\n<p style=\"text-align: left;\">\u00bd colher de ch\u00e1 de extrato de baunilha<\/p>\n<p style=\"text-align: left;\">1 ovo<\/p>\n<p style=\"text-align: left;\">50 g de manteiga<\/p>\n<p style=\"text-align: left;\">180ml de leite morno<\/p>\n<p style=\"text-align: left;\">1 pitada de sal<\/p>\n<p>&nbsp;<\/p>\n<p>Primeiramente a massa: em uma tigela grande misture metade da farinha, o a\u00e7\u00facar e o fermento.<\/p>\n<p>Em seguida abra um buraquinho no meio da tigela adicione o leite morno, a manteiga, o ovo, o extrato de baunilha e a pitada de sal. Misture bem com uma esp\u00e1tula.<\/p>\n<p>Junte o restante da farinha de trigo e quando a massa come\u00e7ar a ficar pesada comece a sova \u2013 por 15 minutos ou at\u00e9 que fique homog\u00eanea.<\/p>\n<p>Coloque a massa de volta na tigela, cobra com um pano e deixe crescer por 30 minutos ou at\u00e9 dobrar de volume.<br \/>\nAp\u00f3s esse tempo divida a massa no tamanho que desejar e boleie cada peda\u00e7o.<\/p>\n<p>Deixe crescer por mais 30 minutos e em seguida frite em \u00f3leo novo e limpo at\u00e9 dourar de todos os lados.<\/p>\n<p><strong><em>Recheio<\/em><\/strong><\/p>\n<p><strong><em><br \/>\n<\/em><\/strong>180ml de leite integral<\/p>\n<p>12 gramas de amido de milho<\/p>\n<p>2 gemas verificadas<\/p>\n<p>\u00bd colher de sopa de manteiga Kasher<\/p>\n<p>3 colheres de sopa de a\u00e7\u00facar<\/p>\n<p>1 colher de ch\u00e1 de extrato de baunilha<\/p>\n<p>&nbsp;<\/p>\n<p><strong><em>Modo de preparar o Recheio<\/em><\/strong><\/p>\n<p><strong><em><br \/>\n<\/em><\/strong>Coloque um pouquinho do leite em uma tigela e dissolva o amido de milho.<\/p>\n<p>\u00c9 importante fazer isso agora para o creme n\u00e3o empelotar depois.<\/p>\n<p>Em seguida junte as gemas e misture muito bem. Reserve em uma panela misture o restante do leite, o a\u00e7\u00facar e a manteiga e leve ao fogo at\u00e9 ferver.<\/p>\n<p>Tire do fogo e acrescente aos poucos na mistura de leite com amido e gemas que preparamos anteriormente. Mexa sem parar a cada adi\u00e7\u00e3o.<\/p>\n<p>Volte a mistura para a panela e leve ao fogo at\u00e9 engrossar.<\/p>\n<p>Mexa sempre para n\u00e3o grudar o fundo \u2013 essa etapa \u00e9 bem r\u00e1pida, ent\u00e3o n\u00e3o saia de perto do fog\u00e3o!<\/p>\n<p>Desligue o fogo, acrescente o extrato de baunilha e mexa bem.<\/p>\n<p>Essa receita rende 18 sonhos m\u00e9dios .<\/p>\n<p>Se voc\u00ea quiser bastante recheio dobre a receita do Recheio.<\/p>\n<p>&nbsp;<\/p>\n<h6 style=\"text-align: center;\"><strong><span style=\"color: #ff00ff;\">Hag Hanuk\u00e1 Samea&#8217;h<\/span><\/strong><br \/>\n\ud83c\udf3b\ud83e\uddc1\ud83e\uddc6\ud83e\udd42<\/h6>\n<\/div>\n<div><\/div>\n<div class=\"_5wd4 _1nc7\"><img loading=\"lazy\" decoding=\"async\" class=\"wp-image-13776 aligncenter\" src=\"https:\/\/rabinogloiber.org\/wp-content\/uploads\/2021\/10\/sufganiyot-jelly-donuts-605548-300x238.jpg\" alt=\"\" width=\"354\" height=\"281\" srcset=\"https:\/\/rabinogloiber.org\/wp-content\/uploads\/2021\/10\/sufganiyot-jelly-donuts-605548-300x238.jpg 300w, https:\/\/rabinogloiber.org\/wp-content\/uploads\/2021\/10\/sufganiyot-jelly-donuts-605548-1024x813.jpg 1024w, https:\/\/rabinogloiber.org\/wp-content\/uploads\/2021\/10\/sufganiyot-jelly-donuts-605548-768x610.jpg 768w, https:\/\/rabinogloiber.org\/wp-content\/uploads\/2021\/10\/sufganiyot-jelly-donuts-605548-370x294.jpg 370w, https:\/\/rabinogloiber.org\/wp-content\/uploads\/2021\/10\/sufganiyot-jelly-donuts-605548-760x603.jpg 760w, https:\/\/rabinogloiber.org\/wp-content\/uploads\/2021\/10\/sufganiyot-jelly-donuts-605548.jpg 1100w\" sizes=\"auto, (max-width: 354px) 100vw, 354px\" \/><\/div>\n<div><\/div>\n<div class=\"_4tdt _ua1\">\n<div class=\"_ua2\">\n<div class=\"_4tdv\">\n<div class=\"_5wd4 _1nc7\"><b style=\"line-height: 1.7;\">Sonho de chanuc\u00e1 \u00a0<\/b><\/div>\n<div class=\"_5wd4 _1nc7\"><b style=\"line-height: 1.7;\">Por\u00a0 <\/b><b style=\"line-height: 1.7;\">Yossef Riber <\/b><span style=\"line-height: 1.7;\">\u00a0\u2013<\/span><a class=\"profileLink\" style=\"line-height: 1.7;\" href=\"https:\/\/www.facebook.com\/profile.php?id=100000558284397&amp;fref=mentions\">Rodrigo Ribeiro<\/a><\/div>\n<\/div>\n<\/div>\n<\/div>\n<div>\n<div class=\"_4tdt _ua1\">\n<div class=\"_ua2\">\n<div class=\"_4tdv\">\n<div class=\"_5wd4 _1nc7\">\n<div class=\"_h8t\">\n<div class=\"_5wd9 direction_ltr\">\n<div class=\"_5wde _n4o\">\n<div class=\"_5w1r _3_om _5wdf\">\n<div class=\"_4gx_\">\n<div><\/div>\n<div id=\"js_5\" class=\"_5pbx userContent _3576\">O doce que no Brasil denominamos, sonho, em hebraico essa mesma iguaria \u00e9 definida como sufganiyot, que deriva da palavra hebraica \u201csefog\u201d \u2013 espoja \u2013 uma referencia a textura da massa.<\/div>\n<div class=\"_5pbx userContent _3576\">De acordo com cada localidade, desde o Norte da Africa, at\u00e9 o Leste Europeu, cada comunidade adotou uma massa frita emblem\u00e1tica para Hanuk\u00e1.<\/div>\n<div><\/div>\n<div class=\"_5pbx userContent _3576\">Que vai desde o sfenj Marroquino, passando pelos bimuielos da Espanha, e os sufganiyot recheados com gel\u00e9ia de ameixa, da tradi\u00e7\u00e3o Asquenazi.<\/div>\n<div class=\"_5pbx userContent _3576\">Rabi Maimon ben Yossef, pai de Rambam. Escreve por volta do s\u00e9culo XII, que \u201d n\u00e3o se deve deixar de comer \u201csofganim\u201d em hanuc\u00e1, pois \u00e9 um costume dos antigos (cadmonim)\u201d.<\/div>\n<div class=\"_5pbx userContent _3576\">O sufganiyot como conhecemos hoje, \u00e9 uma adapta\u00e7\u00e3o moderna, de poucos s\u00e9culos.<\/div>\n<div><\/div>\n<div class=\"_5pbx userContent _3576\">Rabi Maimon ben Yossef se refere a massas fritas que se assemelham as consumidas at\u00e9 os dias de hoje por Comunidades Norte Africanas. Panquecas fermentadas, fritas, embebidas em calda.<\/div>\n<div class=\"_5pbx userContent _3576\">O \u00f3leo usado na fritura, faz alus\u00e3o ao azeite que milagrosamente durou por oito dias, sendo sua quantidade suficiente apenas para um dia. At\u00e9 que pudesse ser produzido novo azeite.<\/div>\n<div class=\"_5pbx userContent _3576\">Sabe se que parte da alegria de Chanuc\u00e1, deve se a inaugura\u00e7\u00e3o do mizbea&#8217;h.<\/div>\n<div><\/div>\n<div class=\"_5pbx userContent _3576\">Em sua obra Halihot Shelom\u00f4 ( Vol. II pag. 319), Rav Shelomo Zalman Auerbach, traz que paralelamente ao milagre do azeite, comemos sufganiyot em Chanuc\u00e1, pois sua bracha posterior \u00e9 Al a mihya.<\/div>\n<div><\/div>\n<div class=\"_5pbx userContent _3576\">E em sua recita\u00e7\u00e3o fazemos refer\u00eancia a hanucat a mizbeach (inaugura\u00e7\u00e3o do altar). Tendo sido reconstru\u00eddo pelos hashmonaim na \u00e9poca do milagre de hanuc\u00e1.<\/div>\n<div class=\"_5pbx userContent _3576\">H\u00e1 uma diferen\u00e7a entre a frase que da inicio ao \u201cRahem\u201d do Birkat a mazon e de Al a mi&#8217;hya. Na Bra&#8217;ha de Al mi&#8217;hya, pede se a D \u00b4us miseric\u00f3rdia pelo Povo de Israel, de Jerusal\u00e9m, de Tsiyon e de seu Altar, o mizbea&#8217;h. Por\u00e9m no Birkat a mazon, n\u00e3o \u00e9 citado o mizbea&#8217;h.<\/div>\n<div><\/div>\n<div class=\"_5pbx userContent _3576\">Por esse motivo que se faz quest\u00e3o em hanuc\u00e1 de comer alimentos cujo a Bracha posterior \u00e9 Al a mihya, para pedir a D\u00b4us que seja devolvido o Bet a mikdash.<\/div>\n<div><\/div>\n<div class=\"_5pbx userContent _3576\">As frutas s\u00e3o relacionadas com o Altar de oferendas do Templo. De acordo com a passagem \u201cvehina&#8217;hto lifnei mizba&#8217; h AShem Elokei&#8217;ha \u2013 e a colocar\u00e1 perante o altar de AShem teu D `us.\u201d O trecho citado a cima, refer\u00eancia as frutas dos bicurim levadas ao Mizbea&#8217;h. Tendo ent\u00e3o a geleia de frutas usadas no recheio dos sufganiyot um significado, ligado diretamente com o altar e sua inaugura\u00e7\u00e3o.<\/div>\n<div class=\"_5pbx userContent _3576\">De acordo com a guimatriya, as letras da frase \u201d Min`hag Ysrael ba\u00e1rets leechol sufganiyot im rib\u00e1 Behanuc\u00e1\u201d \u2013 \u00c9 costume do povo de Israel comer na Terra de Ysrael sufganiyot com geleia em hanuc\u00e1 \u2013 \u00e9 um total 2025.<\/div>\n<div><\/div>\n<div class=\"_5pbx userContent _3576\">Sendo o mesmo n\u00famero de palavras contido na por\u00e7\u00e3o semanal de Mikets, lida geralmente em hanuc\u00e1.<br \/>\nAproveite sua sufgaiy\u00e1, independente do sabor e tipo que escolher,<\/div>\n<div><\/div>\n<div class=\"_5pbx userContent _3576\">Lembre se que ela se assemelha ao nosso dia a dia, e at\u00e9 mesmo com nossa vida, redonda, simbolizando um ciclo sem fim.<\/div>\n<div><\/div>\n<div class=\"_5pbx userContent _3576\">E hora como queremos \u2026 hora como n\u00e3o queremos. E nesse caso, tanto no doce, quanto na vida, devemos mudar a receita, para melhor. E seguir em frente.<\/div>\n<\/div>\n<div><\/div>\n<div class=\"_4gx_\">\n<div><\/div>\n<\/div>\n<\/div>\n<div><img loading=\"lazy\" decoding=\"async\" class=\"wp-image-12023 aligncenter\" src=\"https:\/\/rabinogloiber.org\/wp-content\/uploads\/2020\/11\/Sonhos.jpg\" alt=\"\" width=\"302\" height=\"202\" \/><\/div>\n<\/div>\n<div><\/div>\n<div class=\"_5wde _n4o\">\n<div class=\"_5w1r _3_om _5wdf\">\n<div class=\"_4gx_\">\n<div class=\"_5pbx userContent _3576\">\n<div>\n<div class=\"_4tdt _ua1\">\n<div class=\"_ua2\">\n<div class=\"_4tdv\">\n<div class=\"_5wd4 _1nc7\">\n<div class=\"_h8t\">\n<div class=\"_5wd9 direction_ltr\">\n<div class=\"_5wde _n4o\">\n<div class=\"_5w1r _3_om _5wdf\">\n<div class=\"_4gx_\">\n<div>\u00a0<b style=\"line-height: 1.7;\">Sonhos de hanuk\u00e1 massa parve &#8211;\u00a0\u00a0Por Yossef Riber<\/b><\/div>\n<\/div>\n<\/div>\n<\/div>\n<\/div>\n<\/div>\n<\/div>\n<\/div>\n<\/div>\n<\/div>\n<\/div>\n<\/div>\n<\/div>\n<\/div>\n<\/div>\n<\/div>\n<\/div>\n<\/div>\n<\/div>\n<\/div>\n<\/div>\n<\/div>\n<div>\n<div class=\"_4tdt _ua1\">\n<div class=\"_ua2\">\n<div class=\"_4tdv\">\n<div class=\"_5wd4 _1nc7\">\n<div class=\"_h8t\">\n<div class=\"_5wd9 direction_ltr\">\n<div class=\"_5wde _n4o\">\n<div class=\"_5w1r _3_om _5wdf\">\n<div class=\"_4gx_\">\n<div class=\"_d97\">\n<div class=\"_1dwg _1w_m _q7o\">\n<div id=\"js_4\" class=\"_5pbx userContent _22jv _3576\">500 gr. de farinha de trigo de boa qualidade peneirada<br \/>\n10 gr. de fermento biol\u00f3gico seco<br \/>\n50 gr. de a\u00e7\u00facar<br \/>\n1 colher de caf\u00e9 de sal<br \/>\n1 ovo<br \/>\n50 ml de \u00f3leo<br \/>\n250 ml de \u00e1gua raspas de laranja e\/ou lim\u00e3o a gosto<br \/>\n\u00f3leo abundante para fritar<br \/>\nPreparo: misture a \u00e1gua, o fermento e parte da farinha para fazer uma esponja. Deixe crescer por uma hora. Adicione os demais ingredientes e sove vigorosamente por 15 minutos. Cubra a massa com um pl\u00e1stico e deixe crescer por meia hora. Divida a massa do tamanho desejado, ideal \u00e9 50 gr. cada unidade. Fa\u00e7a bolinhas, e achate levemente. Deve crescer at\u00e9 dobrar de volume. Frite em \u00f3leo quente, mas n\u00e3o muito, os dois lados at\u00e9 que fique dourado. Deve se tomar cuidado para n\u00e3o ficar cru no meio. Deixe amornar e recheio com creme, doce de leite ou geleia de sua preferencia.<br \/>\nCreme para sonho<br \/>\n1\/2 litro de leite<br \/>\n100 gr. a\u00e7\u00facar<br \/>\n50 gr. maisena<br \/>\n5 gemas<br \/>\n1 pitada de sal, raspas de lim\u00e3o e ess\u00eancia de baunilha a gosto<br \/>\nPreparo: Ferva o leite e reserve. Em uma tigela, bata os demais ingredientes at\u00e9 formar um creme espumoso. Adicione metade do leite e dissolva o creme, junte o restante do leite e leve a mistura ao fogo, cozinhe at\u00e9 engrossar, em m\u00e9dia 5 minutos para n\u00e3o ficar com gosto de maisena crua. Retire do fogo e deixe esfriar para rechear os sonhos.<\/div>\n<div><\/div>\n<div class=\"_5pbx userContent _22jv _3576\">*<b style=\"line-height: 1.7;\">\u00a0PSfeni ( Donuts marroquino)<\/b><br \/>\n1\/2 kg de farinha de boa qualidade peneirada<br \/>\n1 colher de caf\u00e9 de sal<br \/>\n10 gr. de fermento biol\u00f3gico seco<br \/>\n2 colheres de sopa de \u00f3leo<br \/>\n2 colheres de arak, ca\u00e7acha ou cognac<br \/>\n300 ml de \u00e1gua<br \/>\n\u00f3leo abundante para fritar<br \/>\nPreparo: em uma tigela, adicione todos os ingredientes e misture muito bem. A massa fica pegajosa. Deixe descansar por 20 minutos , e volte a trabalhar a massa, agora por mais 10 minutos vigorosamente. Deixe a massa crescer at\u00e9 dobrar de volume na geladeira. Aque\u00e7a o \u00f3leo para fritar os donuts. Como dito, a massa \u00e9 um pouco pegajosa, umede\u00e7a as m\u00e3os com \u00e1gua. Retire uma por\u00e7\u00e3o de massa, forme um bolinho, com o dedo fure o centro do bolinho como a forma do donut, frite em \u00f3leo quente de ambos os lados at\u00e9 ficarem dourado. Escorra o excesso de \u00f3leo, sirva embebido em calda de a\u00e7\u00facar ou mel, ou polvilhado com a\u00e7\u00facar. PS: essa massa pode ser feita de um dia para o outro, sendo conservada em geladeira. Retire somente no momento de fritar.<br \/>\nCalda para embeber o Sfej<br \/>\n1 x\u00edcara de a\u00e7ucar 1 x\u00edcara de \u00e1gua 1 colher de sopa de suco de lim\u00e3o Preparo: leve os ingredientes ao fogo, ferva at\u00e9 atingir o ponto de uma calda rala.<\/div>\n<div class=\"_5pbx userContent _22jv _3576\">Latkes de batata<br \/>\n1 kg de batata asterix ralada e espremida para tirar o excesso de liquido<br \/>\n2 cebolas raladas<br \/>\nsal pimenta do reino a gosto<br \/>\n2 ovos<br \/>\n1\/2 x\u00edcara de farinha de matsa ou de rosca<br \/>\n\u00f3leo abundante para fritar<br \/>\nPreparo: em uma tigela adicione as batatas raladas e espremidas. Adicione os demais ingredientes e misture bem. A massa n\u00e3o deve ficar nem muito mole e nem muito dura, deve ter a consist\u00eancia de um bolinho de chuva, se necess\u00e1rio adicione ovos ou farinha de matsa. Em uma frigideira, aque\u00e7a o \u00f3leo, adicione a massa de latkes as colheradas para fritar. Frite at\u00e9 ficar bem dourado. Escorra bem para retirar o excesso de \u00f3leo. Sirva quente.<\/div>\n<div class=\"_3x-2\">\u2615\u2615\u2615\u2615\u2615\u2615\u2615\u2615\u2615\u2615\u2615\u2615\u2615\u2615\u2615\u2615\u2615\u2615\u2615\u2615\u2615\u2615\u2615\u2615\u2615\u2615\u2615\u2615\u2615\u2615\u2615\u2615<\/div>\n<div><\/div>\n<\/div>\n<\/div>\n<\/div>\n<\/div>\n<\/div>\n<\/div>\n<\/div>\n<\/div>\n<\/div>\n<\/div>\n<\/div>\n<\/div>\n<p>&nbsp;<\/p>\n<p><strong>*Lista de Produtos Kasher<\/strong><\/p>\n<p><a href=\"http:\/\/bdk.com.br\">Lista BDK &#8211; Acesse aqui<\/a><\/p>\n<p><a href=\"http:\/\/www.bka.com.br\/\">Lista BKA &#8211; Acesse aqui<\/a><\/p>\n","protected":false},"excerpt":{"rendered":"<p>&nbsp; Sonho de Hanuk\u00e1 &nbsp; Por Rifka Haia Eitan \u2013 Rifka Haia Eitan INGREDIENTES Consulte a lista kosher no final desta p\u00e1gina. Massa 400 g de farinha de trigo 4 colheres de sopa de a\u00e7\u00facar 10g de&hellip;<\/p>\n","protected":false},"author":4,"featured_media":8498,"parent":0,"menu_order":0,"comment_status":"closed","ping_status":"closed","template":"","meta":{"give_campaign_id":0,"footnotes":""},"class_list":["post-7641","page","type-page","status-publish","has-post-thumbnail","hentry"],"campaignId":"","_hostinger_reach_plugin_has_subscription_block":false,"_hostinger_reach_plugin_is_elementor":false,"_links":{"self":[{"href":"https:\/\/rabinogloiber.org\/index.php?rest_route=\/wp\/v2\/pages\/7641","targetHints":{"allow":["GET"]}}],"collection":[{"href":"https:\/\/rabinogloiber.org\/index.php?rest_route=\/wp\/v2\/pages"}],"about":[{"href":"https:\/\/rabinogloiber.org\/index.php?rest_route=\/wp\/v2\/types\/page"}],"author":[{"embeddable":true,"href":"https:\/\/rabinogloiber.org\/index.php?rest_route=\/wp\/v2\/users\/4"}],"replies":[{"embeddable":true,"href":"https:\/\/rabinogloiber.org\/index.php?rest_route=%2Fwp%2Fv2%2Fcomments&post=7641"}],"version-history":[{"count":10,"href":"https:\/\/rabinogloiber.org\/index.php?rest_route=\/wp\/v2\/pages\/7641\/revisions"}],"predecessor-version":[{"id":13775,"href":"https:\/\/rabinogloiber.org\/index.php?rest_route=\/wp\/v2\/pages\/7641\/revisions\/13775"}],"wp:featuredmedia":[{"embeddable":true,"href":"https:\/\/rabinogloiber.org\/index.php?rest_route=\/"}],"wp:attachment":[{"href":"https:\/\/rabinogloiber.org\/index.php?rest_route=%2Fwp%2Fv2%2Fmedia&parent=7641"}],"curies":[{"name":"wp","href":"https:\/\/api.w.org\/{rel}","templated":true}]}}