{"id":7643,"date":"2018-03-18T10:30:15","date_gmt":"2018-03-18T13:30:15","guid":{"rendered":"http:\/\/ongtora.com\/?page_id=7643"},"modified":"2018-03-18T10:30:15","modified_gmt":"2018-03-18T13:30:15","slug":"receitas-de-purim","status":"publish","type":"page","link":"https:\/\/rabinogloiber.org\/?page_id=7643","title":{"rendered":"Receitas de Purim"},"content":{"rendered":"<p><b>RECEITA PARA PURIM \u2013\u00a0\u00a0Por Yossef Riber\u00a0<\/b><\/p>\n<div class=\"_h8t\">\n<div class=\"_5wd9 direction_ltr\">\n<div class=\"_5wde _n4o\">\n<div class=\"_5w1r _3_om _5wdf\">\n<div class=\"_4gx_\">\n<div class=\"_d97\"><span class=\"_5yl5\">Osnei Haman<\/span><\/div>\n<div>Ingredientes<\/div>\n<div class=\"_d97\"><span class=\"_5yl5\">1\/2 kg farinha<\/span><\/div>\n<div class=\"_d97\"><span class=\"_5yl5\">1\/2 x\u00edcara de ch\u00e1 de a\u00e7\u00facar<\/span><\/div>\n<div class=\"_d97\"><span class=\"_5yl5\">1 pitada de sal<\/span><\/div>\n<div class=\"_d97\"><span class=\"_5yl5\">150 ml de \u00f3leo<\/span><\/div>\n<div class=\"_d97\"><span class=\"_5yl5\">4 gemas<\/span><\/div>\n<div class=\"_d97\"><span class=\"_5yl5\">1 x\u00edcara de suco de laranja<\/span><\/div>\n<div class=\"_d97\"><span class=\"_5yl5\">1\/2 colher de sopa de fermento em p\u00f3<\/span><\/div>\n<div class=\"_d97\"><span class=\"_5yl5\">Raspas de laranja e lim\u00e3o<\/span><\/div>\n<div class=\"_d97\"><span class=\"_5yl5\">Preparo:<\/span><\/div>\n<div class=\"_d97\"><span class=\"_5yl5\">bata em creme as gemas, o a\u00e7\u00facar, sal e o \u00f3leo. Fa\u00e7a um creme. Adicione a farinha peneirada com o fermento alternando com o suco. Trabalhe a massa delicadamente. N\u00e3o deve ser sovada. Deixe descansar por uma hora. Abra com um rolo de massa entre dois pl\u00e1sticos, pois assim n\u00e3o \u00e9 necess\u00e1rio engatinhar muito. A espessura deve ser de 1\/2 cm. Corte no di\u00e2metro desejado, com cortadores espec\u00edficos ou boca de copo. Recheie com o recheio de sua prefer\u00eancia. Dobre as pontas como uma esfiha, em forma triangular. Asse em aquecido 200\u00b0 C at\u00e9 que doure levemente. Op\u00e7\u00f5es de recheio . Geleias . Goiabada amolecida com vinho ou cacha\u00e7a . Uvas pretas sem semente, picadas e ado\u00e7adas a gosto<\/span><\/div>\n<div><\/div>\n<div>\u2615\u2615\u2615\u2615\u2615\u2615\u2615\u2615\u2615\u2615\u2615\u2615\u2615\u2615\u2615\u2615\u2615\u2615\u2615\u2615\u2615\u2615\u2615\u2615\u2615\u2615\u2615\u2615\u2615\u2615\u2615\u2615<\/div>\n<div><\/div>\n<div><img loading=\"lazy\" decoding=\"async\" class=\"alignnone size-medium wp-image-9079\" src=\"https:\/\/rabinogloiber.org\/wp-content\/uploads\/2019\/02\/1900119_1445701595665667_1700984237_n-300x225.jpg\" alt=\"\" width=\"300\" height=\"225\" \/><\/div>\n<div><b>RECEITAS PARA PURIM \u2013\u00a0Por B\u00e1tya Odessa<\/b><br \/>\n<b>Oznei Haman para Purim<\/b><br \/>\nIngredientes:<br \/>\n1 x\u00edcara de \u00f3leo<br \/>\n2 ovos inteiros<br \/>\n1 1\/2 x\u00edcara de a\u00e7ucar<br \/>\n1 colher de fermento em p\u00f3<br \/>\n3 x\u00edcaras de farinha de trigo<br \/>\nRaspas de meio lim\u00e3o<span class=\"text_exposed_show\"><br \/>\nRecheio:<br \/>\nGel\u00e9ia de sua preferencia<\/span><br \/>\nModo de Preparo:<br \/>\n*(Primeiramente peneire a farinha de trigo em peneira bem fina , para verificar se h\u00e1 presen\u00e7a de vermes)*( Verifique os ovos um a um, para ver se h\u00e1 presen\u00e7a de sangue, caso haja descarte o ovo) Lim\u00e3o( *Observe se na casca h\u00e1 mancha preta ou marrom, que s\u00e3o sinal de infesta\u00e7\u00e3o; Estas s\u00e3o redondas ou em forma de v\u00edrgula e saem facilmente com a unha ou com a ponta de uma faca.As manchas pretas e marrons que n\u00e3o se desgrudam s\u00e3o defeitos naturais do Lim\u00e3o. Lave muito bem a casca do lim\u00e3o antes de corta-lo e utiliza-lo.)<br \/>\nMisture todos os ingredientes da massa at\u00e9 que ela fique bem macia (acrescentar mais farinha, se achar necess\u00e1rio). Abra com um rolo numa superf\u00edcie enfarinhada. Corte c\u00edrculos com a ajuda de um copo grande, recheie e feche em tr\u00eas pontas, formando um tri\u00e2ngulo. Pincele os tri\u00e2ngulos com\u00a0uma mistura de \u00f3leo, gemas. Asse em temperatura moderada at\u00e9 dourar. Polvilhe com a\u00e7\u00facar de confeiteiro .<br \/>\nSite para lista de produtos Kasker<\/div>\n<\/div>\n<div><a href=\"http:\/\/bdk.com.br\/\">http:\/\/bdk.com.br\/<\/a><\/div>\n<div><a href=\"http:\/\/www.bka.com.br\/\">http:\/\/www.bka.com.br\/<\/a><\/div>\n<\/div>\n<div>\n<p class=\"wpcf7-contact-form-not-found\"><strong>Erro:<\/strong> Formul\u00e1rio de contato n\u00e3o encontrado.<\/p>\n<\/div>\n<\/div>\n<\/div>\n<\/div>\n","protected":false},"excerpt":{"rendered":"<p>RECEITA PARA PURIM \u2013\u00a0\u00a0Por Yossef Riber\u00a0 Osnei Haman Ingredientes 1\/2 kg farinha 1\/2 x\u00edcara de ch\u00e1 de a\u00e7\u00facar 1 pitada de sal 150 ml de \u00f3leo 4 gemas 1 x\u00edcara de suco de laranja 1\/2 colher de&hellip;<\/p>\n","protected":false},"author":4,"featured_media":8662,"parent":0,"menu_order":0,"comment_status":"closed","ping_status":"closed","template":"","meta":{"give_campaign_id":0,"footnotes":""},"class_list":["post-7643","page","type-page","status-publish","has-post-thumbnail","hentry"],"campaignId":"","_hostinger_reach_plugin_has_subscription_block":false,"_hostinger_reach_plugin_is_elementor":false,"_links":{"self":[{"href":"https:\/\/rabinogloiber.org\/index.php?rest_route=\/wp\/v2\/pages\/7643","targetHints":{"allow":["GET"]}}],"collection":[{"href":"https:\/\/rabinogloiber.org\/index.php?rest_route=\/wp\/v2\/pages"}],"about":[{"href":"https:\/\/rabinogloiber.org\/index.php?rest_route=\/wp\/v2\/types\/page"}],"author":[{"embeddable":true,"href":"https:\/\/rabinogloiber.org\/index.php?rest_route=\/wp\/v2\/users\/4"}],"replies":[{"embeddable":true,"href":"https:\/\/rabinogloiber.org\/index.php?rest_route=%2Fwp%2Fv2%2Fcomments&post=7643"}],"version-history":[{"count":0,"href":"https:\/\/rabinogloiber.org\/index.php?rest_route=\/wp\/v2\/pages\/7643\/revisions"}],"wp:featuredmedia":[{"embeddable":true,"href":"https:\/\/rabinogloiber.org\/index.php?rest_route=\/"}],"wp:attachment":[{"href":"https:\/\/rabinogloiber.org\/index.php?rest_route=%2Fwp%2Fv2%2Fmedia&parent=7643"}],"curies":[{"name":"wp","href":"https:\/\/api.w.org\/{rel}","templated":true}]}}