{"id":7667,"date":"2018-03-19T07:15:48","date_gmt":"2018-03-19T10:15:48","guid":{"rendered":"http:\/\/ongtora.com\/?page_id=7667"},"modified":"2021-10-20T10:50:49","modified_gmt":"2021-10-20T10:50:49","slug":"receitas-para-tu-beshevat","status":"publish","type":"page","link":"https:\/\/rabinogloiber.org\/?page_id=7667","title":{"rendered":"Receitas  para Tu Be&#8217;Shevat"},"content":{"rendered":"<p><img loading=\"lazy\" decoding=\"async\" class=\"alignnone size-medium wp-image-13715\" src=\"https:\/\/rabinogloiber.org\/wp-content\/uploads\/2021\/10\/Tu-Bishvat-plato-del-Seder3-300x254.jpg\" alt=\"\" width=\"300\" height=\"254\" srcset=\"https:\/\/rabinogloiber.org\/wp-content\/uploads\/2021\/10\/Tu-Bishvat-plato-del-Seder3-300x254.jpg 300w, https:\/\/rabinogloiber.org\/wp-content\/uploads\/2021\/10\/Tu-Bishvat-plato-del-Seder3-370x313.jpg 370w, https:\/\/rabinogloiber.org\/wp-content\/uploads\/2021\/10\/Tu-Bishvat-plato-del-Seder3.jpg 750w\" sizes=\"auto, (max-width: 300px) 100vw, 300px\" \/><\/p>\n<p><b>Bolo Para Tu Be\u00b4Shevat<\/b><\/p>\n<p>Ingredientes:<br \/>\n2 x\u00edcara (ch\u00e1) de farinha de trigo<br \/>\n1\/2 x\u00edcara (ch\u00e1) de aveia<br \/>\n1 x\u00edcara (ch\u00e1) de a\u00e7\u00facar mascavo<br \/>\n1\/2 x\u00edcara (ch\u00e1) de a\u00e7\u00facar<br \/>\n1 colher (sopa) de fermento em p\u00f3<br \/>\n\u00bd colher sopa de canela em p\u00f3<br \/>\n2 p\u00earas<br \/>\n<span class=\"text_exposed_show\">3 ovos<br \/>\n\u00be de x\u00edcara de \u00f3leo<br \/>\n10 t\u00e2maras sem caro\u00e7o picadas<br \/>\n1\/2 x\u00edcara de nozes picadas<\/span><br \/>\nModo de Preparo:<br \/>\n*(Primeiramente peneire a farinha de trigo em peneira bem fina , para verificar se h\u00e1 presen\u00e7a de vermes)*( Verifique os ovos um a um, para ver se h\u00e1 presen\u00e7a de sangue, caso haja descarte o ovo) *(Peneire o a\u00e7ucar )T\u00e2maras \u2013 *( devem ser abertas ao meio e verificadas contra a luz) Nozes \u2013 *( Se houver muitos fragmentos esfarelados, se a noz estiver corro\u00edda, ou se tiver p\u00f3 ou teias de<br \/>\ninsetos n\u00e3o utilizar.) Pera- *(Deve corta-las ao meio para ver se h\u00e1 presen\u00e7a de verme)<br \/>\nMisture as farinhas, a\u00e7\u00facar, ovos, canela, \u00f3leo, e 1 pera picada. Bata no liquidificador.<br \/>\nAcrescente \u00e0 mistura o fermento, a t\u00e2mara, a outra pera picada e as nozes picadas . Coloque em uma forma untada e leve ao forno pre aquecido a 220 graus.Asse at\u00e9 que e esteja dourado.<\/p>\n<p><b>Arroz para Tu Be\u00b4Shevat<\/b><\/p>\n<p><span class=\"text_exposed_show\">Ingredientes:<br \/>\n1 cebola m\u00e9dia<br \/>\n3 colheres (sopa) de azeite<br \/>\n2 x\u00edcaras (ch\u00e1) de arroz<br \/>\n5 x\u00edcaras (ch\u00e1) de \u00e1gua<br \/>\n1 colher ( sobremesa) de alho em pasta<br \/>\nsal a gosto<br \/>\ncanela em p\u00f3 1\/2 colher (caf\u00e9)<br \/>\n100 g de t\u00e2maras picadas<br \/>\n50 g de nozes picadas<br \/>\n50 g de am\u00eandoas picadas<\/span><br \/>\nModo de Preparo:<br \/>\nPrimeiramente, Arroz:<br \/>\n*(Verifique o Arroz em um pano branco ou prato branco, procure por tra\u00e7as brancas ou pequenos insetos de cor preta.<br \/>\nManchas escuras no gr\u00e3o de Arroz n\u00e3o s\u00e3o sinais de infesta\u00e7\u00e3o. (* Se depois de preparado for encontrado pelo menos 3 vermes, o Arroz deve ser descartado) Cebolas -*( devem ter sido verificadas, retirando a primeira camada e as pontas, caso a cebola esteja com a casca mole ou com folhas verdes saindo de dentro dela, deve-se verificar todas as camadas contra luz, para ver se h\u00e1 alguma presen\u00e7a de verme)T\u00e2maras \u2013 *( devem ser abertas ao meio e verificadas contra a luz) Nozes \u2013 *( Se houver muitos fragmentos esfarelados, se a noz estiver corro\u00edda, ou houver p\u00f3 ou teias de insetos n\u00e3o utilizar.) Am\u00eandoa \u2013 *(verificar todas por fora, se houver p\u00f3 ou teia de inseto n\u00e3o utilizar)<br \/>\nEm uma panela refogar o alho e a cebola com o azeite.<br \/>\n\u2013 Juntar o arroz, a \u00e1gua, o tempero para arroz, o sal e a canela.<br \/>\n\u2013 Cozinhar em fogo brando at\u00e9 o arroz ficar macio.<br \/>\n\u2013 Acrescente as t\u00e2maras picadas , as nozes picadas e as am\u00eandoas picadas, misture ao arroz.<br \/>\n\u2013 Deixar alguns minutos para tomar gosto e sirva.<\/p>\n","protected":false},"excerpt":{"rendered":"<p>Bolo Para Tu Be\u00b4Shevat Ingredientes: 2 x\u00edcara (ch\u00e1) de farinha de trigo 1\/2 x\u00edcara (ch\u00e1) de aveia 1 x\u00edcara (ch\u00e1) de a\u00e7\u00facar mascavo 1\/2 x\u00edcara (ch\u00e1) de a\u00e7\u00facar 1 colher (sopa) de fermento em p\u00f3 \u00bd colher&hellip;<\/p>\n","protected":false},"author":4,"featured_media":7673,"parent":0,"menu_order":0,"comment_status":"closed","ping_status":"closed","template":"","meta":{"give_campaign_id":0,"footnotes":""},"class_list":["post-7667","page","type-page","status-publish","has-post-thumbnail","hentry"],"campaignId":"","_hostinger_reach_plugin_has_subscription_block":false,"_hostinger_reach_plugin_is_elementor":false,"_links":{"self":[{"href":"https:\/\/rabinogloiber.org\/index.php?rest_route=\/wp\/v2\/pages\/7667","targetHints":{"allow":["GET"]}}],"collection":[{"href":"https:\/\/rabinogloiber.org\/index.php?rest_route=\/wp\/v2\/pages"}],"about":[{"href":"https:\/\/rabinogloiber.org\/index.php?rest_route=\/wp\/v2\/types\/page"}],"author":[{"embeddable":true,"href":"https:\/\/rabinogloiber.org\/index.php?rest_route=\/wp\/v2\/users\/4"}],"replies":[{"embeddable":true,"href":"https:\/\/rabinogloiber.org\/index.php?rest_route=%2Fwp%2Fv2%2Fcomments&post=7667"}],"version-history":[{"count":2,"href":"https:\/\/rabinogloiber.org\/index.php?rest_route=\/wp\/v2\/pages\/7667\/revisions"}],"predecessor-version":[{"id":13716,"href":"https:\/\/rabinogloiber.org\/index.php?rest_route=\/wp\/v2\/pages\/7667\/revisions\/13716"}],"wp:featuredmedia":[{"embeddable":true,"href":"https:\/\/rabinogloiber.org\/index.php?rest_route=\/"}],"wp:attachment":[{"href":"https:\/\/rabinogloiber.org\/index.php?rest_route=%2Fwp%2Fv2%2Fmedia&parent=7667"}],"curies":[{"name":"wp","href":"https:\/\/api.w.org\/{rel}","templated":true}]}}