{"id":956,"date":"2014-07-23T14:55:06","date_gmt":"2014-07-23T14:55:06","guid":{"rendered":"http:\/\/ongtora.wordpress.com\/?page_id=956"},"modified":"2024-01-08T11:58:23","modified_gmt":"2024-01-08T11:58:23","slug":"nossos_links","status":"publish","type":"page","link":"https:\/\/rabinogloiber.org\/?page_id=956","title":{"rendered":"Nossos Links    Linklist"},"content":{"rendered":"<div class=\"cxmmr5t8 oygrvhab hcukyx3x c1et5uql o9v6fnle ii04i59q\">\n<h6><big><img loading=\"lazy\" decoding=\"async\" class=\"alignnone size-medium wp-image-15453 aligncenter\" src=\"https:\/\/rabinogloiber.org\/wp-content\/uploads\/2022\/05\/links-uteis-300x273.jpg\" alt=\"\" width=\"300\" height=\"273\" srcset=\"https:\/\/rabinogloiber.org\/wp-content\/uploads\/2022\/05\/links-uteis-300x273.jpg 300w, https:\/\/rabinogloiber.org\/wp-content\/uploads\/2022\/05\/links-uteis-370x337.jpg 370w, https:\/\/rabinogloiber.org\/wp-content\/uploads\/2022\/05\/links-uteis.jpg 432w\" sizes=\"auto, (max-width: 300px) 100vw, 300px\" \/><\/big><\/h6>\n<h6 style=\"text-align: center;\"><big><strong>Acesse aos\u00a0 nossos Links e tenha acesso a conte\u00fados de Tor\u00e1 do Rabino Gloiber\u00a0<\/strong><\/big><\/h6>\n<h6 style=\"text-align: center;\"><big><strong>Rabino Gloiber Levando \u00e0 Tor\u00e1 at\u00e9 voc\u00ea !<\/strong><\/big><\/h6>\n<p style=\"text-align: center;\">\ud83c\udf3b\ud83c\udf3b\ud83c\udf3b<\/p>\n<p style=\"text-align: center;\"><strong><span style=\"color: #ff0000;\">Clique em qualquer link \ud83d\udd17 abaixo e voc\u00ea ser\u00e1 redirecionado para o link que clicou<\/span><span style=\"color: #1d1d1d;\">\u00a0<\/span><\/strong><\/p>\n<\/div>\n<div dir=\"auto\">\n<div class=\"cxmmr5t8 oygrvhab hcukyx3x c1et5uql o9v6fnle ii04i59q\">\n<div dir=\"auto\">\n<div id=\"jsc_c_77\" class=\"ecm0bbzt hv4rvrfc ihqw7lf3 dati1w0a\" style=\"text-align: center;\" data-ad-comet-preview=\"message\" data-ad-preview=\"message\">\n<div class=\"j83agx80 cbu4d94t ew0dbk1b irj2b8pg\">\n<div class=\"qzhwtbm6 knvmm38d\">\n<div class=\"kvgmc6g5 cxmmr5t8 oygrvhab hcukyx3x c1et5uql ii04i59q\">\n<h6 dir=\"auto\"><span style=\"color: #0000ff;\"><strong><a style=\"color: #0000ff;\" href=\"https:\/\/www.youtube.com\/c\/Gloiber18?fbclid=IwAR1GNutKw1_4owHOpeO9ElUZtqqRMMm-Agp31bck-Rin59bDUJWXnXbWjtg\"><big>YOUTUBE<\/big><\/a><\/strong><\/span><\/h6>\n<\/div>\n<div class=\"cxmmr5t8 oygrvhab hcukyx3x c1et5uql o9v6fnle ii04i59q\">\n<div dir=\"auto\" style=\"text-align: center;\">\n<p>\ud83c\udf3b\ud83c\udf3b\ud83c\udf3b<\/p>\n<\/div>\n<\/div>\n<\/div>\n<div class=\"qzhwtbm6 knvmm38d\">\n<div class=\"cxmmr5t8 oygrvhab hcukyx3x c1et5uql o9v6fnle ii04i59q\"><span style=\"color: #3366ff;\"><strong><a style=\"color: #3366ff;\" href=\"https:\/\/tiktok.com\/@rabinogloiber?fbclid=IwAR09l5lQDicQnLmavhyatlcJebM3378QKf0FKrsT1w323bXRypTuT3-Lm8U\"><big>TikTOK<\/big><\/a><\/strong><\/span><\/div>\n<\/div>\n<\/div>\n<div class=\"j83agx80 cbu4d94t ew0dbk1b irj2b8pg\">\n<div class=\"qzhwtbm6 knvmm38d\">\n<div dir=\"auto\"><\/div>\n<div dir=\"auto\" style=\"text-align: center;\">\n<p>\ud83c\udf3b\ud83c\udf3b\ud83c\udf3b<\/p>\n<\/div>\n<div dir=\"auto\"><big><strong><a href=\"https:\/\/www.podbean.com\/pa\/pbblog-9pwdr-cba3d7\"><span style=\"color: #0000ff;\">PODCAST<\/span><\/a>\u00a0<\/strong><\/big><\/div>\n<div dir=\"auto\"><\/div>\n<div class=\"cxmmr5t8 oygrvhab hcukyx3x c1et5uql o9v6fnle ii04i59q\">\n<div dir=\"auto\" style=\"text-align: center;\">\n<p>\ud83c\udf3b\ud83c\udf3b\ud83c\udf3b<\/p>\n<\/div>\n<div dir=\"auto\"><a href=\"https:\/\/kwai-video.com\/u\/@RabinoGloiber\/bXVpYBCX\"><span style=\"color: #1d1d1d;\"><span style=\"font-size: 17.5px;\"><b><span style=\"color: #0000ff;\">KWAi<\/span><\/b><\/span><\/span><\/a><b><\/b><\/div>\n<\/div>\n<\/div>\n<\/div>\n<div class=\"j83agx80 cbu4d94t ew0dbk1b irj2b8pg\">\n<div class=\"qzhwtbm6 knvmm38d\">\n<div dir=\"auto\"><\/div>\n<div class=\"cxmmr5t8 oygrvhab hcukyx3x c1et5uql o9v6fnle ii04i59q\">\n<div dir=\"auto\">\n<p>\ud83c\udf3b\ud83c\udf3b\ufffd<\/p>\n<p><a style=\"color: #0000ff;\" href=\"https:\/\/instagram.com\/editora_oneg_tora?igshid=ZDdkNTZiNTM=\"><big><strong><span style=\"color: #0000ff;\">Instagram<\/span><\/strong><\/big><\/a><\/p>\n<\/div>\n<\/div>\n<div class=\"cxmmr5t8 oygrvhab hcukyx3x c1et5uql o9v6fnle ii04i59q\">\n<div dir=\"auto\" style=\"text-align: center;\">\n<p>&nbsp;<\/p>\n<\/div>\n<div dir=\"auto\">\ud83c\udf3b\ud83c\udf3b\ud83c\udf3b<\/div>\n<\/div>\n<div class=\"cxmmr5t8 oygrvhab hcukyx3x c1et5uql o9v6fnle ii04i59q\">\n<div dir=\"auto\"><a href=\"https:\/\/www.facebook.com\/RabinoGloiber\/?__cft__[0]=AZWFzLN1cDPEazAOPo-bNixdRUZ-usWN_JQWbYIJeQPvSpDFtCcesBI1s3JU9QfSc4NkNp9-sjki3vPkU82uSUUZv9GpEk1pqxVZMV2JzvKshGDsJCJqdMLZPnP-49xlWcc&amp;__tn__=kK-R\"><big><strong><span style=\"color: #0000ff;\">FACEBOOK<\/span><\/strong><\/big><\/a><\/div>\n<div dir=\"auto\"><\/div>\n<\/div>\n<div class=\"cxmmr5t8 oygrvhab hcukyx3x c1et5uql o9v6fnle ii04i59q\">\n<div dir=\"auto\"><\/div>\n<\/div>\n<div class=\"cxmmr5t8 oygrvhab hcukyx3x c1et5uql o9v6fnle ii04i59q\">\n<div dir=\"auto\" style=\"text-align: center;\">\n<p>\ud83c\udf3b\ud83c\udf3b\ud83c\udf3b<\/p>\n<\/div>\n<div dir=\"auto\"><big><strong>NOSSO SITE:<\/strong><\/big><\/div>\n<div dir=\"auto\"><big><span style=\"color: #0000ff;\"><strong><a class=\"oajrlxb2 g5ia77u1 qu0x051f esr5mh6w e9989ue4 r7d6kgcz rq0escxv nhd2j8a9 nc684nl6 p7hjln8o kvgmc6g5 cxmmr5t8 oygrvhab hcukyx3x jb3vyjys rz4wbd8a qt6c0cv9 a8nywdso i1ao9s8h esuyzwwr f1sip0of lzcic4wl gpro0wi8 py34i1dx\" style=\"color: #0000ff;\" tabindex=\"0\" role=\"link\" href=\"https:\/\/rabinogloiber.org\/?fbclid=IwAR0OJX4_7KZ7FnD1pFFMz7iStGl1iIMz0b57F5uFp5wa-JpeeF14cIHpw28\" target=\"_blank\" rel=\"nofollow noopener\">https:\/\/rabinogloiber.org\/<\/a><\/strong><\/span><\/big><\/div>\n<div dir=\"auto\"><\/div>\n<\/div>\n<div class=\"cxmmr5t8 oygrvhab hcukyx3x c1et5uql o9v6fnle ii04i59q\">\n<div dir=\"auto\" style=\"text-align: center;\">\n<p>\ud83c\udf3b\ud83c\udf3b\ud83c\udf3b<\/p>\n<div id=\"jsc_c_77\" class=\"ecm0bbzt hv4rvrfc ihqw7lf3 dati1w0a\" data-ad-comet-preview=\"message\" data-ad-preview=\"message\">\n<div class=\"j83agx80 cbu4d94t ew0dbk1b irj2b8pg\">\n<div dir=\"auto\"><a href=\"https:\/\/www.linkedin.com\/in\/rabino-avraham-eitan-gloiber-4b400532\"><strong><span style=\"color: #0000ff;\">LINKEDIN<\/span><\/strong><\/a><\/div>\n<div dir=\"auto\"><\/div>\n<div dir=\"auto\">\ud83c\udf3b\ud83c\udf3b\ud83c\udf3b<\/div>\n<\/div>\n<\/div>\n<h5><span style=\"color: #ff00ff;\">Para mais informa\u00e7\u00f5es sobre os nossos cursos e o nosso grupo de WhatsApp entre em contato com a nossa diretora Rifka Haia pelo whatsapp n\u00famero 11 98803-8893\u00a0<\/span><\/h5>\n<p><img loading=\"lazy\" decoding=\"async\" class=\"alignnone size-medium wp-image-15203\" src=\"https:\/\/rabinogloiber.org\/wp-content\/uploads\/2022\/04\/2022-04-13-08-05-42-922-300x225.jpg\" alt=\"\" width=\"300\" height=\"225\" srcset=\"https:\/\/rabinogloiber.org\/wp-content\/uploads\/2022\/04\/2022-04-13-08-05-42-922-300x225.jpg 300w, https:\/\/rabinogloiber.org\/wp-content\/uploads\/2022\/04\/2022-04-13-08-05-42-922.jpg 320w\" sizes=\"auto, (max-width: 300px) 100vw, 300px\" \/><\/p>\n<p><strong>\ud83c\udf3b\ud83c\udf3b<\/strong>\ud83c\udf3b<\/p>\n<p><strong>As dificuldades desse mundo dependem muito de como nos relacionamos \u00e0 elas !<\/strong><\/p>\n<p style=\"text-align: left;\"><span style=\"font-weight: 400;\">As dificuldades desse mundo dependem muito de como nos relacionamos \u00e0 elas !<\/span><\/p>\n<p style=\"text-align: left;\"><span style=\"font-weight: 400;\">A Guemar\u00e1 nos conta que Raban Gamaliel, Rabi Elazar bem Az\u00e1ria, Rabi Yehoshua e Rabi Akiva estavam a muitos quil\u00f4metros de dist\u00e2ncia de Roma e j\u00e1 conseguiam ouvir o barulho das festas que eram festejadas diariamente na cidade.<\/span><\/p>\n<p style=\"text-align: left;\"><span style=\"font-weight: 400;\">Raban Gamaliel, Rabi Elazar bem Az\u00e1ria, Rabi Yehoshua come\u00e7aram a chorar e Rabi Akiva come\u00e7ou a rir.<\/span><\/p>\n<p style=\"text-align: left;\"><span style=\"font-weight: 400;\">Perguntaram para Rabi Akiva, porque voc\u00ea est\u00e1 rindo?<\/span><\/p>\n<p style=\"text-align: left;\"><span style=\"font-weight: 400;\">E voc\u00eas, porque voc\u00eas est\u00e3o chorando? Respondeu ele!<\/span><\/p>\n<p style=\"text-align: left;\"><span style=\"font-weight: 400;\">Disseram eles:<\/span><\/p>\n<p style=\"text-align: left;\"><span style=\"font-weight: 400;\">Esses romanos que se ajoelham na frente das est\u00e1tuas e trazem incensos para elas est\u00e3o vivendo uma vida t\u00e3o segura e tranquila, e n\u00f3s, nosso Beit Hamikdash foi queimado pelo fogo e n\u00e3o choraremos?<\/span><\/p>\n<p style=\"text-align: left;\"><span style=\"font-weight: 400;\">Por isso que eu estou rindo, respondeu Rabi Akiva. Se at\u00e9 os que est\u00e3o transgredindo a vontade Divina est\u00e3o tendo uma vida assim, quanto mais n\u00f3s (na Gueul\u00e1)!<\/span><\/p>\n<p style=\"text-align: left;\"><span style=\"font-weight: 400;\">E em outra ocasi\u00e3o os S\u00e1bios estavam indo para Yerushal\u00e1im.<\/span><\/p>\n<p style=\"text-align: left;\"><span style=\"font-weight: 400;\">Quando chegaram no Har Hatzofim rasgaram suas roupas, quando chegaram no Monte do Templo viram uma raposa saindo do lugar aonde era o Kodesh Hakodashim, a parte mais sagrada do Beit Hamikdash.\u00a0<\/span><\/p>\n<p style=\"text-align: left;\"><span style=\"font-weight: 400;\">Eles come\u00e7aram a chorar e Rabi Akiva come\u00e7ou a rir.<\/span><\/p>\n<p style=\"text-align: left;\"><span style=\"font-weight: 400;\">Perguntaram para Rabi Akiva, porque voc\u00ea est\u00e1 rindo?<\/span><\/p>\n<p style=\"text-align: left;\"><span style=\"font-weight: 400;\">Porque voc\u00eas est\u00e3o chorando? Perguntou Rabi Akiva<\/span><\/p>\n<p style=\"text-align: left;\"><span style=\"font-weight: 400;\">:- O lugar sobre o qual est\u00e1 escrito \u201ce o estranho que se aproximar morrer\u00e1\u201d agora est\u00e1 frequentado por raposas e n\u00f3s n\u00e3o choraremos? Responderam eles.<\/span><\/p>\n<p style=\"text-align: left;\"><span style=\"font-weight: 400;\">Por isso que eu estou rindo, respondeu Rabi Akiva, sendo que est\u00e1 escrito: (\u05d9\u05e9\u05e2\u05d9\u05d4\u05d5) \u201cv\u00e3o testemunhar para mim testemunhas confi\u00e1veis, Ori\u00e1 o Cohen e Zehari\u00e1 Bem Yevarhiahu\u201d.<\/span><\/p>\n<p style=\"text-align: left;\"><span style=\"font-weight: 400;\">E o que tem a ver Ori\u00e1 com Zehari\u00e1? Ori\u00e1 estava no primeiro Beit Hamikdash e Zehari\u00e1 no segundo Beit Hamikdash!<\/span><\/p>\n<p style=\"text-align: left;\"><span style=\"font-weight: 400;\">Mas a escritura nos mostra que a profecia de Zehari\u00e1 depende da profecia de Ori\u00e1.<\/span><\/p>\n<p style=\"text-align: left;\"><span style=\"font-weight: 400;\">A profecia de Ori\u00e1 fala sobre a destrui\u00e7\u00e3o do Beit Hamikdash e a profecia de Zehari\u00e1 fala sobre a Gueul\u00e1, a reden\u00e7\u00e3o final.<\/span><\/p>\n<p style=\"text-align: left;\"><span style=\"font-weight: 400;\">Enquanto a profecia de Ori\u00e1 n\u00e3o tinha acontecido, estava com medo de que a profecia de Zehari\u00e1 n\u00e3o acontecesse<\/span><\/p>\n<p style=\"text-align: left;\"><span style=\"font-weight: 400;\">Agora que a profecia de Ori\u00e1 aconteceu, sabemos que a profecia de Zehari\u00e1 vai acontecer tamb\u00e9m.<\/span><\/p>\n<p style=\"text-align: left;\"><span style=\"font-weight: 400;\">E nessa linguagem responderam os S\u00e1bios :- Akiva, voc\u00ea nos consolou, Akiva, voc\u00ea nos consolou !<\/span><\/p>\n<p style=\"text-align: left;\"><span style=\"font-weight: 400;\">Daqui vemos que, como diz o Rebe, as dificuldades desse mundo dependem muito de como nos relacionamos \u00e0 elas !<\/span><\/p>\n<p><img loading=\"lazy\" decoding=\"async\" class=\"alignnone size-medium wp-image-17299\" src=\"https:\/\/rabinogloiber.org\/wp-content\/uploads\/2023\/04\/IMG_20230411_162150_481-1-300x169.jpg\" alt=\"\" width=\"300\" height=\"169\" srcset=\"https:\/\/rabinogloiber.org\/wp-content\/uploads\/2023\/04\/IMG_20230411_162150_481-1-300x169.jpg 300w, https:\/\/rabinogloiber.org\/wp-content\/uploads\/2023\/04\/IMG_20230411_162150_481-1-1024x576.jpg 1024w, https:\/\/rabinogloiber.org\/wp-content\/uploads\/2023\/04\/IMG_20230411_162150_481-1-768x432.jpg 768w, https:\/\/rabinogloiber.org\/wp-content\/uploads\/2023\/04\/IMG_20230411_162150_481-1-370x208.jpg 370w, https:\/\/rabinogloiber.org\/wp-content\/uploads\/2023\/04\/IMG_20230411_162150_481-1-1170x658.jpg 1170w, https:\/\/rabinogloiber.org\/wp-content\/uploads\/2023\/04\/IMG_20230411_162150_481-1-840x474.jpg 840w, https:\/\/rabinogloiber.org\/wp-content\/uploads\/2023\/04\/IMG_20230411_162150_481-1-760x428.jpg 760w, https:\/\/rabinogloiber.org\/wp-content\/uploads\/2023\/04\/IMG_20230411_162150_481-1-270x152.jpg 270w, https:\/\/rabinogloiber.org\/wp-content\/uploads\/2023\/04\/IMG_20230411_162150_481-1.jpg 1280w\" sizes=\"auto, (max-width: 300px) 100vw, 300px\" \/><\/p>\n<p><strong>Nossa vida<\/strong><\/p>\n<p style=\"text-align: left;\">Imagine um surfista de renome internacional que pagou uma fortuna para fazer uma viagem \u00e0 ilha de Bali na Indon\u00e9sia e enfrentar as maiores ondas do mundo.<\/p>\n<p style=\"text-align: left;\">Chegando l\u00e1, quando ele v\u00ea o tamanho real daquelas ondas o primeiro pensamento dele \u00e9 sair correndo.<\/p>\n<p style=\"text-align: left;\">Mas n\u00e3o \u00e9 bonito depois de ter feito uma viagem t\u00e3o longa e t\u00e3o cara, sair correndo&#8230;.<\/p>\n<\/div>\n<p style=\"text-align: left;\">Ent\u00e3o ele tem um pensamento her\u00f3ico: lutar contra a onda e morrer lutando, e assim ele vai entrar na hist\u00f3ria! Mas vai entrar na hist\u00f3ria como algu\u00e9m que perdeu a viagem.<\/p>\n<\/div>\n<p style=\"text-align: left;\">Finalmente ele se conscientiza de que fez toda aquela viagem para se equilibrar dentro de cada onda, e quanto maior a onda maior o entusiasmo.<\/p>\n<p style=\"text-align: left;\">Isso \u00e9 a nossa vida! Descemos de um mundo altamente elevado para se equilibrar dentro dos problemas desse mundo e voltarmos para cima campe\u00f5es!<\/p>\n<\/div>\n<\/div>\n<\/div>\n<\/div>\n<\/div>\n<\/div>\n","protected":false},"excerpt":{"rendered":"<p>Acesse aos\u00a0 nossos Links e tenha acesso a conte\u00fados de Tor\u00e1 do Rabino Gloiber\u00a0 Rabino Gloiber Levando \u00e0 Tor\u00e1 at\u00e9 voc\u00ea ! \ud83c\udf3b\ud83c\udf3b\ud83c\udf3b Clique em qualquer link \ud83d\udd17 abaixo e voc\u00ea ser\u00e1 redirecionado para o link que&hellip;<\/p>\n","protected":false},"author":4,"featured_media":0,"parent":0,"menu_order":0,"comment_status":"open","ping_status":"open","template":"","meta":{"give_campaign_id":0,"footnotes":""},"class_list":["post-956","page","type-page","status-publish","hentry"],"campaignId":"","_hostinger_reach_plugin_has_subscription_block":false,"_hostinger_reach_plugin_is_elementor":false,"_links":{"self":[{"href":"https:\/\/rabinogloiber.org\/index.php?rest_route=\/wp\/v2\/pages\/956","targetHints":{"allow":["GET"]}}],"collection":[{"href":"https:\/\/rabinogloiber.org\/index.php?rest_route=\/wp\/v2\/pages"}],"about":[{"href":"https:\/\/rabinogloiber.org\/index.php?rest_route=\/wp\/v2\/types\/page"}],"author":[{"embeddable":true,"href":"https:\/\/rabinogloiber.org\/index.php?rest_route=\/wp\/v2\/users\/4"}],"replies":[{"embeddable":true,"href":"https:\/\/rabinogloiber.org\/index.php?rest_route=%2Fwp%2Fv2%2Fcomments&post=956"}],"version-history":[{"count":52,"href":"https:\/\/rabinogloiber.org\/index.php?rest_route=\/wp\/v2\/pages\/956\/revisions"}],"predecessor-version":[{"id":18970,"href":"https:\/\/rabinogloiber.org\/index.php?rest_route=\/wp\/v2\/pages\/956\/revisions\/18970"}],"wp:attachment":[{"href":"https:\/\/rabinogloiber.org\/index.php?rest_route=%2Fwp%2Fv2%2Fmedia&parent=956"}],"curies":[{"name":"wp","href":"https:\/\/api.w.org\/{rel}","templated":true}]}}